{"id":518,"date":"2026-02-08T16:02:26","date_gmt":"2026-02-08T15:02:26","guid":{"rendered":"https:\/\/revioboxsauna.pl\/?post_type=product&#038;p=518"},"modified":"2026-02-08T16:05:11","modified_gmt":"2026-02-08T15:05:11","slug":"kwadratowa-245x245-cm","status":"publish","type":"product","link":"https:\/\/revioboxsauna.pl\/?product=kwadratowa-245x245-cm","title":{"rendered":"KWADRATOWA 245\u00d7245 CM"},"content":{"rendered":"<div class=\"elementor-element elementor-element-10ea1db7 elementor-widget elementor-widget-wd_title\" data-id=\"10ea1db7\" data-element_type=\"widget\" data-widget_type=\"wd_title.default\">\n<div class=\"elementor-widget-container\">\n<div class=\"title-wrapper set-mb-s reset-last-child wd-title-color-primary wd-title-style-underlined wd-title-size-default text-center\">\n<div class=\"liner-continer\">\n<h4 class=\"woodmart-title-container title wd-fontsize-l\"><\/h4>\n<\/div>\n<\/div>\n<\/div>\n<\/div>\n<div class=\"elementor-element elementor-element-67cdab9c e-con-full e-flex e-con e-child\" data-id=\"67cdab9c\" data-element_type=\"container\" data-settings=\"{&quot;background_background&quot;:&quot;gradient&quot;}\">\n<div class=\"elementor-element elementor-element-5655fa16 e-con-full e-flex e-con e-child\" data-id=\"5655fa16\" data-element_type=\"container\">\n<div class=\"elementor-element elementor-element-6b4ebf78 elementor-widget elementor-widget-wd_text_block\" data-id=\"6b4ebf78\" data-element_type=\"widget\" data-widget_type=\"wd_text_block.default\">\n<div class=\"elementor-widget-container\">\n<div class=\"wd-text-block reset-last-child text-left color-scheme-dark\">\n<table class=\" alignleft\">\n<tbody>\n<tr>\n<td><strong><span dir=\"auto\">Wymiary wanny z hydromasa\u017cem \u2013 245 cm x 245 cm<\/span><\/strong><\/td>\n<\/tr>\n<tr>\n<td><strong><span dir=\"auto\">Przeznaczony dla 5 os\u00f3b<\/span><\/strong><\/td>\n<\/tr>\n<tr>\n<td><strong><span dir=\"auto\">Pojemno\u015b\u0107 wanny z hydromasa\u017cem 1700l \u2013 2100l<\/span><\/strong><\/td>\n<\/tr>\n<tr>\n<td><strong><span dir=\"auto\">Czas rozgrzewki 3h \u2013 4h<\/span><\/strong><\/td>\n<\/tr>\n<tr>\n<td><strong><span dir=\"auto\">G\u0142\u0119boko\u015b\u0107 \u2013 95 cm, wysoko\u015b\u0107 \u2013 105 cm<\/span><\/strong><\/td>\n<\/tr>\n<\/tbody>\n<\/table>\n<\/div>\n<\/div>\n<\/div>\n<\/div>\n<div class=\"elementor-element elementor-element-7c0c23ca e-con-full e-flex e-con e-child\" data-id=\"7c0c23ca\" data-element_type=\"container\">\n<div class=\"elementor-element elementor-element-6a0eefeb elementor-widget elementor-widget-wd_text_block\" data-id=\"6a0eefeb\" data-element_type=\"widget\" data-widget_type=\"wd_text_block.default\">\n<div class=\"elementor-widget-container\">\n<div class=\"wd-text-block reset-last-child text-left color-scheme-dark\">\n<table class=\" alignleft\">\n<tbody>\n<tr>\n<td><strong><span dir=\"auto\">Impregnowana i malowana podstawa drewniana<\/span><\/strong><\/td>\n<\/tr>\n<tr>\n<td><strong><span dir=\"auto\">Wysokiej jako\u015bci akrylowa wk\u0142adka do wanny z hydromasa\u017cem<\/span><\/strong><\/td>\n<\/tr>\n<tr>\n<td><strong><span dir=\"auto\">4 pozycje siedz\u0105ce i 1 pozycja le\u017c\u0105ca<\/span><\/strong><\/td>\n<\/tr>\n<tr>\n<td><strong><span dir=\"auto\">Ok\u0142adzina z drewna \u015bwierkowego<\/span><\/strong><\/td>\n<\/tr>\n<tr>\n<td><strong><span dir=\"auto\">Zaw\u00f3r spustowy wody, 1\u2033<\/span><\/strong><\/td>\n<\/tr>\n<\/tbody>\n<\/table>\n<\/div>\n<\/div>\n<\/div>\n<\/div>\n<\/div>\n<p>&nbsp;<\/p>\n<p>&nbsp;<\/p>\n<p>&nbsp;<\/p>\n<p>&nbsp;<\/p>\n<p>&nbsp;<\/p>\n<p>&nbsp;<\/p>\n<p>&nbsp;<\/p>\n<p>&nbsp;<\/p>\n<p>&nbsp;<\/p>\n<p class=\"p1\"><b>Posiadamy du\u017c\u0105 liczb\u0119 opcji dodatkowych do wyboru:<br \/>\n<\/b><\/p>\n<p class=\"p1\">Rodzaj schod\u00f3w<\/p>\n<p class=\"p1\">Podgrzewacz do wanny z hydromasa\u017cem<\/p>\n<p class=\"p1\">Podgrzewacz wody elektryczny<\/p>\n<p class=\"p1\">O\u015bwietlenie LED pod wod\u0105<\/p>\n<p class=\"p1\">Miniaturowe o\u015bwietlenie LED<\/p>\n<p class=\"p1\">Bez mini o\u015bwietlenia LED +0\u20ac<\/p>\n<p class=\"p1\">Hydromasa\u017c<\/p>\n<p class=\"p1\">Bez hydromasa\u017cu<\/p>\n<p class=\"p1\">System masa\u017cu p\u0119cherzykami powietrza z 12 dyszami<\/p>\n<p class=\"p1\">Przeka\u017anik poboru pr\u0105du 25A<\/p>\n<p class=\"p1\">Izolacja piank\u0105 poliuretanow\u0105<\/p>\n<p class=\"p1\">O\u015bwietlenie LED wok\u00f3\u0142 wanny<\/p>\n<p class=\"p1\">Uchwyt na nap\u00f3j<\/p>\n<p class=\"p1\">Poduszka pod g\u0142ow\u0119<\/p>\n<p class=\"p1\">Filtr piaskowy<\/p>\n<p class=\"p1\">Przy\u0142\u0105cza filtr\u00f3w piaskowych<\/p>\n<p class=\"p1\">Skrzynka na filtr piaskowy<\/p>\n<p class=\"p1\">Lampa UV do zabijania bakterii<\/p>\n<p class=\"p1\">Bez lampy UV zabijaj\u0105cej bakterie<\/p>\n<p class=\"p1\">Zintegrowany termometr elektroniczny<\/p>\n<p class=\"p1\">Zintegrowany sterownik elektroniczny<\/p>\n","protected":false},"excerpt":{"rendered":"<ul>\n<li><span dir=\"auto\">Podstawa drewniana impregnowana i malowana;<\/span><\/li>\n<li><span dir=\"auto\">Wysokiej jako\u015bci wk\u0142ad akrylowy do wanny z hydromasa\u017cem;<\/span><\/li>\n<li><span dir=\"auto\">Ok\u0142adzina z drewna \u015bwierkowego;<\/span><\/li>\n<li><span dir=\"auto\">Zaw\u00f3r spustowy wody, 1\u2033;<\/span><\/li>\n<li><span dir=\"auto\">2 szt. pask\u00f3w napinaj\u0105cych ze stali nierdzewnej.<\/span><\/li>\n<\/ul>\n<p><b>Aby z\u0142o\u017cy\u0107 zam\u00f3wienie, skontaktuj si\u0119 z nami pod numerem\u00a0<i>+48 570 494 894<\/i>\u00a0<\/b><\/p>\n<p><b>napisz na adres e-mail <i>biuro@revioboxsauna.pl<\/i><\/b><\/p>\n","protected":false},"featured_media":522,"template":"","meta":[],"product_brand":[],"product_cat":[22],"product_tag":[],"class_list":{"0":"post-518","1":"product","2":"type-product","3":"status-publish","4":"has-post-thumbnail","6":"product_cat-balie-ogrodowe","8":"first","9":"instock","10":"sale","11":"shipping-taxable","12":"purchasable","13":"product-type-simple"},"jetpack_sharing_enabled":true,"_links":{"self":[{"href":"https:\/\/revioboxsauna.pl\/index.php?rest_route=\/wp\/v2\/product\/518","targetHints":{"allow":["GET"]}}],"collection":[{"href":"https:\/\/revioboxsauna.pl\/index.php?rest_route=\/wp\/v2\/product"}],"about":[{"href":"https:\/\/revioboxsauna.pl\/index.php?rest_route=\/wp\/v2\/types\/product"}],"wp:featuredmedia":[{"embeddable":true,"href":"https:\/\/revioboxsauna.pl\/index.php?rest_route=\/wp\/v2\/media\/522"}],"wp:attachment":[{"href":"https:\/\/revioboxsauna.pl\/index.php?rest_route=%2Fwp%2Fv2%2Fmedia&parent=518"}],"wp:term":[{"taxonomy":"product_brand","embeddable":true,"href":"https:\/\/revioboxsauna.pl\/index.php?rest_route=%2Fwp%2Fv2%2Fproduct_brand&post=518"},{"taxonomy":"product_cat","embeddable":true,"href":"https:\/\/revioboxsauna.pl\/index.php?rest_route=%2Fwp%2Fv2%2Fproduct_cat&post=518"},{"taxonomy":"product_tag","embeddable":true,"href":"https:\/\/revioboxsauna.pl\/index.php?rest_route=%2Fwp%2Fv2%2Fproduct_tag&post=518"}],"curies":[{"name":"wp","href":"https:\/\/api.w.org\/{rel}","templated":true}]}}