{"id":513,"date":"2026-02-08T15:58:36","date_gmt":"2026-02-08T14:58:36","guid":{"rendered":"https:\/\/revioboxsauna.pl\/?post_type=product&#038;p=513"},"modified":"2026-02-08T15:58:56","modified_gmt":"2026-02-08T14:58:56","slug":"okragla-204x204","status":"publish","type":"product","link":"https:\/\/revioboxsauna.pl\/?product=okragla-204x204","title":{"rendered":"OKR\u0104G\u0141A 204\u00d7204 CM"},"content":{"rendered":"<table>\n<tbody>\n<tr>\n<td><img decoding=\"async\" class=\"alignnone wp-image-1750\" src=\"https:\/\/mandewood.lt\/wp-content\/uploads\/2022\/12\/1-2-300x300.png\" alt=\"\" width=\"25\" height=\"25\" \/><span dir=\"auto\">\u00a0 Przeznaczony dla 6-8 os\u00f3b<\/span><\/td>\n<\/tr>\n<tr>\n<td><img decoding=\"async\" class=\"alignnone wp-image-1747\" src=\"https:\/\/mandewood.lt\/wp-content\/uploads\/2022\/12\/4-2-300x300.png\" alt=\"\" width=\"25\" height=\"25\" \/><span dir=\"auto\">\u00a0 Wymiary wanny z hydromasa\u017cem \u2013 204 cm x 204 cm<\/span><\/td>\n<\/tr>\n<tr>\n<td><img decoding=\"async\" class=\"alignnone wp-image-1746\" src=\"https:\/\/mandewood.lt\/wp-content\/uploads\/2022\/12\/5-2-300x300.png\" alt=\"\" width=\"25\" height=\"25\" \/><span dir=\"auto\">\u00a0 Pojemno\u015b\u0107 wanny z hydromasa\u017cem 1600l \u2013 1700l<\/span><\/td>\n<\/tr>\n<tr>\n<td><img loading=\"lazy\" decoding=\"async\" class=\"alignnone wp-image-1748\" src=\"https:\/\/mandewood.lt\/wp-content\/uploads\/2022\/12\/3-2-300x300.png\" alt=\"\" width=\"25\" height=\"25\" \/><span dir=\"auto\">\u00a0 Czas nagrzewania 2,5h \u2013 3,5h<\/span><\/td>\n<\/tr>\n<tr>\n<td><img decoding=\"async\" class=\"alignnone wp-image-1747\" src=\"https:\/\/mandewood.lt\/wp-content\/uploads\/2022\/12\/4-2-300x300.png\" alt=\"\" width=\"25\" height=\"25\" \/><span dir=\"auto\">\u00a0 G\u0142\u0119boko\u015b\u0107 \u2013 88 cm; wysoko\u015b\u0107 \u2013 105 cm<\/span><\/td>\n<\/tr>\n<\/tbody>\n<\/table>\n<p class=\"p1\"><b>Posiadamy du\u017c\u0105 liczb\u0119 opcji dodatkowych do wyboru:<br \/>\n<\/b><\/p>\n<p class=\"p1\">Rodzaj schod\u00f3w<\/p>\n<p class=\"p1\">Podgrzewacz do wanny z hydromasa\u017cem<\/p>\n<p class=\"p1\">Podgrzewacz wody elektryczny<\/p>\n<p class=\"p1\">O\u015bwietlenie LED pod wod\u0105<\/p>\n<p class=\"p1\">Miniaturowe o\u015bwietlenie LED<\/p>\n<p class=\"p1\">Bez mini o\u015bwietlenia LED +0\u20ac<\/p>\n<p class=\"p1\">Hydromasa\u017c<\/p>\n<p class=\"p1\">Bez hydromasa\u017cu<\/p>\n<p class=\"p1\">System masa\u017cu p\u0119cherzykami powietrza z 12 dyszami<\/p>\n<p class=\"p1\">Przeka\u017anik poboru pr\u0105du 25A<\/p>\n<p class=\"p1\">Izolacja piank\u0105 poliuretanow\u0105<\/p>\n<p class=\"p1\">O\u015bwietlenie LED wok\u00f3\u0142 wanny<\/p>\n<p class=\"p1\">Uchwyt na nap\u00f3j<\/p>\n<p class=\"p1\">Poduszka pod g\u0142ow\u0119<\/p>\n<p class=\"p1\">Filtr piaskowy<\/p>\n<p class=\"p1\">Przy\u0142\u0105cza filtr\u00f3w piaskowych<\/p>\n<p class=\"p1\">Skrzynka na filtr piaskowy<\/p>\n<p class=\"p1\">Lampa UV do zabijania bakterii<\/p>\n<p class=\"p1\">Bez lampy UV zabijaj\u0105cej bakterie<\/p>\n<p class=\"p1\">Zintegrowany termometr elektroniczny<\/p>\n<p class=\"p1\">Zintegrowany sterownik elektroniczny<\/p>\n","protected":false},"excerpt":{"rendered":"<ul>\n<li><span dir=\"auto\">Podstawa drewniana impregnowana i malowana;<\/span><\/li>\n<li><span dir=\"auto\">Wysokiej jako\u015bci wk\u0142ad akrylowy do wanny z hydromasa\u017cem;<\/span><\/li>\n<li><span dir=\"auto\">Ok\u0142adzina z drewna \u015bwierkowego;<\/span><\/li>\n<li><span dir=\"auto\">Zaw\u00f3r spustowy wody, 1\u2033;<\/span><\/li>\n<li><span dir=\"auto\">2 szt. pask\u00f3w napinaj\u0105cych ze stali nierdzewnej.<\/span><\/li>\n<\/ul>\n<p><b>Aby z\u0142o\u017cy\u0107 zam\u00f3wienie, skontaktuj si\u0119 z nami pod numerem\u00a0<i>+48 570 494 894<\/i>\u00a0<\/b><\/p>\n<p><b>napisz na adres e-mail <i>biuro@revioboxsauna.pl<\/i><\/b><\/p>\n","protected":false},"featured_media":514,"template":"","meta":[],"product_brand":[],"product_cat":[22],"product_tag":[],"class_list":{"0":"post-513","1":"product","2":"type-product","3":"status-publish","4":"has-post-thumbnail","6":"product_cat-balie-ogrodowe","8":"first","9":"instock","10":"sale","11":"shipping-taxable","12":"purchasable","13":"product-type-simple"},"jetpack_sharing_enabled":true,"_links":{"self":[{"href":"https:\/\/revioboxsauna.pl\/index.php?rest_route=\/wp\/v2\/product\/513","targetHints":{"allow":["GET"]}}],"collection":[{"href":"https:\/\/revioboxsauna.pl\/index.php?rest_route=\/wp\/v2\/product"}],"about":[{"href":"https:\/\/revioboxsauna.pl\/index.php?rest_route=\/wp\/v2\/types\/product"}],"wp:featuredmedia":[{"embeddable":true,"href":"https:\/\/revioboxsauna.pl\/index.php?rest_route=\/wp\/v2\/media\/514"}],"wp:attachment":[{"href":"https:\/\/revioboxsauna.pl\/index.php?rest_route=%2Fwp%2Fv2%2Fmedia&parent=513"}],"wp:term":[{"taxonomy":"product_brand","embeddable":true,"href":"https:\/\/revioboxsauna.pl\/index.php?rest_route=%2Fwp%2Fv2%2Fproduct_brand&post=513"},{"taxonomy":"product_cat","embeddable":true,"href":"https:\/\/revioboxsauna.pl\/index.php?rest_route=%2Fwp%2Fv2%2Fproduct_cat&post=513"},{"taxonomy":"product_tag","embeddable":true,"href":"https:\/\/revioboxsauna.pl\/index.php?rest_route=%2Fwp%2Fv2%2Fproduct_tag&post=513"}],"curies":[{"name":"wp","href":"https:\/\/api.w.org\/{rel}","templated":true}]}}