{"id":476,"date":"2026-02-05T23:08:46","date_gmt":"2026-02-05T22:08:46","guid":{"rendered":"https:\/\/revioboxsauna.pl\/?post_type=product&#038;p=476"},"modified":"2026-02-08T15:35:08","modified_gmt":"2026-02-08T14:35:08","slug":"modul-sauna-240x250-thermowood","status":"publish","type":"product","link":"https:\/\/revioboxsauna.pl\/?product=modul-sauna-240x250-thermowood","title":{"rendered":"Modul 240\u00d7250"},"content":{"rendered":"<div class=\"elementor-element elementor-element-4a738cab e-con-full e-flex e-con e-child\" data-id=\"4a738cab\" data-element_type=\"container\">\n<div class=\"elementor-element elementor-element-13557917 elementor-widget elementor-widget-wd_text_block\" data-id=\"13557917\" data-element_type=\"widget\" data-widget_type=\"wd_text_block.default\">\n<div class=\"elementor-widget-container\">\n<div class=\"wd-text-block reset-last-child text-left color-scheme-dark\">\n<table class=\" alignleft\">\n<tbody>\n<tr>\n<td><strong><span dir=\"auto\">Przeznaczony dla 6 os\u00f3b<\/span><\/strong><\/td>\n<\/tr>\n<tr>\n<td><strong><span dir=\"auto\">Wymiary zewn\u0119trzne \u2013 d\u0142ugo\u015b\u0107 250 cm, szeroko\u015b\u0107 240 cm<\/span><\/strong><\/td>\n<\/tr>\n<tr>\n<td><strong><span dir=\"auto\">Wymiary wewn\u0119trzne \u2013 d\u0142ugo\u015b\u0107 200 cm, szeroko\u015b\u0107 220 cm<\/span><\/strong><\/td>\n<\/tr>\n<tr>\n<td><strong><span dir=\"auto\">Sauna wykonana jest z drewna termoizolacyjnego<\/span><\/strong><\/td>\n<\/tr>\n<tr>\n<td><strong><span dir=\"auto\">Grubo\u015b\u0107 \u015bcianki zewn\u0119trznej wynosi 44mm<\/span><\/strong><\/td>\n<\/tr>\n<tr>\n<td><strong><span dir=\"auto\">\u0141awki wykonane s\u0105 z drewna lipowego<\/span><\/strong><\/td>\n<\/tr>\n<tr>\n<td><strong><span dir=\"auto\">Pod\u0142ogi \u2013 deski tarasowe<\/span><\/strong><\/td>\n<\/tr>\n<\/tbody>\n<\/table>\n<\/div>\n<\/div>\n<\/div>\n<\/div>\n<div class=\"elementor-element elementor-element-6eec289f e-con-full e-flex e-con e-child\" data-id=\"6eec289f\" data-element_type=\"container\">\n<div class=\"elementor-element elementor-element-b8b3c99 elementor-widget elementor-widget-wd_text_block\" data-id=\"b8b3c99\" data-element_type=\"widget\" data-widget_type=\"wd_text_block.default\">\n<div class=\"elementor-widget-container\">\n<div class=\"wd-text-block reset-last-child text-left color-scheme-dark\">\n<table class=\" alignleft\">\n<tbody>\n<tr>\n<td><strong><span dir=\"auto\">Dach \u2013 pokrycie pap\u0105 termozgrzewaln\u0105<\/span><\/strong><\/td>\n<\/tr>\n<tr>\n<td><strong><span dir=\"auto\">Wentylacja<\/span><\/strong><\/td>\n<\/tr>\n<tr>\n<td><strong><span dir=\"auto\">Instalacja elektryczna i o\u015bwietlenie \u2013 lampa Harvia (1 szt.)<\/span><\/strong><\/td>\n<\/tr>\n<tr>\n<td><strong><span dir=\"auto\">Drzwi \u2013 szk\u0142o hartowane<\/span><\/strong><\/td>\n<\/tr>\n<tr>\n<td><strong><span dir=\"auto\">Okna \u2013 190cm x 200cm, szk\u0142o hartowane<\/span><\/strong><\/td>\n<\/tr>\n<tr>\n<td><strong><span dir=\"auto\">Kolor sauny mo\u017cna wybra\u0107<\/span><\/strong><\/td>\n<\/tr>\n<\/tbody>\n<\/table>\n<\/div>\n<\/div>\n<\/div>\n<\/div>\n<p>&nbsp;<\/p>\n<p>&nbsp;<\/p>\n<p class=\"p1\"><b>Aby z\u0142o\u017cy\u0107 zam\u00f3wienie, skontaktuj si\u0119 z nami pod numerem\u00a0<i>+48 570 494 894<\/i>\u00a0<\/b><\/p>\n<p class=\"p1\"><b>lub napisz na adres: <i>biuro@revioboxsauna.pl<\/i><\/b><\/p>\n","protected":false},"excerpt":{"rendered":"<ul>\n<li><span dir=\"auto\">Sauna wykonana jest z drewna termoizolacyjnego;<\/span><\/li>\n<li><span dir=\"auto\">Grubo\u015b\u0107 \u015bcianki zewn\u0119trznej wynosi 44mm;<\/span><\/li>\n<li><span dir=\"auto\">\u0141awki wykonane s\u0105 z drewna lipowego;<\/span><\/li>\n<li><span dir=\"auto\">Pod\u0142ogi \u2013 deski tarasowe;<\/span><\/li>\n<li><span dir=\"auto\">Dach \u2013 pokrycie papowe, zgrzewane;<\/span><\/li>\n<li><span dir=\"auto\">Wentylacja;<\/span><\/li>\n<li><span dir=\"auto\">Instalacja elektryczna i o\u015bwietlenie \u2013 lampa Harvia (1 szt.);<\/span><\/li>\n<li><span dir=\"auto\">Drzwi \u2013 szk\u0142o hartowane;<\/span><\/li>\n<li><span dir=\"auto\">Okna \u2013 190cm x 200cm, szk\u0142o hartowane;<\/span><\/li>\n<li><span dir=\"auto\">Kolor sauny mo\u017cna wybra\u0107.<\/span><\/li>\n<\/ul>\n<p class=\"p1\"><b>Aby z\u0142o\u017cy\u0107 zam\u00f3wienie, skontaktuj si\u0119 z nami pod numerem\u00a0<i>+48 570 494 894<\/i>\u00a0<\/b><\/p>\n<p class=\"p1\"><b>lub napisz na adres e-mail\u00a0<i>biuro@revioboxsauna.pl<\/i><\/b><\/p>\n","protected":false},"featured_media":485,"template":"","meta":[],"product_brand":[],"product_cat":[20,18],"product_tag":[],"class_list":{"0":"post-476","1":"product","2":"type-product","3":"status-publish","4":"has-post-thumbnail","6":"product_cat-sauny-beczki","7":"product_cat-sauny-ogrodowe","9":"first","10":"instock","11":"sale","12":"shipping-taxable","13":"purchasable","14":"product-type-simple"},"jetpack_sharing_enabled":true,"_links":{"self":[{"href":"https:\/\/revioboxsauna.pl\/index.php?rest_route=\/wp\/v2\/product\/476","targetHints":{"allow":["GET"]}}],"collection":[{"href":"https:\/\/revioboxsauna.pl\/index.php?rest_route=\/wp\/v2\/product"}],"about":[{"href":"https:\/\/revioboxsauna.pl\/index.php?rest_route=\/wp\/v2\/types\/product"}],"wp:featuredmedia":[{"embeddable":true,"href":"https:\/\/revioboxsauna.pl\/index.php?rest_route=\/wp\/v2\/media\/485"}],"wp:attachment":[{"href":"https:\/\/revioboxsauna.pl\/index.php?rest_route=%2Fwp%2Fv2%2Fmedia&parent=476"}],"wp:term":[{"taxonomy":"product_brand","embeddable":true,"href":"https:\/\/revioboxsauna.pl\/index.php?rest_route=%2Fwp%2Fv2%2Fproduct_brand&post=476"},{"taxonomy":"product_cat","embeddable":true,"href":"https:\/\/revioboxsauna.pl\/index.php?rest_route=%2Fwp%2Fv2%2Fproduct_cat&post=476"},{"taxonomy":"product_tag","embeddable":true,"href":"https:\/\/revioboxsauna.pl\/index.php?rest_route=%2Fwp%2Fv2%2Fproduct_tag&post=476"}],"curies":[{"name":"wp","href":"https:\/\/api.w.org\/{rel}","templated":true}]}}