{"id":442,"date":"2026-02-04T19:54:58","date_gmt":"2026-02-04T18:54:58","guid":{"rendered":"https:\/\/revioboxsauna.pl\/?post_type=product&#038;p=442"},"modified":"2026-02-08T15:36:15","modified_gmt":"2026-02-08T14:36:15","slug":"sauna-beczka-26-m-thermowood","status":"publish","type":"product","link":"https:\/\/revioboxsauna.pl\/?product=sauna-beczka-26-m-thermowood","title":{"rendered":"BECZKA  2,6 m"},"content":{"rendered":"<ul>\n<li><span dir=\"auto\">Sauna wykonana jest z drewna termoizolacyjnego;<\/span><\/li>\n<li><span dir=\"auto\">Grubo\u015b\u0107 zewn\u0119trznej \u015bciany sauny wynosi 44mm;<\/span><\/li>\n<li><span dir=\"auto\">Specjalne \u0142awki do sauny wykonane z drewna termoizolacyjnego;<\/span><\/li>\n<li><span dir=\"auto\">Pod\u0142ogi \u2013 deski tarasowe;<\/span><\/li>\n<li><span dir=\"auto\">Wyko\u0144czenie dachu \u2013 p\u0142yty termodrewniane;<\/span><\/li>\n<li><span dir=\"auto\">Wentylacja;<\/span><\/li>\n<li><span dir=\"auto\">Instalacja elektryczna i o\u015bwietlenie \u2013 lampa Harvia (1 szt.);<\/span><\/li>\n<li><span dir=\"auto\">Drzwi \u2013 szk\u0142o hartowane;<\/span><\/li>\n<li><span dir=\"auto\">Okna \u2013 szk\u0142o hartowane;<\/span><\/li>\n<li><span dir=\"auto\">Kolor sauny mo\u017cna wybra\u0107.<\/span><\/li>\n<li>\n<p class=\"p1\"><b>Aby z\u0142o\u017cy\u0107 zam\u00f3wienie, skontaktuj si\u0119 z nami pod numerem\u00a0<i>+48 570 494 894<\/i>\u00a0<\/b><\/p>\n<p class=\"p1\"><b>lub napisz na adres e-mail\u00a0<i>biuro@revioboxsauna.pl<\/i><\/b><\/p>\n<\/li>\n<\/ul>\n","protected":false},"excerpt":{"rendered":"<table>\n<tbody>\n<tr>\n<td><img decoding=\"async\" class=\"alignnone wp-image-1750\" src=\"https:\/\/b2b.mandespa.eu\/wp-content\/uploads\/2022\/12\/1-2-300x300.png\" alt=\"\" width=\"30\" height=\"30\" \/><span dir=\"auto\">\u00a0 \u00a0Przeznaczony dla 4-6 os\u00f3b<\/span><\/td>\n<\/tr>\n<tr>\n<td><img decoding=\"async\" class=\"alignnone wp-image-1754\" src=\"https:\/\/b2b.mandespa.eu\/wp-content\/uploads\/2022\/12\/Dizainas-be-pavadinimo-60-300x300.png\" alt=\"\" width=\"30\" height=\"30\" \/><span dir=\"auto\">\u00a0 \u00a0Wymiary zewn\u0119trzne \u2013 260 cm d\u0142ugo\u015bci x 244 cm szeroko\u015bci x 229 cm wysoko\u015bci<\/span><\/td>\n<\/tr>\n<tr>\n<td><img decoding=\"async\" class=\"alignnone wp-image-1754\" src=\"https:\/\/b2b.mandespa.eu\/wp-content\/uploads\/2022\/12\/Dizainas-be-pavadinimo-60-300x300.png\" alt=\"\" width=\"30\" height=\"30\" \/><span dir=\"auto\">\u00a0 \u00a0Wymiary sauny \u2013 200 cm d\u0142ugo\u015bci x 227 cm szeroko\u015bci x 206 cm wysoko\u015bci<\/span><\/td>\n<\/tr>\n<tr>\n<td><img decoding=\"async\" class=\"alignnone wp-image-1754\" src=\"https:\/\/b2b.mandespa.eu\/wp-content\/uploads\/2022\/12\/Dizainas-be-pavadinimo-60-300x300.png\" alt=\"\" width=\"30\" height=\"30\" \/><span dir=\"auto\">\u00a0 \u00a0Wymiary tarasu \u2013 d\u0142ugo\u015b\u0107 45cm, wysoko\u015b\u0107 230cm<\/span><\/td>\n<\/tr>\n<\/tbody>\n<\/table>\n<p class=\"p1\"><b>Aby z\u0142o\u017cy\u0107 zam\u00f3wienie, skontaktuj si\u0119 z nami pod numerem\u00a0<i>+48 570 494 894<\/i>\u00a0<\/b><\/p>\n<p class=\"p1\"><b>lub napisz na adres e-mail\u00a0<i>biuro@revioboxsauna.pl<\/i><\/b><\/p>\n","protected":false},"featured_media":447,"template":"","meta":[],"product_brand":[],"product_cat":[20,18],"product_tag":[],"class_list":{"0":"post-442","1":"product","2":"type-product","3":"status-publish","4":"has-post-thumbnail","6":"product_cat-sauny-beczki","7":"product_cat-sauny-ogrodowe","9":"first","10":"instock","11":"sale","12":"shipping-taxable","13":"purchasable","14":"product-type-simple"},"jetpack_sharing_enabled":true,"_links":{"self":[{"href":"https:\/\/revioboxsauna.pl\/index.php?rest_route=\/wp\/v2\/product\/442","targetHints":{"allow":["GET"]}}],"collection":[{"href":"https:\/\/revioboxsauna.pl\/index.php?rest_route=\/wp\/v2\/product"}],"about":[{"href":"https:\/\/revioboxsauna.pl\/index.php?rest_route=\/wp\/v2\/types\/product"}],"wp:featuredmedia":[{"embeddable":true,"href":"https:\/\/revioboxsauna.pl\/index.php?rest_route=\/wp\/v2\/media\/447"}],"wp:attachment":[{"href":"https:\/\/revioboxsauna.pl\/index.php?rest_route=%2Fwp%2Fv2%2Fmedia&parent=442"}],"wp:term":[{"taxonomy":"product_brand","embeddable":true,"href":"https:\/\/revioboxsauna.pl\/index.php?rest_route=%2Fwp%2Fv2%2Fproduct_brand&post=442"},{"taxonomy":"product_cat","embeddable":true,"href":"https:\/\/revioboxsauna.pl\/index.php?rest_route=%2Fwp%2Fv2%2Fproduct_cat&post=442"},{"taxonomy":"product_tag","embeddable":true,"href":"https:\/\/revioboxsauna.pl\/index.php?rest_route=%2Fwp%2Fv2%2Fproduct_tag&post=442"}],"curies":[{"name":"wp","href":"https:\/\/api.w.org\/{rel}","templated":true}]}}