{"id":437,"date":"2026-02-04T19:44:15","date_gmt":"2026-02-04T18:44:15","guid":{"rendered":"https:\/\/revioboxsauna.pl\/?post_type=product&#038;p=437"},"modified":"2026-02-04T19:44:15","modified_gmt":"2026-02-04T18:44:15","slug":"jednoosobowa-wanna-z-zimna-woda-drewno-swierkowe-2","status":"publish","type":"product","link":"https:\/\/revioboxsauna.pl\/?product=jednoosobowa-wanna-z-zimna-woda-drewno-swierkowe-2","title":{"rendered":"Jednoosobowa Wanna z zimn\u0105 wod\u0105 \u2013 drewno \u015bwierkowe"},"content":{"rendered":"<p><span dir=\"auto\">Wanna wykonana jest z najwy\u017cszej jako\u015bci drewna \u015bwierkowego syberyjskiego.<\/span><\/p>\n<p><span dir=\"auto\">Zestaw do wanny z zimn\u0105 wod\u0105 zawiera:<\/span><\/p>\n<ul>\n<li><span dir=\"auto\">2 szt. opasek zaciskowych;<\/span><\/li>\n<li><span dir=\"auto\">2 szt. \u0142awek wewn\u0105trz wanny;<\/span><\/li>\n<li><span dir=\"auto\">Kroki;<\/span><\/li>\n<li><span dir=\"auto\">Zaw\u00f3r spustowy wody, 1\u2033.<\/span><\/li>\n<\/ul>\n<p class=\"p1\"><b>Aby z\u0142o\u017cy\u0107 zam\u00f3wienie, skontaktuj si\u0119 z nami pod numerem\u00a0<i>+48 570 494 894<\/i>\u00a0<\/b><\/p>\n<p class=\"p1\"><b>lub napisz na adres e-mail\u00a0<i>biuro@revioboxsauna.pl<\/i><\/b><\/p>\n","protected":false},"excerpt":{"rendered":"<table>\n<tbody>\n<tr>\n<td><img decoding=\"async\" class=\"alignnone wp-image-1747\" src=\"https:\/\/mandespa.eu\/wp-content\/uploads\/2022\/12\/4-2-300x300.png\" alt=\"\" width=\"30\" height=\"30\" \/><span dir=\"auto\">\u00a0\u00a0 Wysoko\u015b\u0107 wanny \u2013 104 cm<\/span><\/td>\n<\/tr>\n<tr>\n<td><img decoding=\"async\" class=\"alignnone wp-image-1747\" src=\"https:\/\/mandespa.eu\/wp-content\/uploads\/2022\/12\/4-2-300x300.png\" alt=\"\" width=\"30\" height=\"30\" \/><span dir=\"auto\">\u00a0 \u00a0Szeroko\u015b\u0107 wanny \u2013 104 cm<\/span><\/td>\n<\/tr>\n<tr>\n<td><img decoding=\"async\" class=\"alignnone wp-image-1747\" src=\"https:\/\/mandespa.eu\/wp-content\/uploads\/2022\/12\/4-2-300x300.png\" alt=\"\" width=\"30\" height=\"30\" \/><span dir=\"auto\">\u00a0\u00a0 D\u0142ugo\u015b\u0107 \u2013 164 cm<\/span><\/td>\n<\/tr>\n<tr>\n<td><img decoding=\"async\" class=\"alignnone wp-image-1747\" src=\"https:\/\/mandespa.eu\/wp-content\/uploads\/2022\/12\/4-2-300x300.png\" alt=\"\" width=\"30\" height=\"30\" \/><span dir=\"auto\">\u00a0\u00a0 Wysoko\u015b\u0107 \u0142awek wewn\u0105trz wanny \u2013 40 cm<\/span><\/td>\n<\/tr>\n<tr>\n<td><img decoding=\"async\" class=\"alignnone wp-image-1749\" src=\"https:\/\/mandespa.eu\/wp-content\/uploads\/2022\/12\/2-2-300x300.png\" alt=\"\" width=\"30\" height=\"30\" \/><span dir=\"auto\">\u00a0\u00a0 Termin realizacji 2-4 tygodnie<\/span><\/td>\n<\/tr>\n<\/tbody>\n<\/table>\n<p>&nbsp;<\/p>\n<p class=\"p1\"><b>Aby z\u0142o\u017cy\u0107 zam\u00f3wienie, skontaktuj si\u0119 z nami pod numerem\u00a0<i>+48 570 494 894<\/i>\u00a0<\/b><\/p>\n<p class=\"p1\"><b>lub napisz na adres e-mail\u00a0<i>biuro@revioboxsauna.pl<\/i><\/b><\/p>\n","protected":false},"featured_media":440,"template":"","meta":[],"product_brand":[],"product_cat":[23],"product_tag":[],"class_list":{"0":"post-437","1":"product","2":"type-product","3":"status-publish","4":"has-post-thumbnail","6":"product_cat-beczki-morsowanie","8":"first","9":"instock","10":"sale","11":"shipping-taxable","12":"purchasable","13":"product-type-simple"},"jetpack_sharing_enabled":true,"_links":{"self":[{"href":"https:\/\/revioboxsauna.pl\/index.php?rest_route=\/wp\/v2\/product\/437","targetHints":{"allow":["GET"]}}],"collection":[{"href":"https:\/\/revioboxsauna.pl\/index.php?rest_route=\/wp\/v2\/product"}],"about":[{"href":"https:\/\/revioboxsauna.pl\/index.php?rest_route=\/wp\/v2\/types\/product"}],"wp:featuredmedia":[{"embeddable":true,"href":"https:\/\/revioboxsauna.pl\/index.php?rest_route=\/wp\/v2\/media\/440"}],"wp:attachment":[{"href":"https:\/\/revioboxsauna.pl\/index.php?rest_route=%2Fwp%2Fv2%2Fmedia&parent=437"}],"wp:term":[{"taxonomy":"product_brand","embeddable":true,"href":"https:\/\/revioboxsauna.pl\/index.php?rest_route=%2Fwp%2Fv2%2Fproduct_brand&post=437"},{"taxonomy":"product_cat","embeddable":true,"href":"https:\/\/revioboxsauna.pl\/index.php?rest_route=%2Fwp%2Fv2%2Fproduct_cat&post=437"},{"taxonomy":"product_tag","embeddable":true,"href":"https:\/\/revioboxsauna.pl\/index.php?rest_route=%2Fwp%2Fv2%2Fproduct_tag&post=437"}],"curies":[{"name":"wp","href":"https:\/\/api.w.org\/{rel}","templated":true}]}}