{"id":420,"date":"2026-02-04T19:16:33","date_gmt":"2026-02-04T18:16:33","guid":{"rendered":"https:\/\/revioboxsauna.pl\/?post_type=product&#038;p=420"},"modified":"2026-02-04T19:16:33","modified_gmt":"2026-02-04T18:16:33","slug":"jednoosobowa-wanna-z-wlokna-szklanego-do-zimnej-wody","status":"publish","type":"product","link":"https:\/\/revioboxsauna.pl\/?product=jednoosobowa-wanna-z-wlokna-szklanego-do-zimnej-wody","title":{"rendered":"jednoosobowa wanna z w\u0142\u00f3kna szklanego do zimnej wody"},"content":{"rendered":"<div class=\"elementor-element elementor-element-6ef43a58 e-con-full e-flex e-con e-child\" data-id=\"6ef43a58\" data-element_type=\"container\">\n<div class=\"elementor-element elementor-element-656d269c elementor-widget elementor-widget-wd_text_block\" data-id=\"656d269c\" data-element_type=\"widget\" data-widget_type=\"wd_text_block.default\">\n<div class=\"elementor-widget-container\">\n<div class=\"wd-text-block reset-last-child text-left color-scheme-dark\">\n<table>\n<tbody>\n<tr>\n<td><strong><span dir=\"auto\">Przeznaczony dla 1 osoby<\/span><\/strong><\/td>\n<\/tr>\n<tr>\n<td><strong><span dir=\"auto\">G\u0142\u0119boko\u015b\u0107 \u2013 90 cm<\/span><\/strong><\/td>\n<\/tr>\n<tr>\n<td><strong><span dir=\"auto\">Powierzchnia siedziska \u2013 50 cm<\/span><\/strong><\/td>\n<\/tr>\n<tr>\n<td><strong><span dir=\"auto\">\u015arednica wewn\u0119trzna \u2013 85 cm<\/span><\/strong><\/td>\n<\/tr>\n<tr>\n<td><strong><span dir=\"auto\">\u015arednica zewn\u0119trzna \u2013 105 cm<\/span><\/strong><\/td>\n<\/tr>\n<\/tbody>\n<\/table>\n<\/div>\n<\/div>\n<\/div>\n<\/div>\n<div class=\"elementor-element elementor-element-3f1a5fcd e-con-full e-flex e-con e-child\" data-id=\"3f1a5fcd\" data-element_type=\"container\">\n<div class=\"elementor-element elementor-element-5f7d7915 elementor-widget elementor-widget-wd_text_block\" data-id=\"5f7d7915\" data-element_type=\"widget\" data-widget_type=\"wd_text_block.default\">\n<div class=\"elementor-widget-container\">\n<div class=\"wd-text-block reset-last-child text-left color-scheme-dark\">\n<table>\n<tbody>\n<tr>\n<td><strong><span dir=\"auto\">Drewniana impregnowana i malowana podeszwa<\/span><\/strong><\/td>\n<\/tr>\n<tr>\n<td><strong><span dir=\"auto\">Schody<\/span><\/strong><\/td>\n<\/tr>\n<tr>\n<td><strong><span dir=\"auto\">Wk\u0142ad do wanny wysokiej jako\u015bci wykonany z w\u0142\u00f3kna szklanego<\/span><\/strong><\/td>\n<\/tr>\n<tr>\n<td><strong><span dir=\"auto\">Ok\u0142adzina z drewna \u015bwierkowego<\/span><\/strong><\/td>\n<\/tr>\n<tr>\n<td><strong><span dir=\"auto\">Zaw\u00f3r spustowy wody, 1\u2033<\/span><\/strong><\/td>\n<\/tr>\n<tr>\n<td><strong><span dir=\"auto\">2 szt. ta\u015bmy \u015bci\u0105gaj\u0105ce ze stali nierdzewnej<\/span><\/strong><\/td>\n<\/tr>\n<\/tbody>\n<\/table>\n<p class=\"p1\"><b>Aby z\u0142o\u017cy\u0107 zam\u00f3wienie, skontaktuj si\u0119 z nami pod numerem\u00a0<i>+48 570 494 894<\/i>\u00a0<\/b><\/p>\n<p class=\"p1\"><b>lub napisz na adres e-mail\u00a0<i>biuro@revioboxsauna.pl<\/i><\/b><\/p>\n<\/div>\n<\/div>\n<\/div>\n<\/div>\n","protected":false},"excerpt":{"rendered":"<ul>\n<li><span dir=\"auto\">Drewniana impregnowana i malowana podeszwa;<\/span><\/li>\n<li><span dir=\"auto\">Schody z drewna termoizolacyjnego;<\/span><\/li>\n<li><span dir=\"auto\">Wysokiej jako\u015bci wk\u0142ad do wanny wykonany z w\u0142\u00f3kna szklanego;<\/span><\/li>\n<li><span dir=\"auto\">Siding z drewna termoizolacyjnego;<\/span><\/li>\n<li><span dir=\"auto\">Zaw\u00f3r spustowy wody, 1\u2033;<\/span><\/li>\n<li><span dir=\"auto\">2 szt. ta\u015bm \u015bci\u0105gaj\u0105cych ze stali nierdzewnej.<\/span><\/li>\n<\/ul>\n<p class=\"p1\"><b>Aby z\u0142o\u017cy\u0107 zam\u00f3wienie, skontaktuj si\u0119 z nami pod numerem\u00a0<i>+48 570 494 894<\/i>\u00a0<\/b><\/p>\n<p class=\"p1\"><b>lub napisz na adres e-mail\u00a0<i>biuro@revioboxsauna.pl<\/i><\/b><\/p>\n","protected":false},"featured_media":424,"template":"","meta":[],"product_brand":[],"product_cat":[23],"product_tag":[],"class_list":{"0":"post-420","1":"product","2":"type-product","3":"status-publish","4":"has-post-thumbnail","6":"product_cat-beczki-morsowanie","8":"first","9":"instock","10":"sale","11":"shipping-taxable","12":"purchasable","13":"product-type-simple"},"jetpack_sharing_enabled":true,"_links":{"self":[{"href":"https:\/\/revioboxsauna.pl\/index.php?rest_route=\/wp\/v2\/product\/420","targetHints":{"allow":["GET"]}}],"collection":[{"href":"https:\/\/revioboxsauna.pl\/index.php?rest_route=\/wp\/v2\/product"}],"about":[{"href":"https:\/\/revioboxsauna.pl\/index.php?rest_route=\/wp\/v2\/types\/product"}],"wp:featuredmedia":[{"embeddable":true,"href":"https:\/\/revioboxsauna.pl\/index.php?rest_route=\/wp\/v2\/media\/424"}],"wp:attachment":[{"href":"https:\/\/revioboxsauna.pl\/index.php?rest_route=%2Fwp%2Fv2%2Fmedia&parent=420"}],"wp:term":[{"taxonomy":"product_brand","embeddable":true,"href":"https:\/\/revioboxsauna.pl\/index.php?rest_route=%2Fwp%2Fv2%2Fproduct_brand&post=420"},{"taxonomy":"product_cat","embeddable":true,"href":"https:\/\/revioboxsauna.pl\/index.php?rest_route=%2Fwp%2Fv2%2Fproduct_cat&post=420"},{"taxonomy":"product_tag","embeddable":true,"href":"https:\/\/revioboxsauna.pl\/index.php?rest_route=%2Fwp%2Fv2%2Fproduct_tag&post=420"}],"curies":[{"name":"wp","href":"https:\/\/api.w.org\/{rel}","templated":true}]}}