{"id":413,"date":"2026-02-04T17:51:17","date_gmt":"2026-02-04T16:51:17","guid":{"rendered":"https:\/\/revioboxsauna.pl\/?post_type=product&#038;p=413"},"modified":"2026-02-08T15:36:31","modified_gmt":"2026-02-08T14:36:31","slug":"2w1-modulspa-thermo-drewno","status":"publish","type":"product","link":"https:\/\/revioboxsauna.pl\/?product=2w1-modulspa-thermo-drewno","title":{"rendered":"2w1 ModulSpa \u2013 Thermo"},"content":{"rendered":"<p><strong><span dir=\"auto\">Opis sauny:<\/span><\/strong><\/p>\n<ul>\n<li><span dir=\"auto\">Sauna wykonana jest z drewna termoizolacyjnego;<\/span><\/li>\n<li><span dir=\"auto\">Grubo\u015b\u0107 \u015bcianki zewn\u0119trznej wynosi 44mm;<\/span><\/li>\n<li><span dir=\"auto\">\u0141awki w saunie wykonane s\u0105 z drewna lipowego;<\/span><\/li>\n<li><span dir=\"auto\">Pod\u0142ogi \u2013 deski tarasowe;<\/span><\/li>\n<li><span dir=\"auto\">Dach \u2013 pokrycie papowe, zgrzewane;<\/span><\/li>\n<li><span dir=\"auto\">Wentylacja;<\/span><\/li>\n<li><span dir=\"auto\">Instalacja elektryczna i o\u015bwietlenie \u2013 lampy Harvia (szt. 2);<\/span><\/li>\n<li><span dir=\"auto\">Drzwi \u2013 szk\u0142o hartowane;<\/span><\/li>\n<li><span dir=\"auto\">Okna \u2013 190cm x 200cm, szk\u0142o hartowane;<\/span><\/li>\n<li><span dir=\"auto\">Kolor sauny mo\u017cna wybra\u0107.<\/span><\/li>\n<\/ul>\n<p><strong><span dir=\"auto\">Opis wanny z hydromasa\u017cem:<\/span><\/strong><\/p>\n<ul>\n<li><span dir=\"auto\">Drewniana impregnowana i malowana podeszwa;<\/span><\/li>\n<li><span dir=\"auto\">Wysokiej jako\u015bci wk\u0142ad do wanny wykonany z w\u0142\u00f3kna szklanego;<\/span><\/li>\n<li><span dir=\"auto\">Siding z drewna termoizolacyjnego;<\/span><\/li>\n<li><span dir=\"auto\">Schody zamkni\u0119te;<\/span><\/li>\n<li><span dir=\"auto\">Zaw\u00f3r spustowy wody, 1\u2033;<\/span><\/li>\n<li><span dir=\"auto\">2 szt. ta\u015bm \u015bci\u0105gaj\u0105cych ze stali nierdzewnej.<\/span><\/li>\n<\/ul>\n<p class=\"p1\"><b>Aby z\u0142o\u017cy\u0107 zam\u00f3wienie, skontaktuj si\u0119 z nami pod numerem\u00a0<i>+48 570 494 894<\/i>\u00a0<\/b><\/p>\n<p class=\"p1\"><b>lub napisz na adres e-mail\u00a0<i>biuro@revioboxsauna.pl<\/i><\/b><\/p>\n","protected":false},"excerpt":{"rendered":"<table>\n<tbody>\n<tr>\n<td><img decoding=\"async\" class=\"alignnone wp-image-1754\" src=\"https:\/\/mandewood.lt\/wp-content\/uploads\/2022\/12\/Dizainas-be-pavadinimo-60-300x300.png\" alt=\"\" width=\"30\" height=\"30\" \/><span dir=\"auto\">Wymiary ca\u0142kowite \u2013 d\u0142ugo\u015b\u0107 500 cm, szeroko\u015b\u0107 240 cm<\/span><\/td>\n<\/tr>\n<tr>\n<td><img decoding=\"async\" class=\"alignnone wp-image-1754\" src=\"https:\/\/mandewood.lt\/wp-content\/uploads\/2022\/12\/Dizainas-be-pavadinimo-60-300x300.png\" alt=\"\" width=\"30\" height=\"30\" \/><span dir=\"auto\">Wymiary zewn\u0119trzne sauny \u2013 d\u0142ugo\u015b\u0107 250 cm, szeroko\u015b\u0107 240 cm<\/span><\/td>\n<\/tr>\n<tr>\n<td><img decoding=\"async\" class=\"alignnone wp-image-1754\" src=\"https:\/\/mandewood.lt\/wp-content\/uploads\/2022\/12\/Dizainas-be-pavadinimo-60-300x300.png\" alt=\"\" width=\"30\" height=\"30\" \/><span dir=\"auto\">Wymiary wewn\u0119trzne sauny \u2013 d\u0142ugo\u015b\u0107 200 cm, szeroko\u015b\u0107 220 cm<\/span><\/td>\n<\/tr>\n<tr>\n<td><img decoding=\"async\" class=\"alignnone wp-image-1754\" src=\"https:\/\/mandewood.lt\/wp-content\/uploads\/2022\/12\/Dizainas-be-pavadinimo-60-300x300.png\" alt=\"\" width=\"30\" height=\"30\" \/><span dir=\"auto\">Wymiary wanny z hydromasa\u017cem \u2013 180 cm wewn\u0105trz, 200 cm na zewn\u0105trz<\/span><\/td>\n<\/tr>\n<\/tbody>\n<\/table>\n<p class=\"p1\"><b>Aby z\u0142o\u017cy\u0107 zam\u00f3wienie, skontaktuj si\u0119 z nami pod numerem\u00a0<i>+48 570 494 894<\/i>\u00a0<\/b><\/p>\n<p class=\"p1\"><b>lub napisz na adres e-mail\u00a0<i>biuro@revioboxsauna.pl<\/i><\/b><\/p>\n","protected":false},"featured_media":414,"template":"","meta":[],"product_brand":[],"product_cat":[21],"product_tag":[],"class_list":{"0":"post-413","1":"product","2":"type-product","3":"status-publish","4":"has-post-thumbnail","6":"product_cat-zestawy-2w1","8":"first","9":"instock","10":"sale","11":"shipping-taxable","12":"purchasable","13":"product-type-simple"},"jetpack_sharing_enabled":true,"_links":{"self":[{"href":"https:\/\/revioboxsauna.pl\/index.php?rest_route=\/wp\/v2\/product\/413","targetHints":{"allow":["GET"]}}],"collection":[{"href":"https:\/\/revioboxsauna.pl\/index.php?rest_route=\/wp\/v2\/product"}],"about":[{"href":"https:\/\/revioboxsauna.pl\/index.php?rest_route=\/wp\/v2\/types\/product"}],"wp:featuredmedia":[{"embeddable":true,"href":"https:\/\/revioboxsauna.pl\/index.php?rest_route=\/wp\/v2\/media\/414"}],"wp:attachment":[{"href":"https:\/\/revioboxsauna.pl\/index.php?rest_route=%2Fwp%2Fv2%2Fmedia&parent=413"}],"wp:term":[{"taxonomy":"product_brand","embeddable":true,"href":"https:\/\/revioboxsauna.pl\/index.php?rest_route=%2Fwp%2Fv2%2Fproduct_brand&post=413"},{"taxonomy":"product_cat","embeddable":true,"href":"https:\/\/revioboxsauna.pl\/index.php?rest_route=%2Fwp%2Fv2%2Fproduct_cat&post=413"},{"taxonomy":"product_tag","embeddable":true,"href":"https:\/\/revioboxsauna.pl\/index.php?rest_route=%2Fwp%2Fv2%2Fproduct_tag&post=413"}],"curies":[{"name":"wp","href":"https:\/\/api.w.org\/{rel}","templated":true}]}}