{"id":346,"date":"2026-02-02T23:59:23","date_gmt":"2026-02-02T22:59:23","guid":{"rendered":"https:\/\/revioboxsauna.pl\/?post_type=product&#038;p=346"},"modified":"2026-02-02T23:59:31","modified_gmt":"2026-02-02T22:59:31","slug":"okragla-2m","status":"publish","type":"product","link":"https:\/\/revioboxsauna.pl\/?product=okragla-2m","title":{"rendered":"Okr\u0105g\u0142a 2M"},"content":{"rendered":"<div class=\"elementor-element elementor-element-28133f02 e-con-full e-flex e-con e-child\" data-id=\"28133f02\" data-element_type=\"container\">\n<div class=\"elementor-element elementor-element-11b6945f elementor-widget elementor-widget-wd_text_block\" data-id=\"11b6945f\" data-element_type=\"widget\" data-widget_type=\"wd_text_block.default\">\n<div class=\"elementor-widget-container\">\n<div class=\"wd-text-block reset-last-child text-left color-scheme-dark\">\n<table class=\" alignleft\">\n<tbody>\n<tr>\n<td><span dir=\"auto\">Przeznaczony dla 4 os\u00f3b<\/span><\/td>\n<\/tr>\n<tr>\n<td><span dir=\"auto\">Wymiary ca\u0142kowite \u2013 d\u0142ugo\u015b\u0107 200 cm, \u015brednica 240 cm<\/span><\/td>\n<\/tr>\n<tr>\n<td><span dir=\"auto\">Wymiary sauny \u2013 d\u0142ugo\u015b\u0107 200 cm, wysoko\u015b\u0107 230 cm<\/span><\/td>\n<\/tr>\n<tr>\n<td><span dir=\"auto\">Sauna wykonana jest z drewna \u015bwierkowego lub termodrewnianego<\/span><\/td>\n<\/tr>\n<tr>\n<td><span dir=\"auto\">Grubo\u015b\u0107 zewn\u0119trznej \u015bciany sauny wynosi 44mm<\/span><\/td>\n<\/tr>\n<tr>\n<td><span dir=\"auto\">Le\u017caki wykonane s\u0105 z drewna lipowego<\/span><\/td>\n<\/tr>\n<tr>\n<td><span dir=\"auto\">Pod\u0142ogi \u2013 deski tarasowe<\/span><\/td>\n<\/tr>\n<\/tbody>\n<\/table>\n<\/div>\n<\/div>\n<\/div>\n<\/div>\n<div class=\"elementor-element elementor-element-4ac334be e-con-full e-flex e-con e-child\" data-id=\"4ac334be\" data-element_type=\"container\">\n<div class=\"elementor-element elementor-element-511f4d0c elementor-widget elementor-widget-wd_text_block\" data-id=\"511f4d0c\" data-element_type=\"widget\" data-widget_type=\"wd_text_block.default\">\n<div class=\"elementor-widget-container\">\n<div class=\"wd-text-block reset-last-child text-left color-scheme-dark\">\n<table class=\" alignleft\">\n<tbody>\n<tr>\n<td><span dir=\"auto\">Dach \u2013 dach\u00f3wka bitumiczna (kolor do wyboru)<\/span><\/td>\n<\/tr>\n<tr>\n<td><span dir=\"auto\">Wentylacja<\/span><\/td>\n<\/tr>\n<tr>\n<td><span dir=\"auto\">Instalacja elektryczna i o\u015bwietlenie \u2013 lampa Harvia (1 szt.)<\/span><\/td>\n<\/tr>\n<tr>\n<td><span dir=\"auto\">Drzwi \u2013 szk\u0142o hartowane<\/span><\/td>\n<\/tr>\n<tr>\n<td><span dir=\"auto\">Okna \u2013 szk\u0142o hartowane<\/span><\/td>\n<\/tr>\n<tr>\n<td><span dir=\"auto\">Kolor sauny mo\u017cna wybra\u0107<\/span><\/td>\n<\/tr>\n<\/tbody>\n<\/table>\n<div data-test='contact-form'\n\t\t\tid='contact-form-346'\n\t\t\tclass='wp-block-jetpack-contact-form-container '\n\t\t\tdata-wp-interactive='jetpack\/form' data-wp-context='{\"formId\":\"346\",\"formHash\":\"1c82ef517bee0604d3c71960fb2beb710d5306e5\",\"showErrors\":false,\"errors\":[],\"fields\":[],\"isMultiStep\":false,\"useAjax\":true,\"submissionData\":null,\"formattedSubmissionData\":[],\"submissionSuccess\":false,\"submissionError\":null,\"elementId\":\"jp-form-1c82ef517bee0604d3c71960fb2beb710d5306e5\",\"isSingleInputForm\":false}'\n\t\t\tdata-wp-watch--scroll-to-wrapper=\"callbacks.scrollToWrapper\"\n\t\t>\n<div class=\"contact-form-submission contact-form-ajax-submission\" data-wp-class--submission-success=\"context.submissionSuccess\"><p class=\"go-back-message\"><a class=\"link\" role=\"button\" tabindex=\"0\" data-wp-on--click=\"actions.goBack\" href=\"\/index.php?rest_route=%2Fwp%2Fv2%2Fproduct%2F346\">Go back<\/a><\/p><h4 id=\"contact-form-success-header\">Your message has been sent<\/h4>\n\n<template data-wp-each--submission=\"context.formattedSubmissionData\">\n\t\t\t\t\t<div class=\"jetpack_forms_contact-form-success-summary\">\n\t\t\t\t\t\t<div class=\"field-name\" data-wp-text=\"context.submission.label\" data-wp-bind--hidden=\"!context.submission.label\"><\/div>\n\t\t\t\t\t\t<div class=\"field-value\" data-wp-text=\"context.submission.value\"><\/div>\n\t\t\t\t\t\t<div class=\"field-images\" data-wp-bind--hidden=\"!context.submission.images\">\n\t\t\t\t\t\t\t<template data-wp-each--image=\"context.submission.images\">\n\t\t\t\t\t\t\t\t<figure class=\"field-image\" data-wp-class--is-empty=\"!context.image\">\n\t\t\t\t\t\t\t\t\t<img data-wp-bind--src=\"context.image\" data-wp-bind--hidden=\"!context.image\" \/>\n\t\t\t\t\t\t\t\t\t<img decoding=\"async\" src=\"data:image\/gif;base64,R0lGODlhAQABAAD\/ACwAAAAAAQABAAACADs=\" data-wp-bind--hidden=\"context.image\" \/>\n\t\t\t\t\t\t\t\t<\/figure>\n\t\t\t\t\t\t\t<\/template>\n\t\t\t\t\t\t<\/div>\n\t\t\t\t\t<\/div>\n\t\t\t\t<\/template><\/div><form action='https:\/\/revioboxsauna.pl\/?product=okragla-2m'\n\t\t\t\tid='jp-form-1c82ef517bee0604d3c71960fb2beb710d5306e5'\n\t\t\t\tmethod='post'\n\t\t\t\tclass='contact-form commentsblock' aria-label=\"Okr\u0105g\u0142a 2M\"\n\t\t\t\tdata-wp-on--submit=\"actions.onFormSubmit\"\n\t\t\t\tdata-wp-on--reset=\"actions.onFormReset\"\n\t\t\t\tdata-wp-class--submission-success=\"context.submissionSuccess\"\n\t\t\t\tdata-wp-class--is-first-step=\"state.isFirstStep\"\n\t\t\t\tdata-wp-class--is-last-step=\"state.isLastStep\"\n\t\t\t\tdata-wp-class--is-ajax-form=\"context.useAjax\"\n\t\t\t\tnovalidate >\n<input type='hidden' name='jetpack_contact_form_jwt' value='eyJ0eXAiOiJKV1QiLCJhbGciOiJIUzI1NiJ9.eyJlbmNyeXB0ZWRfYXR0cmlidXRlcyI6IjVjZE5PS1l6WjNIMVZxNzFQekdkUEM4RCtWam1ZQkV0SW1vZDdMRGxnMHRNTW5FVlVwTmEwOW1lWXk2UUswZnEyV1g1cnphdFNpQmplZmtqTkRDaTZZNUU3Nlg2NmJGMTBZSkEzcThEUWJUUFg5Q201RU1JNDJLaFZERXFQMkdPOXJwbGo4cHFqZ3dBdUNqQXRacU40cDd5bGY3aEVCMnFwYXJjVHowYTVnMVNybEc2U2o1dGxvbVk5Q2R0azNBbnJPSndjK09JZVRXMS9Jb2lPbVU1c1lhcnZxYVRZQWk4dnpPOUxoTU5uS005S3VFbWVhQzZ3UzI3VXdPSFR4ell2eUREeW1qUnN6bjk4OVRRa1dFRkx1M0NRWUY0eExUR0I0TkRTNzBDbzNFWXU5VmxxSExpK3FpTm9LcWJaSU5oTFRhbWd4YzFSQmhDU2xHQThrMGNMOSs2YjJpUTU5N1pJOGZuajNtUEpGUnl1N0hNcTc1QktvKzMrZUxrdEVRaUNXNVdvU3VwT1N6NWYxN2t2TW93cEw3TDk2QTZoMjJLWmtVb052bXFIMzdQT2JYOVJNenJBbEk2WmtGSXVHNWVUQWRmV2VSeEw3NVZHbFhjakZLSVplZVB3cTVacFBLVitwNnptaEFhazlMSFBYOTlPVzhBdk1JWFlmbFpvRWJPaWk4L0xUUHhmaU9GZldlWVpPV01hRmpqcTYwTkNYRUs0SDllY1Noc2MvZUhDcUpsdTNzekV2QS9maDVYOUdiUDR0ZHRuS0gyTVc5UitoZ2dRcEVkVmxQemxGbTM5cVI2OU9SbTFhR216Um9xNUFSUUhEeTlCWmJ5Uk02bVZIdEN3UnBIUWtTV2VuL2lkeDdhZTh1RG0wbVVkWkgveUFDUmFTb09LVEhBWFZ5L1RuMlBxRk5PYlRlSnllWXg0UEplb2xsVUpjWEJWTklIODBYWHFvWlR2WWFMNHhtOUN1Ylc4NGZzVVdGdGpFZlQxMkhucTZDdnc5Q0pyLzB6a0Vob29nM29MVitvQ3VCRzJzNFpJVVBiQXZtdldKOGZLQXBOOVVIa3FETVNjeUpkSm1TUEpPemdMV2xScWxaRkVvckJGZTFLZEF3RjlzMm9DM1lyMDVDdHZTV0IybWozcStzRCtBMU5qaWlxIiwiY29udGVudCI6Iltjb250YWN0LWZpZWxkIGxhYmVsPVwiTmF6d2FcIiB0eXBlPVwibmFtZVwiIHJlcXVpcmVkPVwiMVwiXVtjb250YWN0LWZpZWxkIGxhYmVsPVwiRS1tYWlsXCIgdHlwZT1cImVtYWlsXCIgcmVxdWlyZWQ9XCIxXCJdW2NvbnRhY3QtZmllbGQgbGFiZWw9XCJXaWFkb21vXHUwMTViXHUwMTA3XCIgdHlwZT1cInRleHRhcmVhXCJdIiwiaGFzaCI6IjFjODJlZjUxN2JlZTA2MDRkM2M3MTk2MGZiMmJlYjcxMGQ1MzA2ZTUiLCJzb3VyY2UiOnsiZW50cnlfdGl0bGUiOiJPa3JcdTAxMDVnXHUwMTQyYSAyTSIsImVudHJ5X3BhZ2UiOjEsInNvdXJjZV9pZCI6MzQ2LCJzb3VyY2VfdHlwZSI6InNpbmdsZSIsInJlcXVlc3RfdXJsIjoiaHR0cHM6Ly9yZXZpb2JveHNhdW5hLnBsIn0sInZlcnNpb24iOjIsImNpcGhlciI6ImFlcy0yNTYtZ2NtIn0.s_DsvuvCaE_qtwD9BqRfl0pDNuABb2lPvM8P4VKifaY' \/>\n\n<div style=\"\"  data-wp-interactive=\"jetpack\/form\" data-wp-context='{\"fieldId\":\"g346-nazwa\",\"fieldType\":\"name\",\"fieldLabel\":\"Nazwa\",\"fieldValue\":\"\",\"fieldPlaceholder\":\"\",\"fieldIsRequired\":\"1\",\"fieldErrorMessage\":\"\",\"fieldExtra\":[],\"formHash\":\"1c82ef517bee0604d3c71960fb2beb710d5306e5\"}'  class='grunion-field-name-wrap grunion-field-wrap'  data-wp-init='callbacks.initializeField' data-wp-on--jetpack-form-reset='callbacks.initializeField' >\n<label\n\t\t\t\tfor='g346-nazwa' class=\"grunion-field-label name\" >Nazwa<span class=\"grunion-label-required\" aria-hidden=\"true\">(required)<\/span><\/label>\n<input\n\t\t\t\t\ttype='text'\n\t\t\t\t\tname='g346-nazwa'\n\t\t\t\t\tid='g346-nazwa'\n\t\t\t\t\tvalue=''\n\n\t\t\t\t\tdata-wp-bind--aria-invalid='state.fieldHasErrors'\n\t\t\t\t\tdata-wp-bind--value='state.getFieldValue'\n\t\t\t\t\taria-errormessage='g346-nazwa-text-error-message'\n\t\t\t\t\tdata-wp-on--input='actions.onFieldChange'\n\t\t\t\t\tdata-wp-on--blur='actions.onFieldBlur'\n\t\t\t\t\tdata-wp-class--has-value='state.hasFieldValue'\n\n\t\t\t\t\tclass='name  grunion-field' \n\t\t\t\t\trequired='true' aria-required='true'  \/>\n \n\t\t\t<div id=\"g346-nazwa-text-error\" class=\"contact-form__input-error\" data-wp-class--has-errors=\"state.fieldHasErrors\">\n\t\t\t\t<span class=\"contact-form__warning-icon\">\n\t\t\t\t\t<svg width=\"16\" height=\"16\" viewBox=\"0 0 16 16\" fill=\"none\" xmlns=\"http:\/\/www.w3.org\/2000\/svg\">\n\t\t\t\t\t\t<path d=\"M8.50015 11.6402H7.50015V10.6402H8.50015V11.6402Z\" \/>\n\t\t\t\t\t\t<path d=\"M7.50015 9.64018H8.50015V6.30684H7.50015V9.64018Z\" \/>\n\t\t\t\t\t\t<path fill-rule=\"evenodd\" clip-rule=\"evenodd\" d=\"M6.98331 3.0947C7.42933 2.30177 8.57096 2.30177 9.01698 3.09469L13.8771 11.7349C14.3145 12.5126 13.7525 13.4735 12.8602 13.4735H3.14004C2.24774 13.4735 1.68575 12.5126 2.12321 11.7349L6.98331 3.0947ZM8.14541 3.58496C8.08169 3.47168 7.9186 3.47168 7.85488 3.58496L2.99478 12.2251C2.93229 12.3362 3.01257 12.4735 3.14004 12.4735H12.8602C12.9877 12.4735 13.068 12.3362 13.0055 12.2251L8.14541 3.58496Z\" \/>\n\t\t\t\t\t<\/svg>\n\t\t\t\t\t<span class=\"visually-hidden\">Warning<\/span>\n\t\t\t\t<\/span>\n\t\t\t\t<span data-wp-text=\"state.errorMessage\" id=\"g346-nazwa-text-error-message\" role=\"alert\" aria-live=\"assertive\"><\/span>\n\t\t\t<\/div> \n\t<\/div>\n\n<div style=\"\"  data-wp-interactive=\"jetpack\/form\" data-wp-context='{\"fieldId\":\"g346-email\",\"fieldType\":\"email\",\"fieldLabel\":\"E-mail\",\"fieldValue\":\"\",\"fieldPlaceholder\":\"\",\"fieldIsRequired\":\"1\",\"fieldErrorMessage\":\"\",\"fieldExtra\":[],\"formHash\":\"1c82ef517bee0604d3c71960fb2beb710d5306e5\"}'  class='grunion-field-email-wrap grunion-field-wrap'  data-wp-init='callbacks.initializeField' data-wp-on--jetpack-form-reset='callbacks.initializeField' >\n<label\n\t\t\t\tfor='g346-email' class=\"grunion-field-label email\" >E-mail<span class=\"grunion-label-required\" aria-hidden=\"true\">(required)<\/span><\/label>\n<input\n\t\t\t\t\ttype='email'\n\t\t\t\t\tname='g346-email'\n\t\t\t\t\tid='g346-email'\n\t\t\t\t\tvalue=''\n\n\t\t\t\t\tdata-wp-bind--aria-invalid='state.fieldHasErrors'\n\t\t\t\t\tdata-wp-bind--value='state.getFieldValue'\n\t\t\t\t\taria-errormessage='g346-email-email-error-message'\n\t\t\t\t\tdata-wp-on--input='actions.onFieldChange'\n\t\t\t\t\tdata-wp-on--blur='actions.onFieldBlur'\n\t\t\t\t\tdata-wp-class--has-value='state.hasFieldValue'\n\n\t\t\t\t\tclass='email  grunion-field' \n\t\t\t\t\trequired='true' aria-required='true'  \/>\n \n\t\t\t<div id=\"g346-email-email-error\" class=\"contact-form__input-error\" data-wp-class--has-errors=\"state.fieldHasErrors\">\n\t\t\t\t<span class=\"contact-form__warning-icon\">\n\t\t\t\t\t<svg width=\"16\" height=\"16\" viewBox=\"0 0 16 16\" fill=\"none\" xmlns=\"http:\/\/www.w3.org\/2000\/svg\">\n\t\t\t\t\t\t<path d=\"M8.50015 11.6402H7.50015V10.6402H8.50015V11.6402Z\" \/>\n\t\t\t\t\t\t<path d=\"M7.50015 9.64018H8.50015V6.30684H7.50015V9.64018Z\" \/>\n\t\t\t\t\t\t<path fill-rule=\"evenodd\" clip-rule=\"evenodd\" d=\"M6.98331 3.0947C7.42933 2.30177 8.57096 2.30177 9.01698 3.09469L13.8771 11.7349C14.3145 12.5126 13.7525 13.4735 12.8602 13.4735H3.14004C2.24774 13.4735 1.68575 12.5126 2.12321 11.7349L6.98331 3.0947ZM8.14541 3.58496C8.08169 3.47168 7.9186 3.47168 7.85488 3.58496L2.99478 12.2251C2.93229 12.3362 3.01257 12.4735 3.14004 12.4735H12.8602C12.9877 12.4735 13.068 12.3362 13.0055 12.2251L8.14541 3.58496Z\" \/>\n\t\t\t\t\t<\/svg>\n\t\t\t\t\t<span class=\"visually-hidden\">Warning<\/span>\n\t\t\t\t<\/span>\n\t\t\t\t<span data-wp-text=\"state.errorMessage\" id=\"g346-email-email-error-message\" role=\"alert\" aria-live=\"assertive\"><\/span>\n\t\t\t<\/div> \n\t<\/div>\n\n<div style=\"\"  data-wp-interactive=\"jetpack\/form\" data-wp-context='{\"fieldId\":\"g346-wiadomo\",\"fieldType\":\"textarea\",\"fieldLabel\":\"Wiadomo\\u015b\\u0107\",\"fieldValue\":\"\",\"fieldPlaceholder\":\"\",\"fieldIsRequired\":\"\",\"fieldErrorMessage\":\"\",\"fieldExtra\":[],\"formHash\":\"1c82ef517bee0604d3c71960fb2beb710d5306e5\"}'  class='grunion-field-textarea-wrap grunion-field-wrap'  data-wp-init='callbacks.initializeField' data-wp-on--jetpack-form-reset='callbacks.initializeField' >\n<label\n\t\t\t\tfor='contact-form-comment-g346-wiadomo' class=\"grunion-field-label textarea\" >Wiadomo\u015b\u0107<\/label>\n<textarea\n\t\t                style=''\n\t\t                name='g346-wiadomo'\n\t\t                id='contact-form-comment-g346-wiadomo'\n\t\t                rows='20'\n\t\t\t\t\t\tdata-wp-text='state.getFieldValue'\n\t\t\t\t\t\tdata-wp-on--input='actions.onFieldChange'\n\t\t\t\t\t\tdata-wp-on--blur='actions.onFieldBlur'\n\t\t\t\t\t\tdata-wp-class--has-value='state.hasFieldValue'\n\t\t\t\t\t\tdata-wp-bind--aria-invalid='state.fieldHasErrors'\n\t\t\t\t\t\taria-errormessage='g346-wiadomo-textarea-error-message'\n\t\t\t\t\t\tclass='textarea  grunion-field'  ><\/textarea>\n \n\t\t\t<div id=\"g346-wiadomo-textarea-error\" class=\"contact-form__input-error\" data-wp-class--has-errors=\"state.fieldHasErrors\">\n\t\t\t\t<span class=\"contact-form__warning-icon\">\n\t\t\t\t\t<svg width=\"16\" height=\"16\" viewBox=\"0 0 16 16\" fill=\"none\" xmlns=\"http:\/\/www.w3.org\/2000\/svg\">\n\t\t\t\t\t\t<path d=\"M8.50015 11.6402H7.50015V10.6402H8.50015V11.6402Z\" \/>\n\t\t\t\t\t\t<path d=\"M7.50015 9.64018H8.50015V6.30684H7.50015V9.64018Z\" \/>\n\t\t\t\t\t\t<path fill-rule=\"evenodd\" clip-rule=\"evenodd\" d=\"M6.98331 3.0947C7.42933 2.30177 8.57096 2.30177 9.01698 3.09469L13.8771 11.7349C14.3145 12.5126 13.7525 13.4735 12.8602 13.4735H3.14004C2.24774 13.4735 1.68575 12.5126 2.12321 11.7349L6.98331 3.0947ZM8.14541 3.58496C8.08169 3.47168 7.9186 3.47168 7.85488 3.58496L2.99478 12.2251C2.93229 12.3362 3.01257 12.4735 3.14004 12.4735H12.8602C12.9877 12.4735 13.068 12.3362 13.0055 12.2251L8.14541 3.58496Z\" \/>\n\t\t\t\t\t<\/svg>\n\t\t\t\t\t<span class=\"visually-hidden\">Warning<\/span>\n\t\t\t\t<\/span>\n\t\t\t\t<span data-wp-text=\"state.errorMessage\" id=\"g346-wiadomo-textarea-error-message\" role=\"alert\" aria-live=\"assertive\"><\/span>\n\t\t\t<\/div>\n\t<\/div>\n\t<p class='contact-submit'>\n<div class=\"contact-form__error\" data-wp-class--show-errors=\"state.showFormErrors\"><span class=\"contact-form__warning-icon\"><span class=\"visually-hidden\">Warning.<\/span><i aria-hidden=\"true\"><\/i><\/span>\n\t\t\t\t<span data-wp-text=\"state.getFormErrorMessage\"><\/span>\n\t\t\t\t<ul>\n\t\t\t\t<template data-wp-each=\"state.getErrorList\" data-wp-key=\"context.item.id\">\n\t\t\t\t\t<li><a data-wp-bind--href=\"context.item.anchor\" data-wp-on--click=\"actions.scrollIntoView\" data-wp-text=\"context.item.label\"><\/a><\/li>\n\t\t\t\t<\/template>\n\t\t\t\t<\/ul><\/div><div class=\"contact-form__error\" data-wp-class--show-errors=\"state.showSubmissionError\" data-wp-text=\"context.submissionError\"><\/div>\t\t<button type='submit' class='pushbutton-wide'>Submit<\/button>\t\t<input type='hidden' name='contact-form-id' value='346' \/>\n\t\t<input type='hidden' name='action' value='grunion-contact-form' \/>\n\t\t<input type='hidden' name='contact-form-hash' value='1c82ef517bee0604d3c71960fb2beb710d5306e5' \/>\n\t<\/p>\n<\/form>\n<\/div>\n<\/div>\n<\/div>\n<\/div>\n<\/div>\n","protected":false},"excerpt":{"rendered":"<table>\n<tbody>\n<tr>\n<td><img decoding=\"async\" class=\"alignnone wp-image-1750\" src=\"https:\/\/mandewood.lt\/wp-content\/uploads\/2022\/12\/1-2-300x300.png\" alt=\"\" width=\"30\" height=\"30\" \/><span dir=\"auto\">\u00a0 Przeznaczony dla 4 os\u00f3b<\/span><\/td>\n<\/tr>\n<tr>\n<td><img decoding=\"async\" class=\"alignnone wp-image-1754\" src=\"https:\/\/mandewood.lt\/wp-content\/uploads\/2022\/12\/Dizainas-be-pavadinimo-60-300x300.png\" alt=\"\" width=\"30\" height=\"30\" \/><span dir=\"auto\">\u00a0\u00a0Wymiary zewn\u0119trzne \u2013 200 cm d\u0142ugo\u015bci x 244 cm szeroko\u015bci x 229 cm wysoko\u015bci<\/span><\/td>\n<\/tr>\n<tr>\n<td><img decoding=\"async\" class=\"alignnone wp-image-1754\" src=\"https:\/\/mandewood.lt\/wp-content\/uploads\/2022\/12\/Dizainas-be-pavadinimo-60-300x300.png\" alt=\"\" width=\"30\" height=\"30\" \/><span dir=\"auto\">\u00a0\u00a0Wymiary sauny \u2013 178 cm d\u0142ugo\u015bci x 227 cm szeroko\u015bci x 206 cm wysoko\u015bci<\/span><\/td>\n<\/tr>\n<\/tbody>\n<\/table>\n","protected":false},"featured_media":347,"template":"","meta":[],"product_brand":[],"product_cat":[20,18],"product_tag":[],"class_list":{"0":"post-346","1":"product","2":"type-product","3":"status-publish","4":"has-post-thumbnail","6":"product_cat-sauny-beczki","7":"product_cat-sauny-ogrodowe","9":"first","10":"instock","11":"sale","12":"shipping-taxable","13":"purchasable","14":"product-type-simple"},"jetpack_sharing_enabled":true,"_links":{"self":[{"href":"https:\/\/revioboxsauna.pl\/index.php?rest_route=\/wp\/v2\/product\/346","targetHints":{"allow":["GET"]}}],"collection":[{"href":"https:\/\/revioboxsauna.pl\/index.php?rest_route=\/wp\/v2\/product"}],"about":[{"href":"https:\/\/revioboxsauna.pl\/index.php?rest_route=\/wp\/v2\/types\/product"}],"wp:featuredmedia":[{"embeddable":true,"href":"https:\/\/revioboxsauna.pl\/index.php?rest_route=\/wp\/v2\/media\/347"}],"wp:attachment":[{"href":"https:\/\/revioboxsauna.pl\/index.php?rest_route=%2Fwp%2Fv2%2Fmedia&parent=346"}],"wp:term":[{"taxonomy":"product_brand","embeddable":true,"href":"https:\/\/revioboxsauna.pl\/index.php?rest_route=%2Fwp%2Fv2%2Fproduct_brand&post=346"},{"taxonomy":"product_cat","embeddable":true,"href":"https:\/\/revioboxsauna.pl\/index.php?rest_route=%2Fwp%2Fv2%2Fproduct_cat&post=346"},{"taxonomy":"product_tag","embeddable":true,"href":"https:\/\/revioboxsauna.pl\/index.php?rest_route=%2Fwp%2Fv2%2Fproduct_tag&post=346"}],"curies":[{"name":"wp","href":"https:\/\/api.w.org\/{rel}","templated":true}]}}