{"id":340,"date":"2026-02-02T23:47:16","date_gmt":"2026-02-02T22:47:16","guid":{"rendered":"https:\/\/revioboxsauna.pl\/?post_type=product&#038;p=340"},"modified":"2026-02-02T23:48:05","modified_gmt":"2026-02-02T22:48:05","slug":"flow-245x245","status":"publish","type":"product","link":"https:\/\/revioboxsauna.pl\/?product=flow-245x245","title":{"rendered":"Flow 245\u00d7245"},"content":{"rendered":"<div class=\"elementor-element elementor-element-12002682 e-con-full e-flex e-con e-child\" data-id=\"12002682\" data-element_type=\"container\">\n<div class=\"elementor-element elementor-element-2330ae13 elementor-widget elementor-widget-wd_text_block\" data-id=\"2330ae13\" data-element_type=\"widget\" data-widget_type=\"wd_text_block.default\">\n<div class=\"elementor-widget-container\">\n<div class=\"wd-text-block reset-last-child text-left color-scheme-dark\">\n<table class=\" alignleft\">\n<tbody>\n<tr>\n<td><span dir=\"auto\">Wymiary zewn\u0119trzne sauny &#8211; 245 cm x 245 cm<\/span><\/td>\n<\/tr>\n<tr>\n<td><span dir=\"auto\">Wymiary sauny &#8211; 211cm x 211cm<\/span><\/td>\n<\/tr>\n<tr>\n<td><span dir=\"auto\">Wyko\u0144czenie zewn\u0119trzne: boazeria z drewna \u015bwierkowego<\/span><\/td>\n<\/tr>\n<tr>\n<td><span dir=\"auto\">Wyko\u0144czenie wn\u0119trza: boazeria z drewna lipowego klasy A<\/span><\/td>\n<\/tr>\n<tr>\n<td><span dir=\"auto\">Pod\u0142oga: deski pod\u0142ogowe z drewna \u015bwierkowego<\/span><\/td>\n<\/tr>\n<\/tbody>\n<\/table>\n<\/div>\n<\/div>\n<\/div>\n<\/div>\n<div class=\"elementor-element elementor-element-45e9f6ae e-con-full e-flex e-con e-child\" data-id=\"45e9f6ae\" data-element_type=\"container\">\n<div class=\"elementor-element elementor-element-a1b7100 elementor-widget elementor-widget-wd_text_block\" data-id=\"a1b7100\" data-element_type=\"widget\" data-widget_type=\"wd_text_block.default\">\n<div class=\"elementor-widget-container\">\n<div class=\"wd-text-block reset-last-child text-left color-scheme-dark\">\n<table class=\" alignleft\">\n<tbody>\n<tr>\n<td><span dir=\"auto\">Dach blaszany<\/span><\/td>\n<\/tr>\n<tr>\n<td><span dir=\"auto\">Drzwi drewniane ze szk\u0142em hartowanym<\/span><\/td>\n<\/tr>\n<tr>\n<td><span dir=\"auto\">\u0141awki dwupi\u0119trowe<\/span><\/td>\n<\/tr>\n<tr>\n<td><span dir=\"auto\">\u015aciany, dach i pod\u0142oga ocieplone we\u0142n\u0105 PAROC o grubo\u015bci 10 cm<\/span><\/td>\n<\/tr>\n<tr>\n<td><span dir=\"auto\">2szt. okien 200&#215;70 cm<\/span><\/td>\n<\/tr>\n<\/tbody>\n<\/table>\n<div data-test='contact-form'\n\t\t\tid='contact-form-340'\n\t\t\tclass='wp-block-jetpack-contact-form-container '\n\t\t\tdata-wp-interactive='jetpack\/form' data-wp-context='{\"formId\":\"340\",\"formHash\":\"d3be4a8ebc4ca616477af5c94a5d804016ddc957\",\"showErrors\":false,\"errors\":[],\"fields\":[],\"isMultiStep\":false,\"useAjax\":true,\"submissionData\":null,\"formattedSubmissionData\":[],\"submissionSuccess\":false,\"submissionError\":null,\"elementId\":\"jp-form-d3be4a8ebc4ca616477af5c94a5d804016ddc957\",\"isSingleInputForm\":false}'\n\t\t\tdata-wp-watch--scroll-to-wrapper=\"callbacks.scrollToWrapper\"\n\t\t>\n<div class=\"contact-form-submission contact-form-ajax-submission\" data-wp-class--submission-success=\"context.submissionSuccess\"><p class=\"go-back-message\"><a class=\"link\" role=\"button\" tabindex=\"0\" data-wp-on--click=\"actions.goBack\" href=\"\/index.php?rest_route=%2Fwp%2Fv2%2Fproduct%2F340\">Go back<\/a><\/p><h4 id=\"contact-form-success-header\">Your message has been sent<\/h4>\n\n<template data-wp-each--submission=\"context.formattedSubmissionData\">\n\t\t\t\t\t<div class=\"jetpack_forms_contact-form-success-summary\">\n\t\t\t\t\t\t<div class=\"field-name\" data-wp-text=\"context.submission.label\" data-wp-bind--hidden=\"!context.submission.label\"><\/div>\n\t\t\t\t\t\t<div class=\"field-value\" data-wp-text=\"context.submission.value\"><\/div>\n\t\t\t\t\t\t<div class=\"field-images\" data-wp-bind--hidden=\"!context.submission.images\">\n\t\t\t\t\t\t\t<template data-wp-each--image=\"context.submission.images\">\n\t\t\t\t\t\t\t\t<figure class=\"field-image\" data-wp-class--is-empty=\"!context.image\">\n\t\t\t\t\t\t\t\t\t<img data-wp-bind--src=\"context.image\" data-wp-bind--hidden=\"!context.image\" \/>\n\t\t\t\t\t\t\t\t\t<img decoding=\"async\" src=\"data:image\/gif;base64,R0lGODlhAQABAAD\/ACwAAAAAAQABAAACADs=\" data-wp-bind--hidden=\"context.image\" \/>\n\t\t\t\t\t\t\t\t<\/figure>\n\t\t\t\t\t\t\t<\/template>\n\t\t\t\t\t\t<\/div>\n\t\t\t\t\t<\/div>\n\t\t\t\t<\/template><\/div><form action='https:\/\/revioboxsauna.pl\/?product=flow-245x245'\n\t\t\t\tid='jp-form-d3be4a8ebc4ca616477af5c94a5d804016ddc957'\n\t\t\t\tmethod='post'\n\t\t\t\tclass='contact-form commentsblock' aria-label=\"Flow 245\u00d7245\"\n\t\t\t\tdata-wp-on--submit=\"actions.onFormSubmit\"\n\t\t\t\tdata-wp-on--reset=\"actions.onFormReset\"\n\t\t\t\tdata-wp-class--submission-success=\"context.submissionSuccess\"\n\t\t\t\tdata-wp-class--is-first-step=\"state.isFirstStep\"\n\t\t\t\tdata-wp-class--is-last-step=\"state.isLastStep\"\n\t\t\t\tdata-wp-class--is-ajax-form=\"context.useAjax\"\n\t\t\t\tnovalidate >\n<input type='hidden' name='jetpack_contact_form_jwt' value='eyJ0eXAiOiJKV1QiLCJhbGciOiJIUzI1NiJ9.eyJlbmNyeXB0ZWRfYXR0cmlidXRlcyI6IkZwNjRGSWlWMjNJUmZRbDR1NDk0SWtpajdKUHZZS1dBcjJhV1VpbmxNZDA5bi9DVFVZaVlLQUV2Um1ZZGw4WVhFdGZsOE5qbzhmeWZoS2pESnljaTFLM1plSTdjSHFhci9lQWZqamVJdVJMbW9ZU0FLakxML25JeFVaajNZeS9zbjFJUFBZblFKcDFFN294eTNkRTFTVzlCSlFjeUlMZ0Ywd3hDbUYrNTVxdlUySXVDMG1uTFBrd1R5cmlTZmM4azhKOXZ3V1FWRENvYkR3S1UwZG5MNGJUSDJrKzduanQzVWV4Z1JZdjBoT01XMHlTSlRkQlh1S3h5N3lrNFYzN21UUHAxWDZhbGg2S3B5bDJUV0ljeEE0MExWcEVrSUFsdDFhNzlDNktvc0NpTGV2alpHTC92endjVGVTTHNST3ZDMVpvNFdjMGw2Sm5mREt6U0EydFZnNWg0c1VhREg4VmJEMTliYk9kL05IWld0L0pJZU5YTE14aHVnZHJ6U1JQSUFWeWlLMDBNQmJMZTk1RFUzd1NuRTF6SUpnUm9CbDBDK1p2WHNtYitzWUhMN3psS25iMEhzNDZxWEZyN0RiWTZ4N05xSXIyUmt0aXdiK0dOMjdDZzdlMTZjMHhYMGw4WVdZS2I3WnJ1UGx0RE5DQ0YyWWEyeDhFdHJBRXdHYVFlcktpSTlYSHNRazdvZkFrd0l2aUFUem5HVnJuOC8yZ21oOFExTjB2aTVYWUMxejI5NTZiNm9WODgzVVludVlJSk5sNnhpWEhsZVVDOXdvc2VhRjdRN1Jtelp1Z0pueDY1L3JiODByY1YwaTlLczR6c29vU3dsc2QyNlBLOWxhblpIWWhJai9XT01KbVZCQUxoYXhaWCtBTFQyY3lmNFg2MTdNcER1dHB4UjNuT2tFOWRzVlE5eFFjOXh3ZnV2QkdIc0FMazFJc0ppTWFFNEIrVGFOUktLRVByQ21yYy9qcGlWMERFRmhEdlFXOEt1RnRCa0kzU1l6S3JWVUtDT3E0WXRualovS0c1b3Q0b29YaTdNWEpneEk5cVNGclhwMW9PN2NybmVoT3JPd0VIRDYyTDJKUFdQblBGVU1rRlNNSXhONFBTSHFIYzh5b05HN2M4VzhGTzhmeG9EaUg2dGs1bEkzelgiLCJjb250ZW50IjoiW2NvbnRhY3QtZmllbGQgbGFiZWw9XCJOYXp3YVwiIHR5cGU9XCJuYW1lXCIgcmVxdWlyZWQ9XCIxXCJdW2NvbnRhY3QtZmllbGQgbGFiZWw9XCJFLW1haWxcIiB0eXBlPVwiZW1haWxcIiByZXF1aXJlZD1cIjFcIl1bY29udGFjdC1maWVsZCBsYWJlbD1cIldpYWRvbW9cdTAxNWJcdTAxMDdcIiB0eXBlPVwidGV4dGFyZWFcIl0iLCJoYXNoIjoiZDNiZTRhOGViYzRjYTYxNjQ3N2FmNWM5NGE1ZDgwNDAxNmRkYzk1NyIsInNvdXJjZSI6eyJlbnRyeV90aXRsZSI6IkZsb3cgMjQ1XHUwMGQ3MjQ1IiwiZW50cnlfcGFnZSI6MSwic291cmNlX2lkIjozNDAsInNvdXJjZV90eXBlIjoic2luZ2xlIiwicmVxdWVzdF91cmwiOiJodHRwczovL3JldmlvYm94c2F1bmEucGwifSwidmVyc2lvbiI6MiwiY2lwaGVyIjoiYWVzLTI1Ni1nY20ifQ.8pouHG1HcYeyNrA9iR8GrsfzQtRl9HgiduGqrf-w-Dk' \/>\n\n<div style=\"\"  data-wp-interactive=\"jetpack\/form\" data-wp-context='{\"fieldId\":\"g340-nazwa\",\"fieldType\":\"name\",\"fieldLabel\":\"Nazwa\",\"fieldValue\":\"\",\"fieldPlaceholder\":\"\",\"fieldIsRequired\":\"1\",\"fieldErrorMessage\":\"\",\"fieldExtra\":[],\"formHash\":\"d3be4a8ebc4ca616477af5c94a5d804016ddc957\"}'  class='grunion-field-name-wrap grunion-field-wrap'  data-wp-init='callbacks.initializeField' data-wp-on--jetpack-form-reset='callbacks.initializeField' >\n<label\n\t\t\t\tfor='g340-nazwa' class=\"grunion-field-label name\" >Nazwa<span class=\"grunion-label-required\" aria-hidden=\"true\">(required)<\/span><\/label>\n<input\n\t\t\t\t\ttype='text'\n\t\t\t\t\tname='g340-nazwa'\n\t\t\t\t\tid='g340-nazwa'\n\t\t\t\t\tvalue=''\n\n\t\t\t\t\tdata-wp-bind--aria-invalid='state.fieldHasErrors'\n\t\t\t\t\tdata-wp-bind--value='state.getFieldValue'\n\t\t\t\t\taria-errormessage='g340-nazwa-text-error-message'\n\t\t\t\t\tdata-wp-on--input='actions.onFieldChange'\n\t\t\t\t\tdata-wp-on--blur='actions.onFieldBlur'\n\t\t\t\t\tdata-wp-class--has-value='state.hasFieldValue'\n\n\t\t\t\t\tclass='name  grunion-field' \n\t\t\t\t\trequired='true' aria-required='true'  \/>\n \n\t\t\t<div id=\"g340-nazwa-text-error\" class=\"contact-form__input-error\" data-wp-class--has-errors=\"state.fieldHasErrors\">\n\t\t\t\t<span class=\"contact-form__warning-icon\">\n\t\t\t\t\t<svg width=\"16\" height=\"16\" viewBox=\"0 0 16 16\" fill=\"none\" xmlns=\"http:\/\/www.w3.org\/2000\/svg\">\n\t\t\t\t\t\t<path d=\"M8.50015 11.6402H7.50015V10.6402H8.50015V11.6402Z\" \/>\n\t\t\t\t\t\t<path d=\"M7.50015 9.64018H8.50015V6.30684H7.50015V9.64018Z\" \/>\n\t\t\t\t\t\t<path fill-rule=\"evenodd\" clip-rule=\"evenodd\" d=\"M6.98331 3.0947C7.42933 2.30177 8.57096 2.30177 9.01698 3.09469L13.8771 11.7349C14.3145 12.5126 13.7525 13.4735 12.8602 13.4735H3.14004C2.24774 13.4735 1.68575 12.5126 2.12321 11.7349L6.98331 3.0947ZM8.14541 3.58496C8.08169 3.47168 7.9186 3.47168 7.85488 3.58496L2.99478 12.2251C2.93229 12.3362 3.01257 12.4735 3.14004 12.4735H12.8602C12.9877 12.4735 13.068 12.3362 13.0055 12.2251L8.14541 3.58496Z\" \/>\n\t\t\t\t\t<\/svg>\n\t\t\t\t\t<span class=\"visually-hidden\">Warning<\/span>\n\t\t\t\t<\/span>\n\t\t\t\t<span data-wp-text=\"state.errorMessage\" id=\"g340-nazwa-text-error-message\" role=\"alert\" aria-live=\"assertive\"><\/span>\n\t\t\t<\/div> \n\t<\/div>\n\n<div style=\"\"  data-wp-interactive=\"jetpack\/form\" data-wp-context='{\"fieldId\":\"g340-email\",\"fieldType\":\"email\",\"fieldLabel\":\"E-mail\",\"fieldValue\":\"\",\"fieldPlaceholder\":\"\",\"fieldIsRequired\":\"1\",\"fieldErrorMessage\":\"\",\"fieldExtra\":[],\"formHash\":\"d3be4a8ebc4ca616477af5c94a5d804016ddc957\"}'  class='grunion-field-email-wrap grunion-field-wrap'  data-wp-init='callbacks.initializeField' data-wp-on--jetpack-form-reset='callbacks.initializeField' >\n<label\n\t\t\t\tfor='g340-email' class=\"grunion-field-label email\" >E-mail<span class=\"grunion-label-required\" aria-hidden=\"true\">(required)<\/span><\/label>\n<input\n\t\t\t\t\ttype='email'\n\t\t\t\t\tname='g340-email'\n\t\t\t\t\tid='g340-email'\n\t\t\t\t\tvalue=''\n\n\t\t\t\t\tdata-wp-bind--aria-invalid='state.fieldHasErrors'\n\t\t\t\t\tdata-wp-bind--value='state.getFieldValue'\n\t\t\t\t\taria-errormessage='g340-email-email-error-message'\n\t\t\t\t\tdata-wp-on--input='actions.onFieldChange'\n\t\t\t\t\tdata-wp-on--blur='actions.onFieldBlur'\n\t\t\t\t\tdata-wp-class--has-value='state.hasFieldValue'\n\n\t\t\t\t\tclass='email  grunion-field' \n\t\t\t\t\trequired='true' aria-required='true'  \/>\n \n\t\t\t<div id=\"g340-email-email-error\" class=\"contact-form__input-error\" data-wp-class--has-errors=\"state.fieldHasErrors\">\n\t\t\t\t<span class=\"contact-form__warning-icon\">\n\t\t\t\t\t<svg width=\"16\" height=\"16\" viewBox=\"0 0 16 16\" fill=\"none\" xmlns=\"http:\/\/www.w3.org\/2000\/svg\">\n\t\t\t\t\t\t<path d=\"M8.50015 11.6402H7.50015V10.6402H8.50015V11.6402Z\" \/>\n\t\t\t\t\t\t<path d=\"M7.50015 9.64018H8.50015V6.30684H7.50015V9.64018Z\" \/>\n\t\t\t\t\t\t<path fill-rule=\"evenodd\" clip-rule=\"evenodd\" d=\"M6.98331 3.0947C7.42933 2.30177 8.57096 2.30177 9.01698 3.09469L13.8771 11.7349C14.3145 12.5126 13.7525 13.4735 12.8602 13.4735H3.14004C2.24774 13.4735 1.68575 12.5126 2.12321 11.7349L6.98331 3.0947ZM8.14541 3.58496C8.08169 3.47168 7.9186 3.47168 7.85488 3.58496L2.99478 12.2251C2.93229 12.3362 3.01257 12.4735 3.14004 12.4735H12.8602C12.9877 12.4735 13.068 12.3362 13.0055 12.2251L8.14541 3.58496Z\" \/>\n\t\t\t\t\t<\/svg>\n\t\t\t\t\t<span class=\"visually-hidden\">Warning<\/span>\n\t\t\t\t<\/span>\n\t\t\t\t<span data-wp-text=\"state.errorMessage\" id=\"g340-email-email-error-message\" role=\"alert\" aria-live=\"assertive\"><\/span>\n\t\t\t<\/div> \n\t<\/div>\n\n<div style=\"\"  data-wp-interactive=\"jetpack\/form\" data-wp-context='{\"fieldId\":\"g340-wiadomo\",\"fieldType\":\"textarea\",\"fieldLabel\":\"Wiadomo\\u015b\\u0107\",\"fieldValue\":\"\",\"fieldPlaceholder\":\"\",\"fieldIsRequired\":\"\",\"fieldErrorMessage\":\"\",\"fieldExtra\":[],\"formHash\":\"d3be4a8ebc4ca616477af5c94a5d804016ddc957\"}'  class='grunion-field-textarea-wrap grunion-field-wrap'  data-wp-init='callbacks.initializeField' data-wp-on--jetpack-form-reset='callbacks.initializeField' >\n<label\n\t\t\t\tfor='contact-form-comment-g340-wiadomo' class=\"grunion-field-label textarea\" >Wiadomo\u015b\u0107<\/label>\n<textarea\n\t\t                style=''\n\t\t                name='g340-wiadomo'\n\t\t                id='contact-form-comment-g340-wiadomo'\n\t\t                rows='20'\n\t\t\t\t\t\tdata-wp-text='state.getFieldValue'\n\t\t\t\t\t\tdata-wp-on--input='actions.onFieldChange'\n\t\t\t\t\t\tdata-wp-on--blur='actions.onFieldBlur'\n\t\t\t\t\t\tdata-wp-class--has-value='state.hasFieldValue'\n\t\t\t\t\t\tdata-wp-bind--aria-invalid='state.fieldHasErrors'\n\t\t\t\t\t\taria-errormessage='g340-wiadomo-textarea-error-message'\n\t\t\t\t\t\tclass='textarea  grunion-field'  ><\/textarea>\n \n\t\t\t<div id=\"g340-wiadomo-textarea-error\" class=\"contact-form__input-error\" data-wp-class--has-errors=\"state.fieldHasErrors\">\n\t\t\t\t<span class=\"contact-form__warning-icon\">\n\t\t\t\t\t<svg width=\"16\" height=\"16\" viewBox=\"0 0 16 16\" fill=\"none\" xmlns=\"http:\/\/www.w3.org\/2000\/svg\">\n\t\t\t\t\t\t<path d=\"M8.50015 11.6402H7.50015V10.6402H8.50015V11.6402Z\" \/>\n\t\t\t\t\t\t<path d=\"M7.50015 9.64018H8.50015V6.30684H7.50015V9.64018Z\" \/>\n\t\t\t\t\t\t<path fill-rule=\"evenodd\" clip-rule=\"evenodd\" d=\"M6.98331 3.0947C7.42933 2.30177 8.57096 2.30177 9.01698 3.09469L13.8771 11.7349C14.3145 12.5126 13.7525 13.4735 12.8602 13.4735H3.14004C2.24774 13.4735 1.68575 12.5126 2.12321 11.7349L6.98331 3.0947ZM8.14541 3.58496C8.08169 3.47168 7.9186 3.47168 7.85488 3.58496L2.99478 12.2251C2.93229 12.3362 3.01257 12.4735 3.14004 12.4735H12.8602C12.9877 12.4735 13.068 12.3362 13.0055 12.2251L8.14541 3.58496Z\" \/>\n\t\t\t\t\t<\/svg>\n\t\t\t\t\t<span class=\"visually-hidden\">Warning<\/span>\n\t\t\t\t<\/span>\n\t\t\t\t<span data-wp-text=\"state.errorMessage\" id=\"g340-wiadomo-textarea-error-message\" role=\"alert\" aria-live=\"assertive\"><\/span>\n\t\t\t<\/div>\n\t<\/div>\n\t<p class='contact-submit'>\n<div class=\"contact-form__error\" data-wp-class--show-errors=\"state.showFormErrors\"><span class=\"contact-form__warning-icon\"><span class=\"visually-hidden\">Warning.<\/span><i aria-hidden=\"true\"><\/i><\/span>\n\t\t\t\t<span data-wp-text=\"state.getFormErrorMessage\"><\/span>\n\t\t\t\t<ul>\n\t\t\t\t<template data-wp-each=\"state.getErrorList\" data-wp-key=\"context.item.id\">\n\t\t\t\t\t<li><a data-wp-bind--href=\"context.item.anchor\" data-wp-on--click=\"actions.scrollIntoView\" data-wp-text=\"context.item.label\"><\/a><\/li>\n\t\t\t\t<\/template>\n\t\t\t\t<\/ul><\/div><div class=\"contact-form__error\" data-wp-class--show-errors=\"state.showSubmissionError\" data-wp-text=\"context.submissionError\"><\/div>\t\t<button type='submit' class='pushbutton-wide'>Submit<\/button>\t\t<input type='hidden' name='contact-form-id' value='340' \/>\n\t\t<input type='hidden' name='action' value='grunion-contact-form' \/>\n\t\t<input type='hidden' name='contact-form-hash' value='d3be4a8ebc4ca616477af5c94a5d804016ddc957' \/>\n\t<\/p>\n<\/form>\n<\/div>\n<\/div>\n<\/div>\n<\/div>\n<\/div>\n","protected":false},"excerpt":{"rendered":"<div class=\"elementor-element elementor-element-7ab3686 elementor-widget elementor-widget-woocommerce-product-short-description\" data-id=\"7ab3686\" data-element_type=\"widget\" data-widget_type=\"woocommerce-product-short-description.default\">\n<div class=\"elementor-widget-container\">\n<div class=\"woocommerce-product-details__short-description\">\n<table>\n<tbody>\n<tr>\n<td><img decoding=\"async\" class=\"alignnone wp-image-1754\" src=\"https:\/\/mandewood.lt\/wp-content\/uploads\/2022\/12\/Dizainas-be-pavadinimo-60-300x300.png\" alt=\"\" width=\"30\" height=\"30\" \/><span dir=\"auto\">\u00a0\u00a0 Wymiary zewn\u0119trzne sauny \u2013 245 cm x 245 cm<\/span><\/td>\n<\/tr>\n<tr>\n<td><img decoding=\"async\" class=\"alignnone wp-image-1754\" src=\"https:\/\/mandewood.lt\/wp-content\/uploads\/2022\/12\/Dizainas-be-pavadinimo-60-300x300.png\" alt=\"\" width=\"30\" height=\"30\" \/><span dir=\"auto\">\u00a0 \u00a0Wymiary sauny \u2013 211 cm x 211 cm<\/span><\/td>\n<\/tr>\n<\/tbody>\n<\/table>\n<ul>\n<li><span dir=\"auto\">Wyko\u0144czenie zewn\u0119trzne: boazeria z drewna \u015bwierkowego;<\/span><\/li>\n<li><span dir=\"auto\">Wyko\u0144czenie wn\u0119trza: boazeria z drewna lipowego klasy A;<\/span><\/li>\n<li><span dir=\"auto\">Pod\u0142oga: deski pod\u0142ogowe z drewna \u015bwierkowego;<\/span><\/li>\n<li><span dir=\"auto\">Dach blaszany;<\/span><\/li>\n<li><span dir=\"auto\">Drzwi drewniane ze szk\u0142em hartowanym;<\/span><\/li>\n<li><span dir=\"auto\">\u0141awki dwupi\u0119trowe;<\/span><\/li>\n<li><span dir=\"auto\">\u015aciany, dach i pod\u0142oga ocieplone we\u0142n\u0105 PAROC o grubo\u015bci 10 cm;<\/span><\/li>\n<li><span dir=\"auto\">2 szt. okien 200\u00d770 cm.<\/span><\/li>\n<\/ul>\n<\/div>\n<\/div>\n<\/div>\n<div class=\"elementor-element elementor-element-71c59e7c elementor-widget__width-initial elementor-widget elementor-widget-text-editor\" data-id=\"71c59e7c\" data-element_type=\"widget\" data-widget_type=\"text-editor.default\">\n<div class=\"elementor-widget-container\">\n<p><span dir=\"auto\">Aby z\u0142o\u017cy\u0107 zam\u00f3wienie, skontaktuj si\u0119 z nami pod numerem\u00a0<\/span><em><strong><span dir=\"auto\">+48 570 494 894 <\/span><\/strong><\/em><\/p>\n<p><span dir=\"auto\">lub napisz na adres e-mail\u00a0<\/span><em><strong><a rel=\"noopener\"><span dir=\"auto\">biuro@revioboxsauna.pl<\/span><\/a><\/strong><\/em><\/p>\n<\/div>\n<\/div>\n","protected":false},"featured_media":341,"template":"","meta":[],"product_brand":[],"product_cat":[19,18],"product_tag":[],"class_list":{"0":"post-340","1":"product","2":"type-product","3":"status-publish","4":"has-post-thumbnail","6":"product_cat-sauny-izolowane-lux","7":"product_cat-sauny-ogrodowe","9":"first","10":"instock","11":"sale","12":"shipping-taxable","13":"purchasable","14":"product-type-simple"},"jetpack_sharing_enabled":true,"_links":{"self":[{"href":"https:\/\/revioboxsauna.pl\/index.php?rest_route=\/wp\/v2\/product\/340","targetHints":{"allow":["GET"]}}],"collection":[{"href":"https:\/\/revioboxsauna.pl\/index.php?rest_route=\/wp\/v2\/product"}],"about":[{"href":"https:\/\/revioboxsauna.pl\/index.php?rest_route=\/wp\/v2\/types\/product"}],"wp:featuredmedia":[{"embeddable":true,"href":"https:\/\/revioboxsauna.pl\/index.php?rest_route=\/wp\/v2\/media\/341"}],"wp:attachment":[{"href":"https:\/\/revioboxsauna.pl\/index.php?rest_route=%2Fwp%2Fv2%2Fmedia&parent=340"}],"wp:term":[{"taxonomy":"product_brand","embeddable":true,"href":"https:\/\/revioboxsauna.pl\/index.php?rest_route=%2Fwp%2Fv2%2Fproduct_brand&post=340"},{"taxonomy":"product_cat","embeddable":true,"href":"https:\/\/revioboxsauna.pl\/index.php?rest_route=%2Fwp%2Fv2%2Fproduct_cat&post=340"},{"taxonomy":"product_tag","embeddable":true,"href":"https:\/\/revioboxsauna.pl\/index.php?rest_route=%2Fwp%2Fv2%2Fproduct_tag&post=340"}],"curies":[{"name":"wp","href":"https:\/\/api.w.org\/{rel}","templated":true}]}}