{"id":307,"date":"2026-02-02T22:24:52","date_gmt":"2026-02-02T21:24:52","guid":{"rendered":"https:\/\/revioboxsauna.pl\/?post_type=product&#038;p=307"},"modified":"2026-02-05T21:28:10","modified_gmt":"2026-02-05T20:28:10","slug":"frame-sauna-origin-240x300","status":"publish","type":"product","link":"https:\/\/revioboxsauna.pl\/?product=frame-sauna-origin-240x300","title":{"rendered":"Origin 240\u00d7300"},"content":{"rendered":"<table style=\"height: 240px;\" width=\"894\">\n<tbody>\n<tr>\n<td><span dir=\"auto\">Wyko\u0144czenie zewn\u0119trzne: szczotkowane drewno \u015bwierkowe<\/span><\/td>\n<td><span dir=\"auto\">Wyko\u0144czenie wn\u0119trza sauny:\u00a0\u00a0<\/span><span data-start=\"69\" data-end=\"92\"><span dir=\"auto\">ok\u0142adzina z drewna termoizolacyjnego<\/span><\/span><\/td>\n<\/tr>\n<tr>\n<td><span dir=\"auto\">\u015aciany, dach i pod\u0142oga ocieplone we\u0142n\u0105 PAROC o grubo\u015bci 10 cm\u00a0 \u00a0 \u00a0 \u00a0 \u00a0 \u00a0 \u00a0 \u00a0 \u00a0 \u00a0 \u00a0 \u00a0 \u00a0 \u00a0 \u00a0 \u00a0 \u00a0 \u00a0 \u00a0 \u00a0 \u00a0 \u00a0 \u00a0 \u00a0 \u00a0<\/span><\/td>\n<td><span dir=\"auto\">\u0141awki: drewno termoutwardzalne, szeroko\u015b\u0107 60 cm<\/span><\/td>\n<\/tr>\n<tr>\n<td><span dir=\"auto\">Okna: 196x140cm, podw\u00f3jne szyby<\/span><\/td>\n<td><span dir=\"auto\">Pod\u0142oga w saunie: deski elewacyjne z termodrewna\u00a0\u00a0\u00a0\u00a0\u00a0\u00a0\u00a0\u00a0\u00a0\u00a0\u00a0\u00a0\u00a0\u00a0\u00a0\u00a0\u00a0\u00a0\u00a0\u00a0\u00a0\u00a0\u00a0\u00a0\u00a0\u00a0\u00a0\u00a0\u00a0\u00a0\u00a0\u00a0\u00a0\u00a0\u00a0\u00a0\u00a0\u00a0\u00a0\u00a0\u00a0\u00a0\u00a0\u00a0\u00a0\u00a0\u00a0\u00a0<\/span><\/td>\n<\/tr>\n<tr>\n<td><span dir=\"auto\">Drzwi: szk\u0142o hartowane<\/span><\/td>\n<td><span dir=\"auto\">O\u015bwietlenie: sauna \u2013 o\u015bwietlenie LED pod \u0142awkami<\/span><br \/>\n<span dir=\"auto\">oraz 2 lampy LED na zewn\u0105trz<\/span><\/td>\n<\/tr>\n<tr>\n<td><span dir=\"auto\">Dach: gonty drewniane<\/span><\/td>\n<\/tr>\n<\/tbody>\n<\/table>\n<div data-test='contact-form'\n\t\t\tid='contact-form-307'\n\t\t\tclass='wp-block-jetpack-contact-form-container '\n\t\t\tdata-wp-interactive='jetpack\/form' data-wp-context='{\"formId\":\"307\",\"formHash\":\"08c5aaa5427132149eff9ebe717d376004e8d3f8\",\"showErrors\":false,\"errors\":[],\"fields\":[],\"isMultiStep\":false,\"useAjax\":true,\"submissionData\":null,\"formattedSubmissionData\":[],\"submissionSuccess\":false,\"submissionError\":null,\"elementId\":\"jp-form-08c5aaa5427132149eff9ebe717d376004e8d3f8\",\"isSingleInputForm\":false}'\n\t\t\tdata-wp-watch--scroll-to-wrapper=\"callbacks.scrollToWrapper\"\n\t\t>\n<div class=\"contact-form-submission contact-form-ajax-submission\" data-wp-class--submission-success=\"context.submissionSuccess\"><p class=\"go-back-message\"><a class=\"link\" role=\"button\" tabindex=\"0\" data-wp-on--click=\"actions.goBack\" href=\"\/index.php?rest_route=%2Fwp%2Fv2%2Fproduct%2F307\">Go back<\/a><\/p><h4 id=\"contact-form-success-header\">Your message has been sent<\/h4>\n\n<template data-wp-each--submission=\"context.formattedSubmissionData\">\n\t\t\t\t\t<div class=\"jetpack_forms_contact-form-success-summary\">\n\t\t\t\t\t\t<div class=\"field-name\" data-wp-text=\"context.submission.label\" data-wp-bind--hidden=\"!context.submission.label\"><\/div>\n\t\t\t\t\t\t<div class=\"field-value\" data-wp-text=\"context.submission.value\"><\/div>\n\t\t\t\t\t\t<div class=\"field-images\" data-wp-bind--hidden=\"!context.submission.images\">\n\t\t\t\t\t\t\t<template data-wp-each--image=\"context.submission.images\">\n\t\t\t\t\t\t\t\t<figure class=\"field-image\" data-wp-class--is-empty=\"!context.image\">\n\t\t\t\t\t\t\t\t\t<img data-wp-bind--src=\"context.image\" data-wp-bind--hidden=\"!context.image\" \/>\n\t\t\t\t\t\t\t\t\t<img decoding=\"async\" src=\"data:image\/gif;base64,R0lGODlhAQABAAD\/ACwAAAAAAQABAAACADs=\" data-wp-bind--hidden=\"context.image\" \/>\n\t\t\t\t\t\t\t\t<\/figure>\n\t\t\t\t\t\t\t<\/template>\n\t\t\t\t\t\t<\/div>\n\t\t\t\t\t<\/div>\n\t\t\t\t<\/template><\/div><form action='https:\/\/revioboxsauna.pl\/?product=frame-sauna-origin-240x300'\n\t\t\t\tid='jp-form-08c5aaa5427132149eff9ebe717d376004e8d3f8'\n\t\t\t\tmethod='post'\n\t\t\t\tclass='contact-form commentsblock' aria-label=\"Origin 240\u00d7300\"\n\t\t\t\tdata-wp-on--submit=\"actions.onFormSubmit\"\n\t\t\t\tdata-wp-on--reset=\"actions.onFormReset\"\n\t\t\t\tdata-wp-class--submission-success=\"context.submissionSuccess\"\n\t\t\t\tdata-wp-class--is-first-step=\"state.isFirstStep\"\n\t\t\t\tdata-wp-class--is-last-step=\"state.isLastStep\"\n\t\t\t\tdata-wp-class--is-ajax-form=\"context.useAjax\"\n\t\t\t\tnovalidate >\n<input type='hidden' name='jetpack_contact_form_jwt' value='eyJ0eXAiOiJKV1QiLCJhbGciOiJIUzI1NiJ9.eyJlbmNyeXB0ZWRfYXR0cmlidXRlcyI6ImlHYy9yWk1OdDN2RVg2bXhJL1k4dDlzYmVITi96VFFtdjI0SXhSWCtlZ3BYaHlWWG1KRzFtQXorTE1hUWsxZnhZeTJ0RDJEMDRFanJ1YVdLc3JXN3AxQmNYSHZVSTA2cXpWKzJzMDk4NHd0V3laM05aemJBVlRJdDdlZUNFeXBTTVBrQjVlbEN1Vmk4c3NCZEJUbms0VVpTK1pSQUxHcjVQMyt5Y25aclVjUldRL2F3VnF2M2N2U0psTU9mRitBcEd1MXVUTklheGkybk04WVpJT2xCOWtqcFBGdzdSY0ljVU1iZnBmaStRQ1FOZDM1N1dNbVZJblZEekFleEtacjEvc25JR3ZOMmJCUVA0dWlycUk0OXFJNkZ0TXZOWklsUW42emFyTlEvREV4dEpZSlYvdFpZSjZETUxBdCtvR1l2VS9LSCtGY2hWZ0plamtLY0x4K0JvdzkxVUpJdkxFZVplVlVIdGVObUxOSUloOEl3djFOQmdwcE8yR1Mwekh1aVNsTlczaDQzZ0g0UDBpbjlNVXR5NTlpR1ltaHdURjl0dzZpcm5jbVlHbHBoQXNIQXYwcVcrd1hZalMyRm5IQTUwVUR5ejRSZE43U2FEWUJKMnVSYXltdUNFVXZhZCtYa0ZDK3E5dUduYVlRcFAzZkRCNjB6OGRDbno0RUFrQUw2dnB6cHd0RDZtVE9tWTdYVE9rbllDZ3dKZ1hYUHVIUCtGTG1hbTdnMmtEemdDeUpyUHc1T0xXZ2oyN0xqVlFUNzE3aEo2clNDUTkraWVmN0lxcGV1Zm9JOGJNaFgwSFpGYmE4ck1EY25PT0xYVkl6TWh3OENmMXRibUR6Y2o2QzN4aWRrcGNFVGpSbW1GZGRwZ0R5Vm4yS2Zpc05UWHNHUzM1WFZ2WW04UmxzNURYVjcvWXF5Q2R4cGI4YVZmbWEvbWdTZzU0ZzVCZG4zM3Q3ZE1HVmxhTnc2N1ZQZVBoWnhwVnpQWEhLemthRmgvb1ZaNUUvYzJxRk5tVWtWSXpRb0Rjb2hadDZLYkJ3ei8veEE0Sk1kdG5EUE94U0lPWTNhU29LWGNzMkR1ZTgvMXNwQXo3aEgyOGRoY09IUSsvdThQS0FrSFQ0UERxUHc5clN4WUZueDR0ODlNelY2ZFp0SUZrZGJISnVtdStxcW9DOHJxTldyZGgwPSIsImNvbnRlbnQiOiJbY29udGFjdC1maWVsZCBsYWJlbD1cIk5hendhXCIgdHlwZT1cIm5hbWVcIiByZXF1aXJlZD1cIjFcIl1bY29udGFjdC1maWVsZCBsYWJlbD1cIkUtbWFpbFwiIHR5cGU9XCJlbWFpbFwiIHJlcXVpcmVkPVwiMVwiXVtjb250YWN0LWZpZWxkIGxhYmVsPVwiV2lhZG9tb1x1MDE1Ylx1MDEwN1wiIHR5cGU9XCJ0ZXh0YXJlYVwiXSIsImhhc2giOiIwOGM1YWFhNTQyNzEzMjE0OWVmZjllYmU3MTdkMzc2MDA0ZThkM2Y4Iiwic291cmNlIjp7ImVudHJ5X3RpdGxlIjoiT3JpZ2luIDI0MFx1MDBkNzMwMCIsImVudHJ5X3BhZ2UiOjEsInNvdXJjZV9pZCI6MzA3LCJzb3VyY2VfdHlwZSI6InNpbmdsZSIsInJlcXVlc3RfdXJsIjoiaHR0cHM6Ly9yZXZpb2JveHNhdW5hLnBsIn0sInZlcnNpb24iOjIsImNpcGhlciI6ImFlcy0yNTYtZ2NtIn0.WMBwKTNxYwbwPk4Ovff-MoPD2kZAm4DebVaSGiC8pWE' \/>\n\n<div style=\"\"  data-wp-interactive=\"jetpack\/form\" data-wp-context='{\"fieldId\":\"g307-nazwa\",\"fieldType\":\"name\",\"fieldLabel\":\"Nazwa\",\"fieldValue\":\"\",\"fieldPlaceholder\":\"\",\"fieldIsRequired\":\"1\",\"fieldErrorMessage\":\"\",\"fieldExtra\":[],\"formHash\":\"08c5aaa5427132149eff9ebe717d376004e8d3f8\"}'  class='grunion-field-name-wrap grunion-field-wrap'  data-wp-init='callbacks.initializeField' data-wp-on--jetpack-form-reset='callbacks.initializeField' >\n<label\n\t\t\t\tfor='g307-nazwa' class=\"grunion-field-label name\" >Nazwa<span class=\"grunion-label-required\" aria-hidden=\"true\">(required)<\/span><\/label>\n<input\n\t\t\t\t\ttype='text'\n\t\t\t\t\tname='g307-nazwa'\n\t\t\t\t\tid='g307-nazwa'\n\t\t\t\t\tvalue=''\n\n\t\t\t\t\tdata-wp-bind--aria-invalid='state.fieldHasErrors'\n\t\t\t\t\tdata-wp-bind--value='state.getFieldValue'\n\t\t\t\t\taria-errormessage='g307-nazwa-text-error-message'\n\t\t\t\t\tdata-wp-on--input='actions.onFieldChange'\n\t\t\t\t\tdata-wp-on--blur='actions.onFieldBlur'\n\t\t\t\t\tdata-wp-class--has-value='state.hasFieldValue'\n\n\t\t\t\t\tclass='name  grunion-field' \n\t\t\t\t\trequired='true' aria-required='true'  \/>\n \n\t\t\t<div id=\"g307-nazwa-text-error\" class=\"contact-form__input-error\" data-wp-class--has-errors=\"state.fieldHasErrors\">\n\t\t\t\t<span class=\"contact-form__warning-icon\">\n\t\t\t\t\t<svg width=\"16\" height=\"16\" viewBox=\"0 0 16 16\" fill=\"none\" xmlns=\"http:\/\/www.w3.org\/2000\/svg\">\n\t\t\t\t\t\t<path d=\"M8.50015 11.6402H7.50015V10.6402H8.50015V11.6402Z\" \/>\n\t\t\t\t\t\t<path d=\"M7.50015 9.64018H8.50015V6.30684H7.50015V9.64018Z\" \/>\n\t\t\t\t\t\t<path fill-rule=\"evenodd\" clip-rule=\"evenodd\" d=\"M6.98331 3.0947C7.42933 2.30177 8.57096 2.30177 9.01698 3.09469L13.8771 11.7349C14.3145 12.5126 13.7525 13.4735 12.8602 13.4735H3.14004C2.24774 13.4735 1.68575 12.5126 2.12321 11.7349L6.98331 3.0947ZM8.14541 3.58496C8.08169 3.47168 7.9186 3.47168 7.85488 3.58496L2.99478 12.2251C2.93229 12.3362 3.01257 12.4735 3.14004 12.4735H12.8602C12.9877 12.4735 13.068 12.3362 13.0055 12.2251L8.14541 3.58496Z\" \/>\n\t\t\t\t\t<\/svg>\n\t\t\t\t\t<span class=\"visually-hidden\">Warning<\/span>\n\t\t\t\t<\/span>\n\t\t\t\t<span data-wp-text=\"state.errorMessage\" id=\"g307-nazwa-text-error-message\" role=\"alert\" aria-live=\"assertive\"><\/span>\n\t\t\t<\/div> \n\t<\/div>\n\n<div style=\"\"  data-wp-interactive=\"jetpack\/form\" data-wp-context='{\"fieldId\":\"g307-email\",\"fieldType\":\"email\",\"fieldLabel\":\"E-mail\",\"fieldValue\":\"\",\"fieldPlaceholder\":\"\",\"fieldIsRequired\":\"1\",\"fieldErrorMessage\":\"\",\"fieldExtra\":[],\"formHash\":\"08c5aaa5427132149eff9ebe717d376004e8d3f8\"}'  class='grunion-field-email-wrap grunion-field-wrap'  data-wp-init='callbacks.initializeField' data-wp-on--jetpack-form-reset='callbacks.initializeField' >\n<label\n\t\t\t\tfor='g307-email' class=\"grunion-field-label email\" >E-mail<span class=\"grunion-label-required\" aria-hidden=\"true\">(required)<\/span><\/label>\n<input\n\t\t\t\t\ttype='email'\n\t\t\t\t\tname='g307-email'\n\t\t\t\t\tid='g307-email'\n\t\t\t\t\tvalue=''\n\n\t\t\t\t\tdata-wp-bind--aria-invalid='state.fieldHasErrors'\n\t\t\t\t\tdata-wp-bind--value='state.getFieldValue'\n\t\t\t\t\taria-errormessage='g307-email-email-error-message'\n\t\t\t\t\tdata-wp-on--input='actions.onFieldChange'\n\t\t\t\t\tdata-wp-on--blur='actions.onFieldBlur'\n\t\t\t\t\tdata-wp-class--has-value='state.hasFieldValue'\n\n\t\t\t\t\tclass='email  grunion-field' \n\t\t\t\t\trequired='true' aria-required='true'  \/>\n \n\t\t\t<div id=\"g307-email-email-error\" class=\"contact-form__input-error\" data-wp-class--has-errors=\"state.fieldHasErrors\">\n\t\t\t\t<span class=\"contact-form__warning-icon\">\n\t\t\t\t\t<svg width=\"16\" height=\"16\" viewBox=\"0 0 16 16\" fill=\"none\" xmlns=\"http:\/\/www.w3.org\/2000\/svg\">\n\t\t\t\t\t\t<path d=\"M8.50015 11.6402H7.50015V10.6402H8.50015V11.6402Z\" \/>\n\t\t\t\t\t\t<path d=\"M7.50015 9.64018H8.50015V6.30684H7.50015V9.64018Z\" \/>\n\t\t\t\t\t\t<path fill-rule=\"evenodd\" clip-rule=\"evenodd\" d=\"M6.98331 3.0947C7.42933 2.30177 8.57096 2.30177 9.01698 3.09469L13.8771 11.7349C14.3145 12.5126 13.7525 13.4735 12.8602 13.4735H3.14004C2.24774 13.4735 1.68575 12.5126 2.12321 11.7349L6.98331 3.0947ZM8.14541 3.58496C8.08169 3.47168 7.9186 3.47168 7.85488 3.58496L2.99478 12.2251C2.93229 12.3362 3.01257 12.4735 3.14004 12.4735H12.8602C12.9877 12.4735 13.068 12.3362 13.0055 12.2251L8.14541 3.58496Z\" \/>\n\t\t\t\t\t<\/svg>\n\t\t\t\t\t<span class=\"visually-hidden\">Warning<\/span>\n\t\t\t\t<\/span>\n\t\t\t\t<span data-wp-text=\"state.errorMessage\" id=\"g307-email-email-error-message\" role=\"alert\" aria-live=\"assertive\"><\/span>\n\t\t\t<\/div> \n\t<\/div>\n\n<div style=\"\"  data-wp-interactive=\"jetpack\/form\" data-wp-context='{\"fieldId\":\"g307-wiadomo\",\"fieldType\":\"textarea\",\"fieldLabel\":\"Wiadomo\\u015b\\u0107\",\"fieldValue\":\"\",\"fieldPlaceholder\":\"\",\"fieldIsRequired\":\"\",\"fieldErrorMessage\":\"\",\"fieldExtra\":[],\"formHash\":\"08c5aaa5427132149eff9ebe717d376004e8d3f8\"}'  class='grunion-field-textarea-wrap grunion-field-wrap'  data-wp-init='callbacks.initializeField' data-wp-on--jetpack-form-reset='callbacks.initializeField' >\n<label\n\t\t\t\tfor='contact-form-comment-g307-wiadomo' class=\"grunion-field-label textarea\" >Wiadomo\u015b\u0107<\/label>\n<textarea\n\t\t                style=''\n\t\t                name='g307-wiadomo'\n\t\t                id='contact-form-comment-g307-wiadomo'\n\t\t                rows='20'\n\t\t\t\t\t\tdata-wp-text='state.getFieldValue'\n\t\t\t\t\t\tdata-wp-on--input='actions.onFieldChange'\n\t\t\t\t\t\tdata-wp-on--blur='actions.onFieldBlur'\n\t\t\t\t\t\tdata-wp-class--has-value='state.hasFieldValue'\n\t\t\t\t\t\tdata-wp-bind--aria-invalid='state.fieldHasErrors'\n\t\t\t\t\t\taria-errormessage='g307-wiadomo-textarea-error-message'\n\t\t\t\t\t\tclass='textarea  grunion-field'  ><\/textarea>\n \n\t\t\t<div id=\"g307-wiadomo-textarea-error\" class=\"contact-form__input-error\" data-wp-class--has-errors=\"state.fieldHasErrors\">\n\t\t\t\t<span class=\"contact-form__warning-icon\">\n\t\t\t\t\t<svg width=\"16\" height=\"16\" viewBox=\"0 0 16 16\" fill=\"none\" xmlns=\"http:\/\/www.w3.org\/2000\/svg\">\n\t\t\t\t\t\t<path d=\"M8.50015 11.6402H7.50015V10.6402H8.50015V11.6402Z\" \/>\n\t\t\t\t\t\t<path d=\"M7.50015 9.64018H8.50015V6.30684H7.50015V9.64018Z\" \/>\n\t\t\t\t\t\t<path fill-rule=\"evenodd\" clip-rule=\"evenodd\" d=\"M6.98331 3.0947C7.42933 2.30177 8.57096 2.30177 9.01698 3.09469L13.8771 11.7349C14.3145 12.5126 13.7525 13.4735 12.8602 13.4735H3.14004C2.24774 13.4735 1.68575 12.5126 2.12321 11.7349L6.98331 3.0947ZM8.14541 3.58496C8.08169 3.47168 7.9186 3.47168 7.85488 3.58496L2.99478 12.2251C2.93229 12.3362 3.01257 12.4735 3.14004 12.4735H12.8602C12.9877 12.4735 13.068 12.3362 13.0055 12.2251L8.14541 3.58496Z\" \/>\n\t\t\t\t\t<\/svg>\n\t\t\t\t\t<span class=\"visually-hidden\">Warning<\/span>\n\t\t\t\t<\/span>\n\t\t\t\t<span data-wp-text=\"state.errorMessage\" id=\"g307-wiadomo-textarea-error-message\" role=\"alert\" aria-live=\"assertive\"><\/span>\n\t\t\t<\/div>\n\t<\/div>\n\t<p class='contact-submit'>\n<div class=\"contact-form__error\" data-wp-class--show-errors=\"state.showFormErrors\"><span class=\"contact-form__warning-icon\"><span class=\"visually-hidden\">Warning.<\/span><i aria-hidden=\"true\"><\/i><\/span>\n\t\t\t\t<span data-wp-text=\"state.getFormErrorMessage\"><\/span>\n\t\t\t\t<ul>\n\t\t\t\t<template data-wp-each=\"state.getErrorList\" data-wp-key=\"context.item.id\">\n\t\t\t\t\t<li><a data-wp-bind--href=\"context.item.anchor\" data-wp-on--click=\"actions.scrollIntoView\" data-wp-text=\"context.item.label\"><\/a><\/li>\n\t\t\t\t<\/template>\n\t\t\t\t<\/ul><\/div><div class=\"contact-form__error\" data-wp-class--show-errors=\"state.showSubmissionError\" data-wp-text=\"context.submissionError\"><\/div>\t\t<button type='submit' class='pushbutton-wide'>Submit<\/button>\t\t<input type='hidden' name='contact-form-id' value='307' \/>\n\t\t<input type='hidden' name='action' value='grunion-contact-form' \/>\n\t\t<input type='hidden' name='contact-form-hash' value='08c5aaa5427132149eff9ebe717d376004e8d3f8' \/>\n\t<\/p>\n<\/form>\n<\/div>\n","protected":false},"excerpt":{"rendered":"<table>\n<tbody>\n<tr>\n<td><img decoding=\"async\" class=\"alignnone wp-image-1754\" src=\"https:\/\/mandewood.lt\/wp-content\/uploads\/2022\/12\/Dizainas-be-pavadinimo-60-300x300.png\" alt=\"\" width=\"30\" height=\"30\" \/><span dir=\"auto\">\u00a0 \u00a0Wymiary zewn\u0119trzne sauny \u2013 240 cm x 300 cm<\/span><\/td>\n<\/tr>\n<tr>\n<td><img decoding=\"async\" class=\"alignnone wp-image-1754\" src=\"https:\/\/mandewood.lt\/wp-content\/uploads\/2022\/12\/Dizainas-be-pavadinimo-60-300x300.png\" alt=\"\" width=\"30\" height=\"30\" \/><span dir=\"auto\">\u00a0\u00a0 Wymiary sauny \u2013 206 cm x 200 cm<\/span><\/td>\n<\/tr>\n<tr>\n<td><img decoding=\"async\" class=\"alignnone wp-image-1754\" src=\"https:\/\/mandewood.lt\/wp-content\/uploads\/2022\/12\/Dizainas-be-pavadinimo-60-300x300.png\" alt=\"\" width=\"30\" height=\"30\" \/><span dir=\"auto\">\u00a0 \u00a0Wymiary tarasu \u2013 206 cm x 65 cm<\/span><\/td>\n<\/tr>\n<tr>\n<td><img decoding=\"async\" class=\"alignnone wp-image-1754\" src=\"https:\/\/mandewood.lt\/wp-content\/uploads\/2022\/12\/Dizainas-be-pavadinimo-60-300x300.png\" alt=\"\" width=\"30\" height=\"30\" \/><span dir=\"auto\">\u00a0 \u00a0Wysoko\u015b\u0107 poza saun\u0105 \u2013 250 cm<\/span><\/td>\n<\/tr>\n<tr>\n<td><img decoding=\"async\" class=\"alignnone wp-image-1754\" src=\"https:\/\/mandewood.lt\/wp-content\/uploads\/2022\/12\/Dizainas-be-pavadinimo-60-300x300.png\" alt=\"\" width=\"30\" height=\"30\" \/><span dir=\"auto\">\u00a0\u00a0 Wysoko\u015b\u0107 wewn\u0105trz sauny \u2013 230 cm<\/span><\/td>\n<\/tr>\n<\/tbody>\n<\/table>\n<p><span dir=\"auto\">Aby z\u0142o\u017cy\u0107 zam\u00f3wienie, zadzwo\u0144 pod numerem\u00a0<\/span><em><strong><span dir=\"auto\">+48 570 494 894<\/span><\/strong><\/em><span dir=\"auto\">\u00a0<\/span><\/p>\n<p><span dir=\"auto\">lub napisz na adres e-mail\u00a0<\/span><em><strong><a rel=\"noopener\"><span dir=\"auto\">biuro@revioboxsauna.pl<\/span><\/a><\/strong><\/em><\/p>\n","protected":false},"featured_media":308,"template":"","meta":[],"product_brand":[],"product_cat":[19,18],"product_tag":[],"class_list":{"0":"post-307","1":"product","2":"type-product","3":"status-publish","4":"has-post-thumbnail","6":"product_cat-sauny-izolowane-lux","7":"product_cat-sauny-ogrodowe","9":"first","10":"instock","11":"sale","12":"featured","13":"shipping-taxable","14":"purchasable","15":"product-type-simple"},"jetpack_sharing_enabled":true,"_links":{"self":[{"href":"https:\/\/revioboxsauna.pl\/index.php?rest_route=\/wp\/v2\/product\/307","targetHints":{"allow":["GET"]}}],"collection":[{"href":"https:\/\/revioboxsauna.pl\/index.php?rest_route=\/wp\/v2\/product"}],"about":[{"href":"https:\/\/revioboxsauna.pl\/index.php?rest_route=\/wp\/v2\/types\/product"}],"wp:featuredmedia":[{"embeddable":true,"href":"https:\/\/revioboxsauna.pl\/index.php?rest_route=\/wp\/v2\/media\/308"}],"wp:attachment":[{"href":"https:\/\/revioboxsauna.pl\/index.php?rest_route=%2Fwp%2Fv2%2Fmedia&parent=307"}],"wp:term":[{"taxonomy":"product_brand","embeddable":true,"href":"https:\/\/revioboxsauna.pl\/index.php?rest_route=%2Fwp%2Fv2%2Fproduct_brand&post=307"},{"taxonomy":"product_cat","embeddable":true,"href":"https:\/\/revioboxsauna.pl\/index.php?rest_route=%2Fwp%2Fv2%2Fproduct_cat&post=307"},{"taxonomy":"product_tag","embeddable":true,"href":"https:\/\/revioboxsauna.pl\/index.php?rest_route=%2Fwp%2Fv2%2Fproduct_tag&post=307"}],"curies":[{"name":"wp","href":"https:\/\/api.w.org\/{rel}","templated":true}]}}