{"id":229,"date":"2026-02-02T14:15:03","date_gmt":"2026-02-02T13:15:03","guid":{"rendered":"https:\/\/revioboxsauna.pl\/?post_type=product&#038;p=229"},"modified":"2026-02-05T21:50:53","modified_gmt":"2026-02-05T20:50:53","slug":"sauna-vitality-245x340","status":"publish","type":"product","link":"https:\/\/revioboxsauna.pl\/?product=sauna-vitality-245x340","title":{"rendered":"Vitality 245\u00d7340"},"content":{"rendered":"<table>\n<tbody>\n<tr>\n<td><span dir=\"auto\">Wyko\u0144czenie zewn\u0119trzne: ok\u0142adzina z drewna termoizolacyjnego, montowana poziomo<\/span><\/td>\n<td><span dir=\"auto\">Pod\u0142oga w przedpokoju: wyk\u0142adzina PCV<\/span><\/td>\n<\/tr>\n<tr>\n<td><span dir=\"auto\">Wyko\u0144czenie wn\u0119trza sauny: drewno osikowe, klasa A<\/span><\/td>\n<td><span dir=\"auto\">Grubo\u015b\u0107 \u015bciany: 17 cm<\/span><\/td>\n<\/tr>\n<tr>\n<td><span dir=\"auto\">Instalacja elektryczna: w pe\u0142ni okablowana kablami odpornymi na ciep\u0142o<\/span><\/td>\n<td><span dir=\"auto\">\u0141awki: drewno osikowe, klasa A<\/span><\/td>\n<\/tr>\n<tr>\n<td><span dir=\"auto\">O\u015bwietlenie LED: 2 szt. w przedpokoju<\/span><\/td>\n<td><span dir=\"auto\">\u015aciany, dach i pod\u0142oga ocieplone we\u0142n\u0105 PAROC o grubo\u015bci 10 cm<\/span><\/td>\n<\/tr>\n<tr>\n<td><span dir=\"auto\">O\u015bwietlenie zewn\u0119trzne: 3 szt.<\/span><\/td>\n<td><span dir=\"auto\">Drzwi: drzwi do sauny szklane, drzwi do przedpokoju drewniane ze szk\u0142em<\/span><\/td>\n<\/tr>\n<tr>\n<td><span dir=\"auto\">Przedpok\u00f3j wy\u0142o\u017cony ok\u0142adzin\u0105 z drewna \u015bwierkowego<\/span><\/td>\n<td><span dir=\"auto\">Okno: okno panoramiczne w strefie sauny 150\u00d7175 cm<\/span><\/td>\n<\/tr>\n<tr>\n<td><span dir=\"auto\">Pod\u0142oga w saunie: wyk\u0142adzina PCV + krata osikowa<\/span><\/td>\n<td><\/td>\n<\/tr>\n<\/tbody>\n<\/table>\n","protected":false},"excerpt":{"rendered":"<table style=\"height: 215px;\" width=\"486\">\n<tbody>\n<tr>\n<td><img decoding=\"async\" class=\"alignnone wp-image-1754\" src=\"https:\/\/mandewood.lt\/wp-content\/uploads\/2022\/12\/Dizainas-be-pavadinimo-60-300x300.png\" alt=\"\" width=\"30\" height=\"30\" \/><span dir=\"auto\">\u00a0\u00a0 Wymiary zewn\u0119trzne sauny \u2013 245 cm x 340 cm<\/span><\/td>\n<\/tr>\n<tr>\n<td><img decoding=\"async\" class=\"alignnone wp-image-1754\" src=\"https:\/\/mandewood.lt\/wp-content\/uploads\/2022\/12\/Dizainas-be-pavadinimo-60-300x300.png\" alt=\"\" width=\"30\" height=\"30\" \/><span dir=\"auto\">\u00a0\u00a0 Wymiary sauny \u2013 210 cm x 205 cm<\/span><\/td>\n<\/tr>\n<tr>\n<td><img decoding=\"async\" class=\"alignnone wp-image-1754\" src=\"https:\/\/mandewood.lt\/wp-content\/uploads\/2022\/12\/Dizainas-be-pavadinimo-60-300x300.png\" alt=\"\" width=\"30\" height=\"30\" \/><span dir=\"auto\">\u00a0 \u00a0Wymiary przedsauny \u2013 210 cm x 80 cm<\/span><\/td>\n<\/tr>\n<tr>\n<td><img decoding=\"async\" class=\"alignnone wp-image-1754\" src=\"https:\/\/mandewood.lt\/wp-content\/uploads\/2022\/12\/Dizainas-be-pavadinimo-60-300x300.png\" alt=\"\" width=\"30\" height=\"30\" \/><span dir=\"auto\">\u00a0\u00a0 Wysoko\u015b\u0107 poza saun\u0105 \u2013 250 cm<\/span><\/td>\n<\/tr>\n<tr>\n<td><img decoding=\"async\" class=\"alignnone wp-image-1754\" src=\"https:\/\/mandewood.lt\/wp-content\/uploads\/2022\/12\/Dizainas-be-pavadinimo-60-300x300.png\" alt=\"\" width=\"30\" height=\"30\" \/><span dir=\"auto\">\u00a0\u00a0 Wysoko\u015b\u0107 wewn\u0105trz sauny \u2013 210 cm w najni\u017cszym punkcie<\/span><\/td>\n<\/tr>\n<\/tbody>\n<\/table>\n<p><span dir=\"auto\">Aby z\u0142o\u017cy\u0107 zam\u00f3wienie, zadzwo\u0144 pod numerem <\/span><em><strong><span dir=\"auto\">+48 570 494 894<\/span><\/strong><\/em><span dir=\"auto\">\u00a0<\/span><\/p>\n<p><span dir=\"auto\">lub napisz na adres e-mail <\/span><em><strong><a rel=\"noopener\"><span dir=\"auto\">biuro@revioboxsauna.pl<\/span><\/a><\/strong><\/em><\/p>\n","protected":false},"featured_media":241,"template":"","meta":[],"product_brand":[],"product_cat":[19,18],"product_tag":[],"class_list":{"0":"post-229","1":"product","2":"type-product","3":"status-publish","4":"has-post-thumbnail","6":"product_cat-sauny-izolowane-lux","7":"product_cat-sauny-ogrodowe","9":"first","10":"instock","11":"shipping-taxable","12":"purchasable","13":"product-type-simple"},"jetpack_sharing_enabled":true,"_links":{"self":[{"href":"https:\/\/revioboxsauna.pl\/index.php?rest_route=\/wp\/v2\/product\/229","targetHints":{"allow":["GET"]}}],"collection":[{"href":"https:\/\/revioboxsauna.pl\/index.php?rest_route=\/wp\/v2\/product"}],"about":[{"href":"https:\/\/revioboxsauna.pl\/index.php?rest_route=\/wp\/v2\/types\/product"}],"wp:featuredmedia":[{"embeddable":true,"href":"https:\/\/revioboxsauna.pl\/index.php?rest_route=\/wp\/v2\/media\/241"}],"wp:attachment":[{"href":"https:\/\/revioboxsauna.pl\/index.php?rest_route=%2Fwp%2Fv2%2Fmedia&parent=229"}],"wp:term":[{"taxonomy":"product_brand","embeddable":true,"href":"https:\/\/revioboxsauna.pl\/index.php?rest_route=%2Fwp%2Fv2%2Fproduct_brand&post=229"},{"taxonomy":"product_cat","embeddable":true,"href":"https:\/\/revioboxsauna.pl\/index.php?rest_route=%2Fwp%2Fv2%2Fproduct_cat&post=229"},{"taxonomy":"product_tag","embeddable":true,"href":"https:\/\/revioboxsauna.pl\/index.php?rest_route=%2Fwp%2Fv2%2Fproduct_tag&post=229"}],"curies":[{"name":"wp","href":"https:\/\/api.w.org\/{rel}","templated":true}]}}