{"id":214,"date":"2026-02-01T23:07:48","date_gmt":"2026-02-01T22:07:48","guid":{"rendered":"https:\/\/revioboxsauna.pl\/?post_type=product&#038;p=214"},"modified":"2026-02-02T23:14:11","modified_gmt":"2026-02-02T22:14:11","slug":"sauna-balance-210x210","status":"publish","type":"product","link":"https:\/\/revioboxsauna.pl\/?product=sauna-balance-210x210","title":{"rendered":"Balance 210\u00d7210"},"content":{"rendered":"<table>\n<tbody>\n<tr>\n<td><span dir=\"auto\">Wyko\u0144czenie zewn\u0119trzne: dwie \u015bciany \u2014 p\u0142yta STEICO + listwy dekoracyjne Thermowood, pozosta\u0142e dwie \u2014 \u015bciany blaszane<\/span><\/td>\n<td><span dir=\"auto\">Wyko\u0144czenie wn\u0119trza sauny: drewno osikowe, klasa A<\/span><\/td>\n<\/tr>\n<tr>\n<td><span dir=\"auto\">\u015aciany ocieplone we\u0142n\u0105 PAROC o grubo\u015bci 5 cm<\/span><\/td>\n<td><span dir=\"auto\">\u0141awki: drewno osikowe, klasa A, szeroko\u015b\u0107 60 cm<\/span><\/td>\n<\/tr>\n<tr>\n<td><span dir=\"auto\">Dach i pod\u0142oga ocieplone we\u0142n\u0105 PAROC o grubo\u015bci 10 cm<\/span><\/td>\n<td><span dir=\"auto\">Pod\u0142oga w saunie: deski elewacyjne z drewna \u015bwierkowego\u00a0\u00a0\u00a0\u00a0\u00a0\u00a0\u00a0\u00a0\u00a0\u00a0\u00a0\u00a0\u00a0\u00a0\u00a0\u00a0\u00a0\u00a0\u00a0\u00a0\u00a0\u00a0\u00a0\u00a0\u00a0\u00a0\u00a0\u00a0\u00a0\u00a0\u00a0\u00a0\u00a0\u00a0\u00a0\u00a0\u00a0\u00a0\u00a0\u00a0\u00a0\u00a0\u00a0\u00a0\u00a0\u00a0\u00a0\u00a0<\/span><\/td>\n<\/tr>\n<tr>\n<td><span dir=\"auto\">Okna: 60x189cm i 50x189cm, szyby zespolone<\/span><\/td>\n<td><span dir=\"auto\">2 \u015bwiat\u0142a LED na zewn\u0105trz<\/span><\/td>\n<\/tr>\n<tr>\n<td><span dir=\"auto\">Drzwi: drzwi drewniane ze szk\u0142em hartowanym<\/span><\/td>\n<td><span dir=\"auto\">O\u015bwietlenie sauny: 1 lampa Harvia<\/span><\/td>\n<\/tr>\n<tr>\n<td><span dir=\"auto\">Dach blaszany<\/span><\/td>\n<\/tr>\n<\/tbody>\n<\/table>\n<p><span dir=\"auto\">Aby z\u0142o\u017cy\u0107 zam\u00f3wienie, skontaktuj si\u0119 z nami pod numerem\u00a0<\/span><em><strong><span dir=\"auto\">+48 570 494 894<\/span><\/strong><\/em><span dir=\"auto\">\u00a0l<\/span><\/p>\n<p><span dir=\"auto\">ub napisz na adres e-mail\u00a0<\/span><em><strong><a rel=\"noopener\"><span dir=\"auto\">biuro@revioboxsauna.pl<\/span><\/a><\/strong><\/em><\/p>\n","protected":false},"excerpt":{"rendered":"<table>\n<tbody>\n<tr>\n<td><img decoding=\"async\" class=\"alignnone wp-image-1754\" src=\"https:\/\/mandewood.lt\/wp-content\/uploads\/2022\/12\/Dizainas-be-pavadinimo-60-300x300.png\" alt=\"\" width=\"30\" height=\"30\" \/><span dir=\"auto\">\u00a0\u00a0 Wymiary zewn\u0119trzne sauny \u2013 210 cm x 210 cm<\/span><\/td>\n<\/tr>\n<tr>\n<td><img decoding=\"async\" class=\"alignnone wp-image-1754\" src=\"https:\/\/mandewood.lt\/wp-content\/uploads\/2022\/12\/Dizainas-be-pavadinimo-60-300x300.png\" alt=\"\" width=\"30\" height=\"30\" \/><span dir=\"auto\"> \u00a0 Wymiary wewn\u0119trzne sauny \u2013 189 cm x 189 cm<\/span><\/td>\n<\/tr>\n<\/tbody>\n<\/table>\n","protected":false},"featured_media":215,"template":"","meta":[],"product_brand":[],"product_cat":[19,18],"product_tag":[],"class_list":{"0":"post-214","1":"product","2":"type-product","3":"status-publish","4":"has-post-thumbnail","6":"product_cat-sauny-izolowane-lux","7":"product_cat-sauny-ogrodowe","9":"first","10":"instock","11":"shipping-taxable","12":"purchasable","13":"product-type-simple"},"jetpack_sharing_enabled":true,"_links":{"self":[{"href":"https:\/\/revioboxsauna.pl\/index.php?rest_route=\/wp\/v2\/product\/214","targetHints":{"allow":["GET"]}}],"collection":[{"href":"https:\/\/revioboxsauna.pl\/index.php?rest_route=\/wp\/v2\/product"}],"about":[{"href":"https:\/\/revioboxsauna.pl\/index.php?rest_route=\/wp\/v2\/types\/product"}],"wp:featuredmedia":[{"embeddable":true,"href":"https:\/\/revioboxsauna.pl\/index.php?rest_route=\/wp\/v2\/media\/215"}],"wp:attachment":[{"href":"https:\/\/revioboxsauna.pl\/index.php?rest_route=%2Fwp%2Fv2%2Fmedia&parent=214"}],"wp:term":[{"taxonomy":"product_brand","embeddable":true,"href":"https:\/\/revioboxsauna.pl\/index.php?rest_route=%2Fwp%2Fv2%2Fproduct_brand&post=214"},{"taxonomy":"product_cat","embeddable":true,"href":"https:\/\/revioboxsauna.pl\/index.php?rest_route=%2Fwp%2Fv2%2Fproduct_cat&post=214"},{"taxonomy":"product_tag","embeddable":true,"href":"https:\/\/revioboxsauna.pl\/index.php?rest_route=%2Fwp%2Fv2%2Fproduct_tag&post=214"}],"curies":[{"name":"wp","href":"https:\/\/api.w.org\/{rel}","templated":true}]}}