{"id":208,"date":"2026-02-01T22:49:26","date_gmt":"2026-02-01T21:49:26","guid":{"rendered":"https:\/\/revioboxsauna.pl\/?post_type=product&#038;p=208"},"modified":"2026-02-05T21:55:53","modified_gmt":"2026-02-05T20:55:53","slug":"sauna-ramowa-ebon-230x315","status":"publish","type":"product","link":"https:\/\/revioboxsauna.pl\/?product=sauna-ramowa-ebon-230x315","title":{"rendered":"EBON 230\u00d7315"},"content":{"rendered":"<div class=\"elementor-element elementor-element-4a738cab e-con-full e-flex e-con e-child\" data-id=\"4a738cab\" data-element_type=\"container\">\n<div class=\"elementor-element elementor-element-13557917 elementor-widget elementor-widget-wd_text_block\" data-id=\"13557917\" data-element_type=\"widget\" data-widget_type=\"wd_text_block.default\">\n<div class=\"elementor-widget-container\">\n<table>\n<tbody>\n<tr>\n<td><img decoding=\"async\" class=\"alignnone wp-image-1750\" src=\"https:\/\/mandewood.lt\/wp-content\/uploads\/2022\/12\/1-2-300x300.png\" alt=\"\" width=\"30\" height=\"30\" \/><span dir=\"auto\">\u00a0 Przeznaczony dla 4-6 os\u00f3b<\/span><\/td>\n<\/tr>\n<tr>\n<td><img decoding=\"async\" class=\"alignnone wp-image-1754\" src=\"https:\/\/mandewood.lt\/wp-content\/uploads\/2022\/12\/Dizainas-be-pavadinimo-60-300x300.png\" alt=\"\" width=\"30\" height=\"30\" \/><span dir=\"auto\">\u00a0\u00a0Wymiary zewn\u0119trzne \u2013 d\u0142ugo\u015b\u0107 230 cm, szeroko\u015b\u0107 315 cm, wysoko\u015b\u0107 245 cm<\/span><\/td>\n<\/tr>\n<tr>\n<td><img decoding=\"async\" class=\"alignnone wp-image-1754\" src=\"https:\/\/mandewood.lt\/wp-content\/uploads\/2022\/12\/Dizainas-be-pavadinimo-60-300x300.png\" alt=\"\" width=\"30\" height=\"30\" \/><span dir=\"auto\">\u00a0\u00a0Wymiary wewn\u0119trzne \u2013 d\u0142ugo\u015b\u0107 206 cm, szeroko\u015b\u0107 200 cm<\/span><\/td>\n<\/tr>\n<tr>\n<td><img decoding=\"async\" class=\"alignnone wp-image-1754\" src=\"https:\/\/mandewood.lt\/wp-content\/uploads\/2022\/12\/Dizainas-be-pavadinimo-60-300x300.png\" alt=\"\" width=\"30\" height=\"30\" \/><span dir=\"auto\">\u00a0\u00a0Strefa prysznicowa \u2013 szeroko\u015b\u0107 80 cm<\/span><\/td>\n<\/tr>\n<\/tbody>\n<\/table>\n<ul>\n<li><span dir=\"auto\">Sauna wykonana jest z drewna sosnowego;<\/span><\/li>\n<li><span dir=\"auto\">Grubo\u015b\u0107 \u015bciany zewn\u0119trznej wynosi\u00a0<\/span><strong><span dir=\"auto\">12 cm<\/span><\/strong><span dir=\"auto\">\u00a0;<\/span><\/li>\n<li><span dir=\"auto\">\u015aciany, dach i pod\u0142oga ocieplone we\u0142n\u0105 PAROC o grubo\u015bci 5 cm;<\/span><\/li>\n<li><span dir=\"auto\">Pod\u0142ogi \u2013 deski tarasowe;<\/span><\/li>\n<li><span dir=\"auto\">Dach \u2013 pokrycie papowe, zgrzewane;<\/span><\/li>\n<li><span dir=\"auto\">Wentylacja;<\/span><\/li>\n<li><span dir=\"auto\">O\u015bwietlenie LED w podporach tylnych i na zewn\u0105trz sauny;<\/span><\/li>\n<li><span dir=\"auto\">Drzwi \u2013 szk\u0142o czarne hartowane z d\u0142ugim uchwytem;<\/span><\/li>\n<li><span dir=\"auto\">Okna \u2013 190cm x 200cm, szk\u0142o czarne hartowane;<\/span><\/li>\n<li><span dir=\"auto\">Zintegrowany system prysznicowy RAVAK w wyko\u0144czeniu czarnym;<\/span><\/li>\n<li><span dir=\"auto\">Kolor sauny mo\u017cna wybra\u0107.<\/span><\/li>\n<\/ul>\n<div data-test='contact-form'\n\t\t\tid='contact-form-208'\n\t\t\tclass='wp-block-jetpack-contact-form-container '\n\t\t\tdata-wp-interactive='jetpack\/form' data-wp-context='{\"formId\":\"208\",\"formHash\":\"e577fd321fcba874d99974747470a6af8a4b93f0\",\"showErrors\":false,\"errors\":[],\"fields\":[],\"isMultiStep\":false,\"useAjax\":true,\"submissionData\":null,\"formattedSubmissionData\":[],\"submissionSuccess\":false,\"submissionError\":null,\"elementId\":\"jp-form-e577fd321fcba874d99974747470a6af8a4b93f0\",\"isSingleInputForm\":false}'\n\t\t\tdata-wp-watch--scroll-to-wrapper=\"callbacks.scrollToWrapper\"\n\t\t>\n<div class=\"contact-form-submission contact-form-ajax-submission\" data-wp-class--submission-success=\"context.submissionSuccess\"><p class=\"go-back-message\"><a class=\"link\" role=\"button\" tabindex=\"0\" data-wp-on--click=\"actions.goBack\" href=\"\/index.php?rest_route=%2Fwp%2Fv2%2Fproduct%2F208\">Go back<\/a><\/p><h4 id=\"contact-form-success-header\">Your message has been sent<\/h4>\n\n<template data-wp-each--submission=\"context.formattedSubmissionData\">\n\t\t\t\t\t<div class=\"jetpack_forms_contact-form-success-summary\">\n\t\t\t\t\t\t<div class=\"field-name\" data-wp-text=\"context.submission.label\" data-wp-bind--hidden=\"!context.submission.label\"><\/div>\n\t\t\t\t\t\t<div class=\"field-value\" data-wp-text=\"context.submission.value\"><\/div>\n\t\t\t\t\t\t<div class=\"field-images\" data-wp-bind--hidden=\"!context.submission.images\">\n\t\t\t\t\t\t\t<template data-wp-each--image=\"context.submission.images\">\n\t\t\t\t\t\t\t\t<figure class=\"field-image\" data-wp-class--is-empty=\"!context.image\">\n\t\t\t\t\t\t\t\t\t<img data-wp-bind--src=\"context.image\" data-wp-bind--hidden=\"!context.image\" \/>\n\t\t\t\t\t\t\t\t\t<img decoding=\"async\" src=\"data:image\/gif;base64,R0lGODlhAQABAAD\/ACwAAAAAAQABAAACADs=\" data-wp-bind--hidden=\"context.image\" \/>\n\t\t\t\t\t\t\t\t<\/figure>\n\t\t\t\t\t\t\t<\/template>\n\t\t\t\t\t\t<\/div>\n\t\t\t\t\t<\/div>\n\t\t\t\t<\/template><\/div><form action='https:\/\/revioboxsauna.pl\/?product=sauna-ramowa-ebon-230x315'\n\t\t\t\tid='jp-form-e577fd321fcba874d99974747470a6af8a4b93f0'\n\t\t\t\tmethod='post'\n\t\t\t\tclass='contact-form commentsblock' aria-label=\"EBON 230\u00d7315\"\n\t\t\t\tdata-wp-on--submit=\"actions.onFormSubmit\"\n\t\t\t\tdata-wp-on--reset=\"actions.onFormReset\"\n\t\t\t\tdata-wp-class--submission-success=\"context.submissionSuccess\"\n\t\t\t\tdata-wp-class--is-first-step=\"state.isFirstStep\"\n\t\t\t\tdata-wp-class--is-last-step=\"state.isLastStep\"\n\t\t\t\tdata-wp-class--is-ajax-form=\"context.useAjax\"\n\t\t\t\tnovalidate >\n<input type='hidden' name='jetpack_contact_form_jwt' value='eyJ0eXAiOiJKV1QiLCJhbGciOiJIUzI1NiJ9.eyJlbmNyeXB0ZWRfYXR0cmlidXRlcyI6Imsvb2ROTnBqV29NcHRoZGtRTEVWRk4wY0lNOTVzRmY3ZkJidXk4b1hsc0hvWUdCSjVoL1hSUTVuMkhaeHBEU0dOMHJPQmJGSW5KWEwxVmJDSkVlVFVXR0VudmVqTm5uN1luRjJyNmJ0bG5EUTc3bnYyNXM0VzlFM0ZBVkNmZ3JWNmtrZmcva3g3VVhJelZVTy9JUEV0MWg3YWVNN0NuVlpGd1N1MEdOQk1sQXFDNlRhcDdoL1hkOVlJSURqZ3hSRG5mUERlRFprZlI2QlpNOGNRM05hQmhIbjNZNW1Uck1OZ2hmUzFrKzBMQWQ2UkcrVHhSSGFXQndsQW9IUi9Tb1gxbk9DT2RzWDRBem9OdGU3V2hRa21aTWlmcWpZS2duSTlESVp0N00xbXpJcW5FUUZVYjI2WnRmSDhxZ25jRmpKRUFZZGZHTFBxLzAvT25WemNuWWNUZ0NoMnFwS2NiNU0rZTh1U3N4dHpsWXB4NDlDaUtlV21EaW5SeDVkcnhNN1lsYW13QklrSXE3d3VrN3hHVitFMWR5ajhKTVhOQ2hucDdmU0JlSTVhTEZYYUNWUnlxSTV3QkpQSU5mRXhPV1dXOUFuK0VjMmxjQ1g4R3hkQ3c3em1Ib0lndWZtL3h0bE1JSlJoTENqNW1wMjhQS1NZTlBZaHlPTEpBb3pUQ3N4Z2Z6bmhSQ1hnbS9ZUVFHZjlacHhtZ3lER2xFZ01GU0NpajM4aHF5RjNkbzBxa3JBTGVYMTRHLzliNGNnZzhYQUxQd1hNdjBlS2tFR2hudndRRTRldlBrbnYvb0FYQjZUV3hLUVR0TUxkRkV5c2R4OXlhcGI5YmI1WHhvS3pXbXFKdFpTdnkxQldhYmorT0RlcUdud3g3QWlxdzRJVlZ2TXBXd2JSMGR4UWxnVSt6R3JrOEJoR0ZiZjZHNnVsQm9NdkRySHRYR1NuVFJlbGtRZXY1cVMySWoyMUpLMTMweUdZZEVKa0NxelIvT1d4eXF5SmJMSW9xdUhjZ2JBaW56dXc2VGVlNjhybDJDRm1jR29TR0xadTIzNkJNdTd2UEVJcmlnTUJWSmszbnV1dlBTTDVaTGk4LzFuUHFKSVV5cjNkRVZ0MUFITTEwTk1ZdGtSRmRxTmo1THhBSnhwaVZDNDJaK3NrWUR2b0JrbCIsImNvbnRlbnQiOiJbY29udGFjdC1maWVsZCBsYWJlbD1cIk5hendhXCIgdHlwZT1cIm5hbWVcIiByZXF1aXJlZD1cIjFcIl1bY29udGFjdC1maWVsZCBsYWJlbD1cIkUtbWFpbFwiIHR5cGU9XCJlbWFpbFwiIHJlcXVpcmVkPVwiMVwiXVtjb250YWN0LWZpZWxkIGxhYmVsPVwiV2lhZG9tb1x1MDE1Ylx1MDEwN1wiIHR5cGU9XCJ0ZXh0YXJlYVwiXSIsImhhc2giOiJlNTc3ZmQzMjFmY2JhODc0ZDk5OTc0NzQ3NDcwYTZhZjhhNGI5M2YwIiwic291cmNlIjp7ImVudHJ5X3RpdGxlIjoiRUJPTiAyMzBcdTAwZDczMTUiLCJlbnRyeV9wYWdlIjoxLCJzb3VyY2VfaWQiOjIwOCwic291cmNlX3R5cGUiOiJzaW5nbGUiLCJyZXF1ZXN0X3VybCI6Imh0dHBzOi8vcmV2aW9ib3hzYXVuYS5wbCJ9LCJ2ZXJzaW9uIjoyLCJjaXBoZXIiOiJhZXMtMjU2LWdjbSJ9.TPJAsflYBXELJzJzPEf_Bq0fsT87VAiHvL_yMkpRHIg' \/>\n\n<div style=\"\"  data-wp-interactive=\"jetpack\/form\" data-wp-context='{\"fieldId\":\"g208-nazwa\",\"fieldType\":\"name\",\"fieldLabel\":\"Nazwa\",\"fieldValue\":\"\",\"fieldPlaceholder\":\"\",\"fieldIsRequired\":\"1\",\"fieldErrorMessage\":\"\",\"fieldExtra\":[],\"formHash\":\"e577fd321fcba874d99974747470a6af8a4b93f0\"}'  class='grunion-field-name-wrap grunion-field-wrap'  data-wp-init='callbacks.initializeField' data-wp-on--jetpack-form-reset='callbacks.initializeField' >\n<label\n\t\t\t\tfor='g208-nazwa' class=\"grunion-field-label name\" >Nazwa<span class=\"grunion-label-required\" aria-hidden=\"true\">(required)<\/span><\/label>\n<input\n\t\t\t\t\ttype='text'\n\t\t\t\t\tname='g208-nazwa'\n\t\t\t\t\tid='g208-nazwa'\n\t\t\t\t\tvalue=''\n\n\t\t\t\t\tdata-wp-bind--aria-invalid='state.fieldHasErrors'\n\t\t\t\t\tdata-wp-bind--value='state.getFieldValue'\n\t\t\t\t\taria-errormessage='g208-nazwa-text-error-message'\n\t\t\t\t\tdata-wp-on--input='actions.onFieldChange'\n\t\t\t\t\tdata-wp-on--blur='actions.onFieldBlur'\n\t\t\t\t\tdata-wp-class--has-value='state.hasFieldValue'\n\n\t\t\t\t\tclass='name  grunion-field' \n\t\t\t\t\trequired='true' aria-required='true'  \/>\n \n\t\t\t<div id=\"g208-nazwa-text-error\" class=\"contact-form__input-error\" data-wp-class--has-errors=\"state.fieldHasErrors\">\n\t\t\t\t<span class=\"contact-form__warning-icon\">\n\t\t\t\t\t<svg width=\"16\" height=\"16\" viewBox=\"0 0 16 16\" fill=\"none\" xmlns=\"http:\/\/www.w3.org\/2000\/svg\">\n\t\t\t\t\t\t<path d=\"M8.50015 11.6402H7.50015V10.6402H8.50015V11.6402Z\" \/>\n\t\t\t\t\t\t<path d=\"M7.50015 9.64018H8.50015V6.30684H7.50015V9.64018Z\" \/>\n\t\t\t\t\t\t<path fill-rule=\"evenodd\" clip-rule=\"evenodd\" d=\"M6.98331 3.0947C7.42933 2.30177 8.57096 2.30177 9.01698 3.09469L13.8771 11.7349C14.3145 12.5126 13.7525 13.4735 12.8602 13.4735H3.14004C2.24774 13.4735 1.68575 12.5126 2.12321 11.7349L6.98331 3.0947ZM8.14541 3.58496C8.08169 3.47168 7.9186 3.47168 7.85488 3.58496L2.99478 12.2251C2.93229 12.3362 3.01257 12.4735 3.14004 12.4735H12.8602C12.9877 12.4735 13.068 12.3362 13.0055 12.2251L8.14541 3.58496Z\" \/>\n\t\t\t\t\t<\/svg>\n\t\t\t\t\t<span class=\"visually-hidden\">Warning<\/span>\n\t\t\t\t<\/span>\n\t\t\t\t<span data-wp-text=\"state.errorMessage\" id=\"g208-nazwa-text-error-message\" role=\"alert\" aria-live=\"assertive\"><\/span>\n\t\t\t<\/div> \n\t<\/div>\n\n<div style=\"\"  data-wp-interactive=\"jetpack\/form\" data-wp-context='{\"fieldId\":\"g208-email\",\"fieldType\":\"email\",\"fieldLabel\":\"E-mail\",\"fieldValue\":\"\",\"fieldPlaceholder\":\"\",\"fieldIsRequired\":\"1\",\"fieldErrorMessage\":\"\",\"fieldExtra\":[],\"formHash\":\"e577fd321fcba874d99974747470a6af8a4b93f0\"}'  class='grunion-field-email-wrap grunion-field-wrap'  data-wp-init='callbacks.initializeField' data-wp-on--jetpack-form-reset='callbacks.initializeField' >\n<label\n\t\t\t\tfor='g208-email' class=\"grunion-field-label email\" >E-mail<span class=\"grunion-label-required\" aria-hidden=\"true\">(required)<\/span><\/label>\n<input\n\t\t\t\t\ttype='email'\n\t\t\t\t\tname='g208-email'\n\t\t\t\t\tid='g208-email'\n\t\t\t\t\tvalue=''\n\n\t\t\t\t\tdata-wp-bind--aria-invalid='state.fieldHasErrors'\n\t\t\t\t\tdata-wp-bind--value='state.getFieldValue'\n\t\t\t\t\taria-errormessage='g208-email-email-error-message'\n\t\t\t\t\tdata-wp-on--input='actions.onFieldChange'\n\t\t\t\t\tdata-wp-on--blur='actions.onFieldBlur'\n\t\t\t\t\tdata-wp-class--has-value='state.hasFieldValue'\n\n\t\t\t\t\tclass='email  grunion-field' \n\t\t\t\t\trequired='true' aria-required='true'  \/>\n \n\t\t\t<div id=\"g208-email-email-error\" class=\"contact-form__input-error\" data-wp-class--has-errors=\"state.fieldHasErrors\">\n\t\t\t\t<span class=\"contact-form__warning-icon\">\n\t\t\t\t\t<svg width=\"16\" height=\"16\" viewBox=\"0 0 16 16\" fill=\"none\" xmlns=\"http:\/\/www.w3.org\/2000\/svg\">\n\t\t\t\t\t\t<path d=\"M8.50015 11.6402H7.50015V10.6402H8.50015V11.6402Z\" \/>\n\t\t\t\t\t\t<path d=\"M7.50015 9.64018H8.50015V6.30684H7.50015V9.64018Z\" \/>\n\t\t\t\t\t\t<path fill-rule=\"evenodd\" clip-rule=\"evenodd\" d=\"M6.98331 3.0947C7.42933 2.30177 8.57096 2.30177 9.01698 3.09469L13.8771 11.7349C14.3145 12.5126 13.7525 13.4735 12.8602 13.4735H3.14004C2.24774 13.4735 1.68575 12.5126 2.12321 11.7349L6.98331 3.0947ZM8.14541 3.58496C8.08169 3.47168 7.9186 3.47168 7.85488 3.58496L2.99478 12.2251C2.93229 12.3362 3.01257 12.4735 3.14004 12.4735H12.8602C12.9877 12.4735 13.068 12.3362 13.0055 12.2251L8.14541 3.58496Z\" \/>\n\t\t\t\t\t<\/svg>\n\t\t\t\t\t<span class=\"visually-hidden\">Warning<\/span>\n\t\t\t\t<\/span>\n\t\t\t\t<span data-wp-text=\"state.errorMessage\" id=\"g208-email-email-error-message\" role=\"alert\" aria-live=\"assertive\"><\/span>\n\t\t\t<\/div> \n\t<\/div>\n\n<div style=\"\"  data-wp-interactive=\"jetpack\/form\" data-wp-context='{\"fieldId\":\"g208-wiadomo\",\"fieldType\":\"textarea\",\"fieldLabel\":\"Wiadomo\\u015b\\u0107\",\"fieldValue\":\"\",\"fieldPlaceholder\":\"\",\"fieldIsRequired\":\"\",\"fieldErrorMessage\":\"\",\"fieldExtra\":[],\"formHash\":\"e577fd321fcba874d99974747470a6af8a4b93f0\"}'  class='grunion-field-textarea-wrap grunion-field-wrap'  data-wp-init='callbacks.initializeField' data-wp-on--jetpack-form-reset='callbacks.initializeField' >\n<label\n\t\t\t\tfor='contact-form-comment-g208-wiadomo' class=\"grunion-field-label textarea\" >Wiadomo\u015b\u0107<\/label>\n<textarea\n\t\t                style=''\n\t\t                name='g208-wiadomo'\n\t\t                id='contact-form-comment-g208-wiadomo'\n\t\t                rows='20'\n\t\t\t\t\t\tdata-wp-text='state.getFieldValue'\n\t\t\t\t\t\tdata-wp-on--input='actions.onFieldChange'\n\t\t\t\t\t\tdata-wp-on--blur='actions.onFieldBlur'\n\t\t\t\t\t\tdata-wp-class--has-value='state.hasFieldValue'\n\t\t\t\t\t\tdata-wp-bind--aria-invalid='state.fieldHasErrors'\n\t\t\t\t\t\taria-errormessage='g208-wiadomo-textarea-error-message'\n\t\t\t\t\t\tclass='textarea  grunion-field'  ><\/textarea>\n \n\t\t\t<div id=\"g208-wiadomo-textarea-error\" class=\"contact-form__input-error\" data-wp-class--has-errors=\"state.fieldHasErrors\">\n\t\t\t\t<span class=\"contact-form__warning-icon\">\n\t\t\t\t\t<svg width=\"16\" height=\"16\" viewBox=\"0 0 16 16\" fill=\"none\" xmlns=\"http:\/\/www.w3.org\/2000\/svg\">\n\t\t\t\t\t\t<path d=\"M8.50015 11.6402H7.50015V10.6402H8.50015V11.6402Z\" \/>\n\t\t\t\t\t\t<path d=\"M7.50015 9.64018H8.50015V6.30684H7.50015V9.64018Z\" \/>\n\t\t\t\t\t\t<path fill-rule=\"evenodd\" clip-rule=\"evenodd\" d=\"M6.98331 3.0947C7.42933 2.30177 8.57096 2.30177 9.01698 3.09469L13.8771 11.7349C14.3145 12.5126 13.7525 13.4735 12.8602 13.4735H3.14004C2.24774 13.4735 1.68575 12.5126 2.12321 11.7349L6.98331 3.0947ZM8.14541 3.58496C8.08169 3.47168 7.9186 3.47168 7.85488 3.58496L2.99478 12.2251C2.93229 12.3362 3.01257 12.4735 3.14004 12.4735H12.8602C12.9877 12.4735 13.068 12.3362 13.0055 12.2251L8.14541 3.58496Z\" \/>\n\t\t\t\t\t<\/svg>\n\t\t\t\t\t<span class=\"visually-hidden\">Warning<\/span>\n\t\t\t\t<\/span>\n\t\t\t\t<span data-wp-text=\"state.errorMessage\" id=\"g208-wiadomo-textarea-error-message\" role=\"alert\" aria-live=\"assertive\"><\/span>\n\t\t\t<\/div>\n\t<\/div>\n\t<p class='contact-submit'>\n<div class=\"contact-form__error\" data-wp-class--show-errors=\"state.showFormErrors\"><span class=\"contact-form__warning-icon\"><span class=\"visually-hidden\">Warning.<\/span><i aria-hidden=\"true\"><\/i><\/span>\n\t\t\t\t<span data-wp-text=\"state.getFormErrorMessage\"><\/span>\n\t\t\t\t<ul>\n\t\t\t\t<template data-wp-each=\"state.getErrorList\" data-wp-key=\"context.item.id\">\n\t\t\t\t\t<li><a data-wp-bind--href=\"context.item.anchor\" data-wp-on--click=\"actions.scrollIntoView\" data-wp-text=\"context.item.label\"><\/a><\/li>\n\t\t\t\t<\/template>\n\t\t\t\t<\/ul><\/div><div class=\"contact-form__error\" data-wp-class--show-errors=\"state.showSubmissionError\" data-wp-text=\"context.submissionError\"><\/div>\t\t<button type='submit' class='pushbutton-wide'>Submit<\/button>\t\t<input type='hidden' name='contact-form-id' value='208' \/>\n\t\t<input type='hidden' name='action' value='grunion-contact-form' \/>\n\t\t<input type='hidden' name='contact-form-hash' value='e577fd321fcba874d99974747470a6af8a4b93f0' \/>\n\t<\/p>\n<\/form>\n<\/div>\n<\/div>\n<\/div>\n<\/div>\n<div class=\"elementor-element elementor-element-6eec289f e-con-full e-flex e-con e-child\" data-id=\"6eec289f\" data-element_type=\"container\">\n<div class=\"elementor-element elementor-element-b8b3c99 elementor-widget elementor-widget-wd_text_block\" data-id=\"b8b3c99\" data-element_type=\"widget\" data-widget_type=\"wd_text_block.default\">\n<div class=\"elementor-widget-container\"><\/div>\n<\/div>\n<\/div>\n","protected":false},"excerpt":{"rendered":"<table>\n<tbody>\n<tr>\n<td><img decoding=\"async\" class=\"alignnone wp-image-1750\" src=\"https:\/\/mandewood.lt\/wp-content\/uploads\/2022\/12\/1-2-300x300.png\" alt=\"\" width=\"30\" height=\"30\" \/><span dir=\"auto\">\u00a0 Przeznaczony dla 4-6 os\u00f3b<\/span><\/td>\n<\/tr>\n<tr>\n<td><img decoding=\"async\" class=\"alignnone wp-image-1754\" src=\"https:\/\/mandewood.lt\/wp-content\/uploads\/2022\/12\/Dizainas-be-pavadinimo-60-300x300.png\" alt=\"\" width=\"30\" height=\"30\" \/><span dir=\"auto\">\u00a0\u00a0Wymiary zewn\u0119trzne \u2013 d\u0142ugo\u015b\u0107 230 cm, szeroko\u015b\u0107 315 cm, wysoko\u015b\u0107 245 cm<\/span><\/td>\n<\/tr>\n<tr>\n<td><img decoding=\"async\" class=\"alignnone wp-image-1754\" src=\"https:\/\/mandewood.lt\/wp-content\/uploads\/2022\/12\/Dizainas-be-pavadinimo-60-300x300.png\" alt=\"\" width=\"30\" height=\"30\" \/><span dir=\"auto\">\u00a0\u00a0Wymiary wewn\u0119trzne \u2013 d\u0142ugo\u015b\u0107 206 cm, szeroko\u015b\u0107 200 cm<\/span><\/td>\n<\/tr>\n<tr>\n<td><img decoding=\"async\" class=\"alignnone wp-image-1754\" src=\"https:\/\/mandewood.lt\/wp-content\/uploads\/2022\/12\/Dizainas-be-pavadinimo-60-300x300.png\" alt=\"\" width=\"30\" height=\"30\" \/><span dir=\"auto\">\u00a0\u00a0Strefa prysznicowa \u2013 szeroko\u015b\u0107 80 cm<\/span><\/td>\n<\/tr>\n<\/tbody>\n<\/table>\n<p data-start=\"270\" data-end=\"403\">\n","protected":false},"featured_media":138,"template":"","meta":[],"product_brand":[],"product_cat":[19,18],"product_tag":[],"class_list":{"0":"post-208","1":"product","2":"type-product","3":"status-publish","4":"has-post-thumbnail","6":"product_cat-sauny-izolowane-lux","7":"product_cat-sauny-ogrodowe","9":"first","10":"instock","11":"shipping-taxable","12":"purchasable","13":"product-type-simple"},"jetpack_sharing_enabled":true,"_links":{"self":[{"href":"https:\/\/revioboxsauna.pl\/index.php?rest_route=\/wp\/v2\/product\/208","targetHints":{"allow":["GET"]}}],"collection":[{"href":"https:\/\/revioboxsauna.pl\/index.php?rest_route=\/wp\/v2\/product"}],"about":[{"href":"https:\/\/revioboxsauna.pl\/index.php?rest_route=\/wp\/v2\/types\/product"}],"wp:featuredmedia":[{"embeddable":true,"href":"https:\/\/revioboxsauna.pl\/index.php?rest_route=\/wp\/v2\/media\/138"}],"wp:attachment":[{"href":"https:\/\/revioboxsauna.pl\/index.php?rest_route=%2Fwp%2Fv2%2Fmedia&parent=208"}],"wp:term":[{"taxonomy":"product_brand","embeddable":true,"href":"https:\/\/revioboxsauna.pl\/index.php?rest_route=%2Fwp%2Fv2%2Fproduct_brand&post=208"},{"taxonomy":"product_cat","embeddable":true,"href":"https:\/\/revioboxsauna.pl\/index.php?rest_route=%2Fwp%2Fv2%2Fproduct_cat&post=208"},{"taxonomy":"product_tag","embeddable":true,"href":"https:\/\/revioboxsauna.pl\/index.php?rest_route=%2Fwp%2Fv2%2Fproduct_tag&post=208"}],"curies":[{"name":"wp","href":"https:\/\/api.w.org\/{rel}","templated":true}]}}