{"id":489,"date":"2026-02-08T13:16:14","date_gmt":"2026-02-08T12:16:14","guid":{"rendered":"https:\/\/revioboxsauna.pl\/?page_id=489"},"modified":"2026-02-08T15:42:22","modified_gmt":"2026-02-08T14:42:22","slug":"kontakt","status":"publish","type":"page","link":"https:\/\/revioboxsauna.pl\/?page_id=489","title":{"rendered":"Kontakt"},"content":{"rendered":"<div class=\"wp-block-jetpack-contact-form\"><a href=\"https:\/\/revioboxsauna.pl\/?page_id=489\" target=\"_blank\" rel=\"noopener noreferrer\">Submit a form.<\/a><\/div>\n\n\n<h5 class=\"wp-block-heading\">Informacje o dostawie<\/h5>\n\n\n\n<p>Po skompletowaniu zam\u00f3wienia, termin dostawy zostanie uzgodniony z klientem. Dostarczymy zam\u00f3wienie bezpiecznym transportem firmowym, wi\u0119c nie musisz si\u0119 martwi\u0107 o transport towaru.<\/p>\n\n\n\n<p><strong>Koszt dostawy nie jest wliczony w cen\u0119 towaru.<\/strong><br>Koszt dostawy ustalany jest indywidualnie z ka\u017cdym klientem. Im wi\u0119cej produkt\u00f3w zam\u00f3wisz, tym ni\u017cszy b\u0119dzie koszt wysy\u0142ki.<\/p>\n\n\n\n<p>W razie pyta\u0144 prosimy o kontakt telefoniczny pod numerem&nbsp;<strong>+48 570 494 894<\/strong>&nbsp;lub mailowy pod adresem&nbsp;<strong>biuro@revioboxsauna.pl<\/strong><\/p>\n\n\n\n<p><\/p>\n","protected":false},"excerpt":{"rendered":"<p>Informacje o dostawie Po skompletowaniu zam\u00f3wienia, termin dostawy zostanie uzgodniony z klientem. Dostarczymy zam\u00f3wienie bezpiecznym transportem firmowym, wi\u0119c nie musisz si\u0119 martwi\u0107 o transport towaru. Koszt dostawy nie jest wliczony w cen\u0119 towaru.Koszt dostawy ustalany jest indywidualnie z ka\u017cdym klientem. Im wi\u0119cej produkt\u00f3w zam\u00f3wisz, tym ni\u017cszy b\u0119dzie koszt wysy\u0142ki. W razie pyta\u0144 prosimy o kontakt [&hellip;]<\/p>\n","protected":false},"author":1,"featured_media":0,"parent":0,"menu_order":0,"comment_status":"closed","ping_status":"closed","template":"","meta":{"footnotes":""},"class_list":["post-489","page","type-page","status-publish","hentry"],"jetpack_sharing_enabled":true,"_links":{"self":[{"href":"https:\/\/revioboxsauna.pl\/index.php?rest_route=\/wp\/v2\/pages\/489","targetHints":{"allow":["GET"]}}],"collection":[{"href":"https:\/\/revioboxsauna.pl\/index.php?rest_route=\/wp\/v2\/pages"}],"about":[{"href":"https:\/\/revioboxsauna.pl\/index.php?rest_route=\/wp\/v2\/types\/page"}],"author":[{"embeddable":true,"href":"https:\/\/revioboxsauna.pl\/index.php?rest_route=\/wp\/v2\/users\/1"}],"replies":[{"embeddable":true,"href":"https:\/\/revioboxsauna.pl\/index.php?rest_route=%2Fwp%2Fv2%2Fcomments&post=489"}],"version-history":[{"count":4,"href":"https:\/\/revioboxsauna.pl\/index.php?rest_route=\/wp\/v2\/pages\/489\/revisions"}],"predecessor-version":[{"id":512,"href":"https:\/\/revioboxsauna.pl\/index.php?rest_route=\/wp\/v2\/pages\/489\/revisions\/512"}],"wp:attachment":[{"href":"https:\/\/revioboxsauna.pl\/index.php?rest_route=%2Fwp%2Fv2%2Fmedia&parent=489"}],"curies":[{"name":"wp","href":"https:\/\/api.w.org\/{rel}","templated":true}]}}