{"id":146,"date":"2026-02-01T22:27:56","date_gmt":"2026-02-01T21:27:56","guid":{"rendered":"https:\/\/revioboxsauna.pl\/?page_id=146"},"modified":"2026-02-01T23:21:26","modified_gmt":"2026-02-01T22:21:26","slug":"koszyk","status":"publish","type":"page","link":"https:\/\/revioboxsauna.pl\/?page_id=146","title":{"rendered":"Koszyk"},"content":{"rendered":"\n<div data-block-name=\"woocommerce\/cart\" class=\"wp-block-woocommerce-cart alignwide is-loading\">\n<div data-block-name=\"woocommerce\/filled-cart-block\" class=\"wp-block-woocommerce-filled-cart-block\">\n<div data-block-name=\"woocommerce\/cart-items-block\" class=\"wp-block-woocommerce-cart-items-block\">\n<div data-block-name=\"woocommerce\/cart-line-items-block\" class=\"wp-block-woocommerce-cart-line-items-block\"><\/div>\n\n\n<\/div>\n\n\n\n\n<div data-block-name=\"woocommerce\/cart-totals-block\" class=\"wp-block-woocommerce-cart-totals-block\">\n<div data-block-name=\"woocommerce\/cart-order-summary-block\" class=\"wp-block-woocommerce-cart-order-summary-block\">\n<div data-block-name=\"woocommerce\/cart-order-summary-heading-block\" class=\"wp-block-woocommerce-cart-order-summary-heading-block\"><\/div><div data-block-name=\"woocommerce\/cart-order-summary-coupon-form-block\" class=\"wp-block-woocommerce-cart-order-summary-coupon-form-block\"><\/div><div data-block-name=\"woocommerce\/cart-order-summary-totals-block\" class=\"wp-block-woocommerce-cart-order-summary-totals-block\">\n<div data-block-name=\"woocommerce\/cart-order-summary-subtotal-block\" class=\"wp-block-woocommerce-cart-order-summary-subtotal-block\"><\/div>\n<div data-block-name=\"woocommerce\/cart-order-summary-discount-block\" class=\"wp-block-woocommerce-cart-order-summary-discount-block\"><\/div>\n<div data-block-name=\"woocommerce\/cart-order-summary-fee-block\" class=\"wp-block-woocommerce-cart-order-summary-fee-block\"><\/div>\n<div data-block-name=\"woocommerce\/cart-order-summary-shipping-block\" class=\"wp-block-woocommerce-cart-order-summary-shipping-block\"><\/div>\n<div data-block-name=\"woocommerce\/cart-order-summary-taxes-block\" class=\"wp-block-woocommerce-cart-order-summary-taxes-block\"><\/div><\/div>\n<\/div>\n\n\n\n<div data-block-name=\"woocommerce\/cart-express-payment-block\" class=\"wp-block-woocommerce-cart-express-payment-block\"><\/div>\n\n\n\n<div data-block-name=\"woocommerce\/proceed-to-checkout-block\" class=\"wp-block-woocommerce-proceed-to-checkout-block\"><\/div>\n<div id=\"ppcp-recaptcha-v2-container\" style=\"margin:20px 0;\"><\/div>\n\n\n<div data-block-name=\"woocommerce\/cart-accepted-payment-methods-block\" class=\"wp-block-woocommerce-cart-accepted-payment-methods-block\"><\/div>\n<\/div>\n<\/div>\n\n\n\n<div data-block-name=\"woocommerce\/empty-cart-block\" class=\"wp-block-woocommerce-empty-cart-block\">\n<h2 class=\"wp-block-heading has-text-align-center with-empty-cart-icon wc-block-cart__empty-cart__title\">Tw\u00f3j koszyk jest obecnie pusty!<\/h2>\n\n\n\n<hr class=\"wp-block-separator has-alpha-channel-opacity is-style-dots\"\/>\n\n\n\n<h2 class=\"wp-block-heading has-text-align-center\">Nowe w sklepie<\/h2>\n\n\n<div data-block-name=\"woocommerce\/product-new\" data-columns=\"4\" data-rows=\"1\" class=\"wc-block-grid wp-block-product-new wp-block-woocommerce-product-new wc-block-product-new has-4-columns\"><ul class=\"wc-block-grid__products\"><li class=\"wc-block-grid__product\">\n\t\t\t\t<a href=\"https:\/\/revioboxsauna.pl\/?product=kwadratowa-245x245-cm\" class=\"wc-block-grid__product-link\">\n\t\t\t\t\t<div class=\"wc-block-grid__product-onsale\">\n\t\t\t<span aria-hidden=\"true\">Sale<\/span>\n\t\t\t<span class=\"screen-reader-text\">Product on sale<\/span>\n\t\t<\/div>\n\t\t\t\t\t<div class=\"wc-block-grid__product-image\"><img fetchpriority=\"high\" decoding=\"async\" width=\"300\" height=\"300\" src=\"https:\/\/revioboxsauna.pl\/wp-content\/uploads\/2026\/02\/Acrylic-square-hot-tub-integrated-heater-245\u00d7245-2-700x700-2-300x300.jpg\" class=\"attachment-woocommerce_thumbnail size-woocommerce_thumbnail\" alt=\"KWADRATOWA 245\u00d7245 CM\" srcset=\"https:\/\/revioboxsauna.pl\/wp-content\/uploads\/2026\/02\/Acrylic-square-hot-tub-integrated-heater-245\u00d7245-2-700x700-2-300x300.jpg 300w, https:\/\/revioboxsauna.pl\/wp-content\/uploads\/2026\/02\/Acrylic-square-hot-tub-integrated-heater-245\u00d7245-2-700x700-2-150x150.jpg 150w, https:\/\/revioboxsauna.pl\/wp-content\/uploads\/2026\/02\/Acrylic-square-hot-tub-integrated-heater-245\u00d7245-2-700x700-2-600x600.jpg 600w, https:\/\/revioboxsauna.pl\/wp-content\/uploads\/2026\/02\/Acrylic-square-hot-tub-integrated-heater-245\u00d7245-2-700x700-2-100x100.jpg 100w, https:\/\/revioboxsauna.pl\/wp-content\/uploads\/2026\/02\/Acrylic-square-hot-tub-integrated-heater-245\u00d7245-2-700x700-2.jpg 700w\" sizes=\"(max-width: 300px) 100vw, 300px\" \/><\/div>\n\t\t\t\t\t<div class=\"wc-block-grid__product-title\">KWADRATOWA 245\u00d7245 CM<\/div>\n\t\t\t\t<\/a>\n\t\t\t\t<div class=\"wc-block-grid__product-price price\"><del aria-hidden=\"true\"><span class=\"woocommerce-Price-amount amount\">15 800,00&nbsp;<span class=\"woocommerce-Price-currencySymbol\">&#122;&#322;<\/span><\/span><\/del> <span class=\"screen-reader-text\">Original price was: 15 800,00&nbsp;&#122;&#322;.<\/span><ins aria-hidden=\"true\"><span class=\"woocommerce-Price-amount amount\">14 900,00&nbsp;<span class=\"woocommerce-Price-currencySymbol\">&#122;&#322;<\/span><\/span><\/ins><span class=\"screen-reader-text\">Current price is: 14 900,00&nbsp;&#122;&#322;.<\/span><\/div>\n\t\t\t\t\n\t\t\t\t<div class=\"wp-block-button wc-block-grid__product-add-to-cart\"><a href=\"\/index.php?rest_route=%2Fwp%2Fv2%2Fpages%2F146&#038;add-to-cart=518\" aria-label=\"Add to cart: &ldquo;KWADRATOWA 245\u00d7245 CM&rdquo;\" data-quantity=\"1\" data-product_id=\"518\" data-product_sku=\"\" data-price=\"14900\" rel=\"nofollow\" class=\"wp-block-button__link  add_to_cart_button ajax_add_to_cart\">Add to cart<\/a><\/div>\n\t\t\t<\/li><li class=\"wc-block-grid__product\">\n\t\t\t\t<a href=\"https:\/\/revioboxsauna.pl\/?product=okragla-204x204\" class=\"wc-block-grid__product-link\">\n\t\t\t\t\t<div class=\"wc-block-grid__product-onsale\">\n\t\t\t<span aria-hidden=\"true\">Sale<\/span>\n\t\t\t<span class=\"screen-reader-text\">Product on sale<\/span>\n\t\t<\/div>\n\t\t\t\t\t<div class=\"wc-block-grid__product-image\"><img decoding=\"async\" width=\"300\" height=\"300\" src=\"https:\/\/revioboxsauna.pl\/wp-content\/uploads\/2026\/02\/Hot-tub-204x204-1-300x300.jpg\" class=\"attachment-woocommerce_thumbnail size-woocommerce_thumbnail\" alt=\"OKR\u0104G\u0141A 204\u00d7204 CM\" srcset=\"https:\/\/revioboxsauna.pl\/wp-content\/uploads\/2026\/02\/Hot-tub-204x204-1-300x300.jpg 300w, https:\/\/revioboxsauna.pl\/wp-content\/uploads\/2026\/02\/Hot-tub-204x204-1-1024x1024.jpg 1024w, https:\/\/revioboxsauna.pl\/wp-content\/uploads\/2026\/02\/Hot-tub-204x204-1-150x150.jpg 150w, https:\/\/revioboxsauna.pl\/wp-content\/uploads\/2026\/02\/Hot-tub-204x204-1-768x768.jpg 768w, https:\/\/revioboxsauna.pl\/wp-content\/uploads\/2026\/02\/Hot-tub-204x204-1-600x600.jpg 600w, https:\/\/revioboxsauna.pl\/wp-content\/uploads\/2026\/02\/Hot-tub-204x204-1-100x100.jpg 100w, https:\/\/revioboxsauna.pl\/wp-content\/uploads\/2026\/02\/Hot-tub-204x204-1.jpg 1080w\" sizes=\"(max-width: 300px) 100vw, 300px\" \/><\/div>\n\t\t\t\t\t<div class=\"wc-block-grid__product-title\">OKR\u0104G\u0141A 204\u00d7204 CM<\/div>\n\t\t\t\t<\/a>\n\t\t\t\t<div class=\"wc-block-grid__product-price price\"><del aria-hidden=\"true\"><span class=\"woocommerce-Price-amount amount\">6 200,00&nbsp;<span class=\"woocommerce-Price-currencySymbol\">&#122;&#322;<\/span><\/span><\/del> <span class=\"screen-reader-text\">Original price was: 6 200,00&nbsp;&#122;&#322;.<\/span><ins aria-hidden=\"true\"><span class=\"woocommerce-Price-amount amount\">5 900,00&nbsp;<span class=\"woocommerce-Price-currencySymbol\">&#122;&#322;<\/span><\/span><\/ins><span class=\"screen-reader-text\">Current price is: 5 900,00&nbsp;&#122;&#322;.<\/span><\/div>\n\t\t\t\t\n\t\t\t\t<div class=\"wp-block-button wc-block-grid__product-add-to-cart\"><a href=\"\/index.php?rest_route=%2Fwp%2Fv2%2Fpages%2F146&#038;add-to-cart=513\" aria-label=\"Add to cart: &ldquo;OKR\u0104G\u0141A 204\u00d7204 CM&rdquo;\" data-quantity=\"1\" data-product_id=\"513\" data-product_sku=\"\" data-price=\"5900\" rel=\"nofollow\" class=\"wp-block-button__link  add_to_cart_button ajax_add_to_cart\">Add to cart<\/a><\/div>\n\t\t\t<\/li><li class=\"wc-block-grid__product\">\n\t\t\t\t<a href=\"https:\/\/revioboxsauna.pl\/?product=modul-sauna-240x250-thermowood\" class=\"wc-block-grid__product-link\">\n\t\t\t\t\t<div class=\"wc-block-grid__product-onsale\">\n\t\t\t<span aria-hidden=\"true\">Sale<\/span>\n\t\t\t<span class=\"screen-reader-text\">Product on sale<\/span>\n\t\t<\/div>\n\t\t\t\t\t<div class=\"wc-block-grid__product-image\"><img decoding=\"async\" width=\"300\" height=\"300\" src=\"https:\/\/revioboxsauna.pl\/wp-content\/uploads\/2026\/02\/ModulSauna-240\u00d7250-\u2013-Thermo-wood-33-800x800-1-300x300.jpg\" class=\"attachment-woocommerce_thumbnail size-woocommerce_thumbnail\" alt=\"Modul 240\u00d7250\" srcset=\"https:\/\/revioboxsauna.pl\/wp-content\/uploads\/2026\/02\/ModulSauna-240\u00d7250-\u2013-Thermo-wood-33-800x800-1-300x300.jpg 300w, https:\/\/revioboxsauna.pl\/wp-content\/uploads\/2026\/02\/ModulSauna-240\u00d7250-\u2013-Thermo-wood-33-800x800-1-150x150.jpg 150w, https:\/\/revioboxsauna.pl\/wp-content\/uploads\/2026\/02\/ModulSauna-240\u00d7250-\u2013-Thermo-wood-33-800x800-1-768x768.jpg 768w, https:\/\/revioboxsauna.pl\/wp-content\/uploads\/2026\/02\/ModulSauna-240\u00d7250-\u2013-Thermo-wood-33-800x800-1-600x600.jpg 600w, https:\/\/revioboxsauna.pl\/wp-content\/uploads\/2026\/02\/ModulSauna-240\u00d7250-\u2013-Thermo-wood-33-800x800-1-100x100.jpg 100w, https:\/\/revioboxsauna.pl\/wp-content\/uploads\/2026\/02\/ModulSauna-240\u00d7250-\u2013-Thermo-wood-33-800x800-1.jpg 800w\" sizes=\"(max-width: 300px) 100vw, 300px\" \/><\/div>\n\t\t\t\t\t<div class=\"wc-block-grid__product-title\">Modul 240\u00d7250<\/div>\n\t\t\t\t<\/a>\n\t\t\t\t<div class=\"wc-block-grid__product-price price\"><del aria-hidden=\"true\"><span class=\"woocommerce-Price-amount amount\">24 700,00&nbsp;<span class=\"woocommerce-Price-currencySymbol\">&#122;&#322;<\/span><\/span><\/del> <span class=\"screen-reader-text\">Original price was: 24 700,00&nbsp;&#122;&#322;.<\/span><ins aria-hidden=\"true\"><span class=\"woocommerce-Price-amount amount\">20 900,00&nbsp;<span class=\"woocommerce-Price-currencySymbol\">&#122;&#322;<\/span><\/span><\/ins><span class=\"screen-reader-text\">Current price is: 20 900,00&nbsp;&#122;&#322;.<\/span><\/div>\n\t\t\t\t\n\t\t\t\t<div class=\"wp-block-button wc-block-grid__product-add-to-cart\"><a href=\"\/index.php?rest_route=%2Fwp%2Fv2%2Fpages%2F146&#038;add-to-cart=476\" aria-label=\"Add to cart: &ldquo;Modul 240\u00d7250&rdquo;\" data-quantity=\"1\" data-product_id=\"476\" data-product_sku=\"\" data-price=\"20900\" rel=\"nofollow\" class=\"wp-block-button__link  add_to_cart_button ajax_add_to_cart\">Add to cart<\/a><\/div>\n\t\t\t<\/li><li class=\"wc-block-grid__product\">\n\t\t\t\t<a href=\"https:\/\/revioboxsauna.pl\/?product=sauna-3-5m-cube-z-presauna\" class=\"wc-block-grid__product-link\">\n\t\t\t\t\t<div class=\"wc-block-grid__product-onsale\">\n\t\t\t<span aria-hidden=\"true\">Sale<\/span>\n\t\t\t<span class=\"screen-reader-text\">Product on sale<\/span>\n\t\t<\/div>\n\t\t\t\t\t<div class=\"wc-block-grid__product-image\"><img loading=\"lazy\" decoding=\"async\" width=\"300\" height=\"300\" src=\"https:\/\/revioboxsauna.pl\/wp-content\/uploads\/2026\/02\/3.5M-CUBE-sauna-with-pre-sauna-1-4-800x800-1-300x300.jpg\" class=\"attachment-woocommerce_thumbnail size-woocommerce_thumbnail\" alt=\"CUBE  3.5M\" srcset=\"https:\/\/revioboxsauna.pl\/wp-content\/uploads\/2026\/02\/3.5M-CUBE-sauna-with-pre-sauna-1-4-800x800-1-300x300.jpg 300w, https:\/\/revioboxsauna.pl\/wp-content\/uploads\/2026\/02\/3.5M-CUBE-sauna-with-pre-sauna-1-4-800x800-1-150x150.jpg 150w, https:\/\/revioboxsauna.pl\/wp-content\/uploads\/2026\/02\/3.5M-CUBE-sauna-with-pre-sauna-1-4-800x800-1-768x768.jpg 768w, https:\/\/revioboxsauna.pl\/wp-content\/uploads\/2026\/02\/3.5M-CUBE-sauna-with-pre-sauna-1-4-800x800-1-600x600.jpg 600w, https:\/\/revioboxsauna.pl\/wp-content\/uploads\/2026\/02\/3.5M-CUBE-sauna-with-pre-sauna-1-4-800x800-1-100x100.jpg 100w, https:\/\/revioboxsauna.pl\/wp-content\/uploads\/2026\/02\/3.5M-CUBE-sauna-with-pre-sauna-1-4-800x800-1.jpg 800w\" sizes=\"(max-width: 300px) 100vw, 300px\" \/><\/div>\n\t\t\t\t\t<div class=\"wc-block-grid__product-title\">CUBE  3.5M<\/div>\n\t\t\t\t<\/a>\n\t\t\t\t<div class=\"wc-block-grid__product-price price\"><del aria-hidden=\"true\"><span class=\"woocommerce-Price-amount amount\">22 900,00&nbsp;<span class=\"woocommerce-Price-currencySymbol\">&#122;&#322;<\/span><\/span><\/del> <span class=\"screen-reader-text\">Original price was: 22 900,00&nbsp;&#122;&#322;.<\/span><ins aria-hidden=\"true\"><span class=\"woocommerce-Price-amount amount\">17 800,00&nbsp;<span class=\"woocommerce-Price-currencySymbol\">&#122;&#322;<\/span><\/span><\/ins><span class=\"screen-reader-text\">Current price is: 17 800,00&nbsp;&#122;&#322;.<\/span><\/div>\n\t\t\t\t\n\t\t\t\t<div class=\"wp-block-button wc-block-grid__product-add-to-cart\"><a href=\"\/index.php?rest_route=%2Fwp%2Fv2%2Fpages%2F146&#038;add-to-cart=468\" aria-label=\"Add to cart: &ldquo;CUBE  3.5M&rdquo;\" data-quantity=\"1\" data-product_id=\"468\" data-product_sku=\"\" data-price=\"17800\" rel=\"nofollow\" class=\"wp-block-button__link  add_to_cart_button ajax_add_to_cart\">Add to cart<\/a><\/div>\n\t\t\t<\/li><\/ul><\/div><\/div>\n<\/div>\n","protected":false},"excerpt":{"rendered":"","protected":false},"author":1,"featured_media":0,"parent":0,"menu_order":0,"comment_status":"closed","ping_status":"closed","template":"","meta":{"footnotes":""},"class_list":["post-146","page","type-page","status-publish","hentry"],"jetpack_sharing_enabled":true,"_links":{"self":[{"href":"https:\/\/revioboxsauna.pl\/index.php?rest_route=\/wp\/v2\/pages\/146","targetHints":{"allow":["GET"]}}],"collection":[{"href":"https:\/\/revioboxsauna.pl\/index.php?rest_route=\/wp\/v2\/pages"}],"about":[{"href":"https:\/\/revioboxsauna.pl\/index.php?rest_route=\/wp\/v2\/types\/page"}],"author":[{"embeddable":true,"href":"https:\/\/revioboxsauna.pl\/index.php?rest_route=\/wp\/v2\/users\/1"}],"replies":[{"embeddable":true,"href":"https:\/\/revioboxsauna.pl\/index.php?rest_route=%2Fwp%2Fv2%2Fcomments&post=146"}],"version-history":[{"count":1,"href":"https:\/\/revioboxsauna.pl\/index.php?rest_route=\/wp\/v2\/pages\/146\/revisions"}],"predecessor-version":[{"id":226,"href":"https:\/\/revioboxsauna.pl\/index.php?rest_route=\/wp\/v2\/pages\/146\/revisions\/226"}],"wp:attachment":[{"href":"https:\/\/revioboxsauna.pl\/index.php?rest_route=%2Fwp%2Fv2%2Fmedia&parent=146"}],"curies":[{"name":"wp","href":"https:\/\/api.w.org\/{rel}","templated":true}]}}